{"id":1186,"date":"2013-06-24T13:41:36","date_gmt":"2013-06-24T11:41:36","guid":{"rendered":"http:\/\/www.thebigband.at\/?page_id=1186"},"modified":"2013-06-24T13:41:36","modified_gmt":"2013-06-24T11:41:36","slug":"siegmar-brecher","status":"publish","type":"page","link":"https:\/\/www.bbdw.at\/?page_id=1186","title":{"rendered":"Siegmar Brecher"},"content":{"rendered":"<p><a href=\"http:\/\/neu.bbdw.at\/wp-content\/uploads\/2013\/06\/siegmar_brecher.jpg\"><img loading=\"lazy\" decoding=\"async\" src=\"http:\/\/neu.bbdw.at\/wp-content\/uploads\/2013\/06\/siegmar_brecher.jpg\" alt=\"Siegmar Brecher\" width=\"177\" height=\"284\" \/><\/a><\/p>\n<p>Siegmar Brecher begann ab 2000 das Studium des Jazzsaxophons an der der Kunstuniversit\u00e4t Graz, das er 2007 abschloss. 2009 folgte dann der Abschluss des zus\u00e4tzlichen p\u00e4dagogischen Studiums IGP Saxophon-Jazz. (Quelle: <a href=\"http:\/\/www.siegmar-brecher.com\/de\/bio\">http:\/\/www.siegmar-brecher.com\/de\/bio<\/a>).<\/p>\n<p style=\"text-align: left;\">Ab\u00a0September 2013 \u00fcbernahm er die Leitung\u00a0von<br \/>\nThe\u00a0Big Band Deutsch-Wagram.<\/p>\n<p style=\"text-align: left;\"><strong>Externe Links:<\/strong><a href=\"http:\/\/www.siegmar-brecher.com\/\"><br \/>\nhttp:\/\/www.siegmar-brecher.com\/<\/a><\/p>\n<p>&nbsp;<\/p>\n","protected":false},"excerpt":{"rendered":"<p>Siegmar Brecher begann ab 2000 das Studium des Jazzsaxophons an der der Kunstuniversit\u00e4t Graz, das er 2007 abschloss. 2009 folgte dann der Abschluss des zus\u00e4tzlichen p\u00e4dagogischen Studiums IGP Saxophon-Jazz. (Quelle: http:\/\/www.siegmar-brecher.com\/de\/bio). Ab\u00a0September 2013 \u00fcbernahm er die Leitung\u00a0von The\u00a0Big Band Deutsch-Wagram. Externe Links: http:\/\/www.siegmar-brecher.com\/ &nbsp;<\/p>\n","protected":false},"author":2,"featured_media":0,"parent":1193,"menu_order":1,"comment_status":"open","ping_status":"open","template":"","meta":{"footnotes":""},"class_list":["post-1186","page","type-page","status-publish","hentry"],"_links":{"self":[{"href":"https:\/\/www.bbdw.at\/index.php?rest_route=\/wp\/v2\/pages\/1186","targetHints":{"allow":["GET"]}}],"collection":[{"href":"https:\/\/www.bbdw.at\/index.php?rest_route=\/wp\/v2\/pages"}],"about":[{"href":"https:\/\/www.bbdw.at\/index.php?rest_route=\/wp\/v2\/types\/page"}],"author":[{"embeddable":true,"href":"https:\/\/www.bbdw.at\/index.php?rest_route=\/wp\/v2\/users\/2"}],"replies":[{"embeddable":true,"href":"https:\/\/www.bbdw.at\/index.php?rest_route=%2Fwp%2Fv2%2Fcomments&post=1186"}],"version-history":[{"count":0,"href":"https:\/\/www.bbdw.at\/index.php?rest_route=\/wp\/v2\/pages\/1186\/revisions"}],"up":[{"embeddable":true,"href":"https:\/\/www.bbdw.at\/index.php?rest_route=\/wp\/v2\/pages\/1193"}],"wp:attachment":[{"href":"https:\/\/www.bbdw.at\/index.php?rest_route=%2Fwp%2Fv2%2Fmedia&parent=1186"}],"curies":[{"name":"wp","href":"https:\/\/api.w.org\/{rel}","templated":true}]}}