{"id":1230,"date":"2013-07-08T10:52:07","date_gmt":"2013-07-08T08:52:07","guid":{"rendered":"http:\/\/www.thebigband.at\/?page_id=1230"},"modified":"2013-07-08T10:52:07","modified_gmt":"2013-07-08T08:52:07","slug":"benefizkonzert-im-volkshaus-deutsch-wagram","status":"publish","type":"page","link":"https:\/\/www.bbdw.at\/?page_id=1230","title":{"rendered":"Benefizkonzert im Volkshaus D.-Wagram"},"content":{"rendered":"<p>Am 7. Juli 2013 konnten wir bei einem ganz speziellen Benefiz-Konzert zugusten von Hochwasser-Gesch\u00e4digten in Nieder\u00f6sterreich mitwirken. Organisiert von Hr. J\u00fcrgen Egermeier traten neben der Big Band Deutsch-Wagram auch das <a href=\"http:\/\/www.blo.at\" target=\"_blank\">Blasorchester<\/a> gemeinsam mit dem <a title=\"Musikverein Deutsch-Wagram\" href=\"http:\/\/www.mvdw.at\/\" target=\"_blank\">Musikverein Deutsch-Wagram<\/a>, die Solo-Sopran S\u00e4ngerin Anna Buchal, Svatava Kaufmann, Sieglinde Weiner und Horst Olek, der <a title=\"Stadttheaterverein Deutsch-Wagram\" href=\"http:\/\/www.stadttheaterverein.at\/\" target=\"_blank\">Stadttheater-Verein<\/a>, der <a title=\"Gesangsverein &quot;S\u00e4ngerbund&quot; Deutsch-Wagram\" href=\"http:\/\/www.chor-dw.at\/\" target=\"_blank\">Gesangsverein S\u00e4ngerbund<\/a>, der Regenbogen-Chor Aderklaa, die Tanzgruppe <a title=\"Belly Dance\" href=\"http:\/\/www.durrdana.com\" target=\"_blank\">Fahima<\/a> und die Band <a title=\"CR\u00c6SH\" href=\"http:\/\/www.craesh.at\/concerts\/2013\/07-07-benefizkonzert-dw\/\" target=\"_blank\">CR\u00c6SH<\/a> auf.<\/p>\n<p>-&gt; <a href=\"http:\/\/neu.bbdw.at\/wp-content\/uploads\/2013\/07\/20130707_benefiz-konzert.pdf\">Plakat vom Benefizkonzert<\/a><\/p>\n<div id='gallery-1' class='gallery galleryid-1230 gallery-columns-4 gallery-size-thumbnail'><figure class='gallery-item'>\n\t\t\t<div class='gallery-icon landscape'>\n\t\t\t\t<a href='https:\/\/www.bbdw.at\/?attachment_id=1225'><img loading=\"lazy\" decoding=\"async\" width=\"150\" height=\"150\" src=\"https:\/\/www.bbdw.at\/wp-content\/uploads\/2013\/07\/DSC_0473-150x150.jpg\" class=\"attachment-thumbnail size-thumbnail\" alt=\"\" srcset=\"https:\/\/www.bbdw.at\/wp-content\/uploads\/2013\/07\/DSC_0473-150x150.jpg 150w, https:\/\/www.bbdw.at\/wp-content\/uploads\/2013\/07\/DSC_0473-100x100.jpg 100w\" sizes=\"auto, (max-width: 150px) 100vw, 150px\" \/><\/a>\n\t\t\t<\/div><\/figure><figure class='gallery-item'>\n\t\t\t<div class='gallery-icon portrait'>\n\t\t\t\t<a href='https:\/\/www.bbdw.at\/?attachment_id=1229'><img loading=\"lazy\" decoding=\"async\" width=\"150\" height=\"150\" src=\"https:\/\/www.bbdw.at\/wp-content\/uploads\/2013\/07\/DSC_0486-150x150.jpg\" class=\"attachment-thumbnail size-thumbnail\" alt=\"\" srcset=\"https:\/\/www.bbdw.at\/wp-content\/uploads\/2013\/07\/DSC_0486-150x150.jpg 150w, https:\/\/www.bbdw.at\/wp-content\/uploads\/2013\/07\/DSC_0486-100x100.jpg 100w\" sizes=\"auto, (max-width: 150px) 100vw, 150px\" \/><\/a>\n\t\t\t<\/div><\/figure><figure class='gallery-item'>\n\t\t\t<div class='gallery-icon portrait'>\n\t\t\t\t<a href='https:\/\/www.bbdw.at\/?attachment_id=1228'><img loading=\"lazy\" decoding=\"async\" width=\"150\" height=\"150\" src=\"https:\/\/www.bbdw.at\/wp-content\/uploads\/2013\/07\/DSC_0484-150x150.jpg\" class=\"attachment-thumbnail size-thumbnail\" alt=\"\" srcset=\"https:\/\/www.bbdw.at\/wp-content\/uploads\/2013\/07\/DSC_0484-150x150.jpg 150w, https:\/\/www.bbdw.at\/wp-content\/uploads\/2013\/07\/DSC_0484-100x100.jpg 100w\" sizes=\"auto, (max-width: 150px) 100vw, 150px\" \/><\/a>\n\t\t\t<\/div><\/figure><figure class='gallery-item'>\n\t\t\t<div class='gallery-icon portrait'>\n\t\t\t\t<a href='https:\/\/www.bbdw.at\/?attachment_id=1227'><img loading=\"lazy\" decoding=\"async\" width=\"150\" height=\"150\" src=\"https:\/\/www.bbdw.at\/wp-content\/uploads\/2013\/07\/DSC_0481-150x150.jpg\" class=\"attachment-thumbnail size-thumbnail\" alt=\"\" srcset=\"https:\/\/www.bbdw.at\/wp-content\/uploads\/2013\/07\/DSC_0481-150x150.jpg 150w, https:\/\/www.bbdw.at\/wp-content\/uploads\/2013\/07\/DSC_0481-100x100.jpg 100w\" sizes=\"auto, (max-width: 150px) 100vw, 150px\" \/><\/a>\n\t\t\t<\/div><\/figure><figure class='gallery-item'>\n\t\t\t<div class='gallery-icon portrait'>\n\t\t\t\t<a href='https:\/\/www.bbdw.at\/?attachment_id=1222'><img loading=\"lazy\" decoding=\"async\" width=\"150\" height=\"150\" src=\"https:\/\/www.bbdw.at\/wp-content\/uploads\/2013\/07\/DSC_0464-150x150.jpg\" class=\"attachment-thumbnail size-thumbnail\" alt=\"\" srcset=\"https:\/\/www.bbdw.at\/wp-content\/uploads\/2013\/07\/DSC_0464-150x150.jpg 150w, https:\/\/www.bbdw.at\/wp-content\/uploads\/2013\/07\/DSC_0464-100x100.jpg 100w\" sizes=\"auto, (max-width: 150px) 100vw, 150px\" \/><\/a>\n\t\t\t<\/div><\/figure><figure class='gallery-item'>\n\t\t\t<div class='gallery-icon portrait'>\n\t\t\t\t<a href='https:\/\/www.bbdw.at\/?attachment_id=1221'><img loading=\"lazy\" decoding=\"async\" width=\"150\" height=\"150\" src=\"https:\/\/www.bbdw.at\/wp-content\/uploads\/2013\/07\/DSC_0462-150x150.jpg\" class=\"attachment-thumbnail size-thumbnail\" alt=\"\" srcset=\"https:\/\/www.bbdw.at\/wp-content\/uploads\/2013\/07\/DSC_0462-150x150.jpg 150w, https:\/\/www.bbdw.at\/wp-content\/uploads\/2013\/07\/DSC_0462-100x100.jpg 100w\" sizes=\"auto, (max-width: 150px) 100vw, 150px\" \/><\/a>\n\t\t\t<\/div><\/figure><figure class='gallery-item'>\n\t\t\t<div class='gallery-icon portrait'>\n\t\t\t\t<a href='https:\/\/www.bbdw.at\/?attachment_id=1226'><img loading=\"lazy\" decoding=\"async\" width=\"150\" height=\"150\" src=\"https:\/\/www.bbdw.at\/wp-content\/uploads\/2013\/07\/DSC_0479-150x150.jpg\" class=\"attachment-thumbnail size-thumbnail\" alt=\"\" srcset=\"https:\/\/www.bbdw.at\/wp-content\/uploads\/2013\/07\/DSC_0479-150x150.jpg 150w, https:\/\/www.bbdw.at\/wp-content\/uploads\/2013\/07\/DSC_0479-100x100.jpg 100w\" sizes=\"auto, (max-width: 150px) 100vw, 150px\" \/><\/a>\n\t\t\t<\/div><\/figure><figure class='gallery-item'>\n\t\t\t<div class='gallery-icon portrait'>\n\t\t\t\t<a href='https:\/\/www.bbdw.at\/?attachment_id=1220'><img loading=\"lazy\" decoding=\"async\" width=\"150\" height=\"150\" src=\"https:\/\/www.bbdw.at\/wp-content\/uploads\/2013\/07\/DSC_0459-150x150.jpg\" class=\"attachment-thumbnail size-thumbnail\" alt=\"\" srcset=\"https:\/\/www.bbdw.at\/wp-content\/uploads\/2013\/07\/DSC_0459-150x150.jpg 150w, https:\/\/www.bbdw.at\/wp-content\/uploads\/2013\/07\/DSC_0459-100x100.jpg 100w\" sizes=\"auto, (max-width: 150px) 100vw, 150px\" \/><\/a>\n\t\t\t<\/div><\/figure><figure class='gallery-item'>\n\t\t\t<div class='gallery-icon landscape'>\n\t\t\t\t<a href='https:\/\/www.bbdw.at\/?attachment_id=1219'><img loading=\"lazy\" decoding=\"async\" width=\"150\" height=\"150\" src=\"https:\/\/www.bbdw.at\/wp-content\/uploads\/2013\/07\/DSC_0458-150x150.jpg\" class=\"attachment-thumbnail size-thumbnail\" alt=\"\" srcset=\"https:\/\/www.bbdw.at\/wp-content\/uploads\/2013\/07\/DSC_0458-150x150.jpg 150w, https:\/\/www.bbdw.at\/wp-content\/uploads\/2013\/07\/DSC_0458-100x100.jpg 100w\" sizes=\"auto, (max-width: 150px) 100vw, 150px\" \/><\/a>\n\t\t\t<\/div><\/figure><figure class='gallery-item'>\n\t\t\t<div class='gallery-icon landscape'>\n\t\t\t\t<a href='https:\/\/www.bbdw.at\/?attachment_id=1224'><img loading=\"lazy\" decoding=\"async\" width=\"150\" height=\"150\" src=\"https:\/\/www.bbdw.at\/wp-content\/uploads\/2013\/07\/DSC_0471-150x150.jpg\" class=\"attachment-thumbnail size-thumbnail\" alt=\"\" srcset=\"https:\/\/www.bbdw.at\/wp-content\/uploads\/2013\/07\/DSC_0471-150x150.jpg 150w, https:\/\/www.bbdw.at\/wp-content\/uploads\/2013\/07\/DSC_0471-100x100.jpg 100w\" sizes=\"auto, (max-width: 150px) 100vw, 150px\" \/><\/a>\n\t\t\t<\/div><\/figure><figure class='gallery-item'>\n\t\t\t<div class='gallery-icon landscape'>\n\t\t\t\t<a href='https:\/\/www.bbdw.at\/?attachment_id=1223'><img loading=\"lazy\" decoding=\"async\" width=\"150\" height=\"150\" src=\"https:\/\/www.bbdw.at\/wp-content\/uploads\/2013\/07\/DSC_0470-150x150.jpg\" class=\"attachment-thumbnail size-thumbnail\" alt=\"\" srcset=\"https:\/\/www.bbdw.at\/wp-content\/uploads\/2013\/07\/DSC_0470-150x150.jpg 150w, https:\/\/www.bbdw.at\/wp-content\/uploads\/2013\/07\/DSC_0470-100x100.jpg 100w\" sizes=\"auto, (max-width: 150px) 100vw, 150px\" \/><\/a>\n\t\t\t<\/div><\/figure><figure class='gallery-item'>\n\t\t\t<div class='gallery-icon landscape'>\n\t\t\t\t<a href='https:\/\/www.bbdw.at\/?attachment_id=1233'><img loading=\"lazy\" decoding=\"async\" width=\"150\" height=\"150\" src=\"https:\/\/www.bbdw.at\/wp-content\/uploads\/2013\/07\/DSC_0456-150x150.jpg\" class=\"attachment-thumbnail size-thumbnail\" alt=\"\" srcset=\"https:\/\/www.bbdw.at\/wp-content\/uploads\/2013\/07\/DSC_0456-150x150.jpg 150w, https:\/\/www.bbdw.at\/wp-content\/uploads\/2013\/07\/DSC_0456-100x100.jpg 100w\" sizes=\"auto, (max-width: 150px) 100vw, 150px\" \/><\/a>\n\t\t\t<\/div><\/figure>\n\t\t<\/div>\n\n<p>\u00a0<iframe loading=\"lazy\" src=\"\/\/www.youtube.com\/embed\/9F9OcaH89QI\" height=\"315\" width=\"560\" allowfullscreen=\"\" frameborder=\"0\"><\/iframe><\/p>\n","protected":false},"excerpt":{"rendered":"<p>Am 7. Juli 2013 konnten wir bei einem ganz speziellen Benefiz-Konzert zugusten von Hochwasser-Gesch\u00e4digten in Nieder\u00f6sterreich mitwirken. Organisiert von Hr. J\u00fcrgen Egermeier traten neben der Big Band Deutsch-Wagram auch das Blasorchester gemeinsam mit dem Musikverein Deutsch-Wagram, die Solo-Sopran S\u00e4ngerin Anna Buchal, Svatava Kaufmann, Sieglinde Weiner und Horst Olek, der Stadttheater-Verein, der Gesangsverein S\u00e4ngerbund, der Regenbogen-Chor &hellip; <a href=\"https:\/\/www.bbdw.at\/?page_id=1230\" class=\"more-link\"><span class=\"screen-reader-text\">Benefizkonzert im Volkshaus D.-Wagram<\/span> weiterlesen <span class=\"meta-nav\">&rarr;<\/span><\/a><\/p>\n","protected":false},"author":2,"featured_media":0,"parent":975,"menu_order":4,"comment_status":"open","ping_status":"open","template":"sidebar-page.php","meta":{"footnotes":""},"class_list":["post-1230","page","type-page","status-publish","hentry"],"_links":{"self":[{"href":"https:\/\/www.bbdw.at\/index.php?rest_route=\/wp\/v2\/pages\/1230","targetHints":{"allow":["GET"]}}],"collection":[{"href":"https:\/\/www.bbdw.at\/index.php?rest_route=\/wp\/v2\/pages"}],"about":[{"href":"https:\/\/www.bbdw.at\/index.php?rest_route=\/wp\/v2\/types\/page"}],"author":[{"embeddable":true,"href":"https:\/\/www.bbdw.at\/index.php?rest_route=\/wp\/v2\/users\/2"}],"replies":[{"embeddable":true,"href":"https:\/\/www.bbdw.at\/index.php?rest_route=%2Fwp%2Fv2%2Fcomments&post=1230"}],"version-history":[{"count":0,"href":"https:\/\/www.bbdw.at\/index.php?rest_route=\/wp\/v2\/pages\/1230\/revisions"}],"up":[{"embeddable":true,"href":"https:\/\/www.bbdw.at\/index.php?rest_route=\/wp\/v2\/pages\/975"}],"wp:attachment":[{"href":"https:\/\/www.bbdw.at\/index.php?rest_route=%2Fwp%2Fv2%2Fmedia&parent=1230"}],"curies":[{"name":"wp","href":"https:\/\/api.w.org\/{rel}","templated":true}]}}