{"id":125,"date":"2012-12-17T10:59:40","date_gmt":"2012-12-17T09:59:40","guid":{"rendered":"http:\/\/thebigband.pflaeging.net\/?page_id=125"},"modified":"2018-06-15T10:19:18","modified_gmt":"2018-06-15T08:19:18","slug":"infos","status":"publish","type":"page","link":"https:\/\/www.bbdw.at\/?page_id=125","title":{"rendered":"Infos"},"content":{"rendered":"<h1 style=\"text-align: left;\">\u00dcber &#8222;The Big Band Deutsch-Wagram&#8220;<\/h1>\n<p style=\"text-align: left;\">Die\u00a0mehr als zwanzig\u00a0Musiker von \u201eThe Big Band\u201c f\u00fchren quer durch die gro\u00dfe \u00c4ra des Swing, angefangen von Benny Goodman \u00fcber Count Basie, Duke Ellington bis hin zu George Gershwin.<br \/>\nStilistische Abstecher\u00a0zu Rock und Funk, aber auch zu jazzigen Weihnachtslieder, sorgen f\u00fcr ein abwechslungsreiches Programm.<\/p>\n<p style=\"text-align: left;\">Gegr\u00fcndet wurde &#8222;The Big Band&#8220; Im Schuljahr 2006\/07, am 11. Mai 2007 gab es das erste Konzert im prallgef\u00fcllten Saal der Musikschule.<br \/>\nMittlerweile ist die &#8222;The Big Band&#8220; der Musikschule fester Bestandteil im Kulturleben von Deutsch-Wagram, sei es beim j\u00e4hrlichen Konzert &#8222;Musik unter Sternen&#8220; im Garten der Musikschule, f\u00fcr Weihnachtsfeiern\u00a0oder im \u00f6rtlichen Volkshaus. Auch im Wiener Veranstaltungsbeisl &#8222;zum Selitsch&#8220;, auf dem Dach des BORG Deutsch-Wagram oder bei Pepi Helm&#8217;s 3er Wirt in Zwerndorf wurden erfolgreiche Auftritte absolviert.<\/p>\n<p style=\"text-align: left;\" align=\"center\">J\u00e4hrlich zieht sich die &#8222;The Big Band&#8220; \u00fcber ein Wochenende zur\u00fcck um intensiv zu Proben. Diese Camp-Erfahrungen sind nicht nur f\u00fcr die musikalische Weiterentwicklung und den Teamgeist, sondern auch immer f\u00fcr eine\u00a0lustige gemeinsame Zeit fernab vom Alltag bestens geeignet.<\/p>\n<p style=\"text-align: left;\" align=\"center\">Besonders stolz sind wir auf unsere im Dezember 2012 aufgenommene erste CD &#8222;The first step&#8220; und m\u00f6chten uns an dieser Stelle bei allen herzlich bedanken, die zu diesem Werk beigetragen haben.<\/p>\n<div id='gallery-1' class='gallery galleryid-125 gallery-columns-2 gallery-size-thumbnail'><figure class='gallery-item'>\n\t\t\t<div class='gallery-icon landscape'>\n\t\t\t\t<a href='https:\/\/www.bbdw.at\/?attachment_id=1205'><img loading=\"lazy\" decoding=\"async\" width=\"150\" height=\"150\" src=\"https:\/\/www.bbdw.at\/wp-content\/uploads\/2013\/06\/the_bigband_the_first_step_01-150x150.jpg\" class=\"attachment-thumbnail size-thumbnail\" alt=\"\" aria-describedby=\"gallery-1-1205\" srcset=\"https:\/\/www.bbdw.at\/wp-content\/uploads\/2013\/06\/the_bigband_the_first_step_01-150x150.jpg 150w, https:\/\/www.bbdw.at\/wp-content\/uploads\/2013\/06\/the_bigband_the_first_step_01-100x100.jpg 100w\" sizes=\"auto, (max-width: 150px) 100vw, 150px\" \/><\/a>\n\t\t\t<\/div>\n\t\t\t\t<figcaption class='wp-caption-text gallery-caption' id='gallery-1-1205'>\n\t\t\t\tCover &#8222;The First Step!&#8220;\n\t\t\t\t<\/figcaption><\/figure><figure class='gallery-item'>\n\t\t\t<div class='gallery-icon landscape'>\n\t\t\t\t<a href='https:\/\/www.bbdw.at\/?attachment_id=1207'><img loading=\"lazy\" decoding=\"async\" width=\"150\" height=\"150\" src=\"https:\/\/www.bbdw.at\/wp-content\/uploads\/2013\/06\/the_bigband_the_first_step_03-150x150.jpg\" class=\"attachment-thumbnail size-thumbnail\" alt=\"\" srcset=\"https:\/\/www.bbdw.at\/wp-content\/uploads\/2013\/06\/the_bigband_the_first_step_03-150x150.jpg 150w, https:\/\/www.bbdw.at\/wp-content\/uploads\/2013\/06\/the_bigband_the_first_step_03-100x100.jpg 100w\" sizes=\"auto, (max-width: 150px) 100vw, 150px\" \/><\/a>\n\t\t\t<\/div><\/figure>\n\t\t<\/div>\n\n","protected":false},"excerpt":{"rendered":"<p>\u00dcber &#8222;The Big Band Deutsch-Wagram&#8220; Die\u00a0mehr als zwanzig\u00a0Musiker von \u201eThe Big Band\u201c f\u00fchren quer durch die gro\u00dfe \u00c4ra des Swing, angefangen von Benny Goodman \u00fcber Count Basie, Duke Ellington bis hin zu George Gershwin. Stilistische Abstecher\u00a0zu Rock und Funk, aber auch zu jazzigen Weihnachtslieder, sorgen f\u00fcr ein abwechslungsreiches Programm. Gegr\u00fcndet wurde &#8222;The Big Band&#8220; Im &hellip; <a href=\"https:\/\/www.bbdw.at\/?page_id=125\" class=\"more-link\"><span class=\"screen-reader-text\">Infos<\/span> weiterlesen <span class=\"meta-nav\">&rarr;<\/span><\/a><\/p>\n","protected":false},"author":2,"featured_media":0,"parent":0,"menu_order":1,"comment_status":"open","ping_status":"open","template":"","meta":{"footnotes":""},"class_list":["post-125","page","type-page","status-publish","hentry"],"_links":{"self":[{"href":"https:\/\/www.bbdw.at\/index.php?rest_route=\/wp\/v2\/pages\/125","targetHints":{"allow":["GET"]}}],"collection":[{"href":"https:\/\/www.bbdw.at\/index.php?rest_route=\/wp\/v2\/pages"}],"about":[{"href":"https:\/\/www.bbdw.at\/index.php?rest_route=\/wp\/v2\/types\/page"}],"author":[{"embeddable":true,"href":"https:\/\/www.bbdw.at\/index.php?rest_route=\/wp\/v2\/users\/2"}],"replies":[{"embeddable":true,"href":"https:\/\/www.bbdw.at\/index.php?rest_route=%2Fwp%2Fv2%2Fcomments&post=125"}],"version-history":[{"count":2,"href":"https:\/\/www.bbdw.at\/index.php?rest_route=\/wp\/v2\/pages\/125\/revisions"}],"predecessor-version":[{"id":2338,"href":"https:\/\/www.bbdw.at\/index.php?rest_route=\/wp\/v2\/pages\/125\/revisions\/2338"}],"wp:attachment":[{"href":"https:\/\/www.bbdw.at\/index.php?rest_route=%2Fwp%2Fv2%2Fmedia&parent=125"}],"curies":[{"name":"wp","href":"https:\/\/api.w.org\/{rel}","templated":true}]}}