{"id":1366,"date":"2013-12-02T09:08:24","date_gmt":"2013-12-02T08:08:24","guid":{"rendered":"http:\/\/www.thebigband.at\/?page_id=1366"},"modified":"2013-12-02T09:08:24","modified_gmt":"2013-12-02T08:08:24","slug":"swingin-rockin-christmas","status":"publish","type":"page","link":"https:\/\/www.bbdw.at\/?page_id=1366","title":{"rendered":"Swingin&#8216; Rockin&#8216; Christmas"},"content":{"rendered":"<p>Der\u00a0erste Abend der Konzertreihe &#8222;Swingin&#8216; Rockin&#8216; Christmas&#8220; fand im sehr gut besuchten\u00a0Volkshaus Deutsch-Wagram statt und war ein Bombenerfolg! Unter der neuen Leitung und Moderation von\u00a0<a title=\"Siegmar Brecher\" href=\"http:\/\/www.siegmar-brecher.com\/\">Siegmar Brecher<\/a> und der \u00fcberw\u00e4ltigenden <a title=\"\u00c1ngela Tr\u00f6ndle\" href=\"http:\/\/www.angelatroendle.com\/home.html\">\u00c1ngela Tr\u00f6ndle<\/a> am Gesang wurde im ersten Teil\u00a0ein Programm aus swingenden Weihnachtsliedern im Stil von Count Basie\u00a0gemischt mit alten Jazz-Klassikern geboten. Ganz besonders ist die Weltpremiere von &#8222;<em>Don&#8217;t you know it&#8217;s true<\/em>&#8220; \u00fcber die B\u00fchne gefegt, eine CR\u00c6SH-Komposition von <a title=\"Jakob Crash Man Mayrhofer\" href=\"http:\/\/www.craesh.at\/\u00e6bout\/crash-man\/\">Jakob Crash Man Mayrhofer<\/a>, sensationell f\u00fcr\u00a0die Big Band arrangiert von unserem ersten Trompeter <a title=\"Bernhard Glatz\" href=\"http:\/\/www.thebigband.at\/musiker\/trompeten\/bernhard-glatz\/\">Bernhard Glatz<\/a>.<br \/>\nBei dieser Konzertreihe teilen wir uns die B\u00fchne mit den rock&#8217;n&#8217;rollenden Herren von <a title=\"Leo &amp; the Rockmonsters\" href=\"http:\/\/www.rockmonsters.at\/rm\/index.htm\">Leo &amp; the Rockmonsters<\/a> mit <a title=\"Tscharlie Rosenmayer\" href=\"http:\/\/www.thebigband.at\/musiker\/leitung\/leitung\/\">Tscharlie Rosenmayer <\/a>am Schlagzeug. So wurde bei unserem\u00a0ersten gemeinsamen Abend im zweiten Teil noch ordentlich das Tanzbein geschwungen und der Advent mit einigen Boogies begr\u00fc\u00dft.<\/p>\n<div id='gallery-1' class='gallery galleryid-1366 gallery-columns-3 gallery-size-thumbnail'><figure class='gallery-item'>\n\t\t\t<div class='gallery-icon portrait'>\n\t\t\t\t<a href='https:\/\/www.bbdw.at\/?attachment_id=1308'><img loading=\"lazy\" decoding=\"async\" width=\"150\" height=\"150\" src=\"https:\/\/www.bbdw.at\/wp-content\/uploads\/2013\/09\/20131130_Plakat_SwinginRockinChristmas_small-150x150.jpg\" class=\"attachment-thumbnail size-thumbnail\" alt=\"\" aria-describedby=\"gallery-1-1308\" srcset=\"https:\/\/www.bbdw.at\/wp-content\/uploads\/2013\/09\/20131130_Plakat_SwinginRockinChristmas_small-150x150.jpg 150w, https:\/\/www.bbdw.at\/wp-content\/uploads\/2013\/09\/20131130_Plakat_SwinginRockinChristmas_small-100x100.jpg 100w\" sizes=\"auto, (max-width: 150px) 100vw, 150px\" \/><\/a>\n\t\t\t<\/div>\n\t\t\t\t<figcaption class='wp-caption-text gallery-caption' id='gallery-1-1308'>\n\t\t\t\tSwingin&#8216; Rockin&#8216; Christmas Flyer\n\t\t\t\t<\/figcaption><\/figure><figure class='gallery-item'>\n\t\t\t<div class='gallery-icon landscape'>\n\t\t\t\t<a href='https:\/\/www.bbdw.at\/?attachment_id=1345'><img loading=\"lazy\" decoding=\"async\" width=\"150\" height=\"150\" src=\"https:\/\/www.bbdw.at\/wp-content\/uploads\/2013\/12\/20131130_bigband_deutsch-wagram_volkshaus-150x150.jpg\" class=\"attachment-thumbnail size-thumbnail\" alt=\"\" aria-describedby=\"gallery-1-1345\" srcset=\"https:\/\/www.bbdw.at\/wp-content\/uploads\/2013\/12\/20131130_bigband_deutsch-wagram_volkshaus-150x150.jpg 150w, https:\/\/www.bbdw.at\/wp-content\/uploads\/2013\/12\/20131130_bigband_deutsch-wagram_volkshaus-100x100.jpg 100w\" sizes=\"auto, (max-width: 150px) 100vw, 150px\" \/><\/a>\n\t\t\t<\/div>\n\t\t\t\t<figcaption class='wp-caption-text gallery-caption' id='gallery-1-1345'>\n\t\t\t\tThe Big Band-Deutsch-Wagram\n\t\t\t\t<\/figcaption><\/figure><figure class='gallery-item'>\n\t\t\t<div class='gallery-icon portrait'>\n\t\t\t\t<a href='https:\/\/www.bbdw.at\/?attachment_id=1359'><img loading=\"lazy\" decoding=\"async\" width=\"150\" height=\"150\" src=\"https:\/\/www.bbdw.at\/wp-content\/uploads\/2013\/12\/20131130_bigband_deutsch-wagram_volkshaus_robert_baumgartner-150x150.jpg\" class=\"attachment-thumbnail size-thumbnail\" alt=\"\" aria-describedby=\"gallery-1-1359\" srcset=\"https:\/\/www.bbdw.at\/wp-content\/uploads\/2013\/12\/20131130_bigband_deutsch-wagram_volkshaus_robert_baumgartner-150x150.jpg 150w, https:\/\/www.bbdw.at\/wp-content\/uploads\/2013\/12\/20131130_bigband_deutsch-wagram_volkshaus_robert_baumgartner-100x100.jpg 100w\" sizes=\"auto, (max-width: 150px) 100vw, 150px\" \/><\/a>\n\t\t\t<\/div>\n\t\t\t\t<figcaption class='wp-caption-text gallery-caption' id='gallery-1-1359'>\n\t\t\t\tRobert Baumgartner\n\t\t\t\t<\/figcaption><\/figure><figure class='gallery-item'>\n\t\t\t<div class='gallery-icon landscape'>\n\t\t\t\t<a href='https:\/\/www.bbdw.at\/?attachment_id=1358'><img loading=\"lazy\" decoding=\"async\" width=\"150\" height=\"150\" src=\"https:\/\/www.bbdw.at\/wp-content\/uploads\/2013\/12\/20131130_bigband_deutsch-wagram_volkshaus_bernhard_phil_schneider-150x150.jpg\" class=\"attachment-thumbnail size-thumbnail\" alt=\"\" aria-describedby=\"gallery-1-1358\" srcset=\"https:\/\/www.bbdw.at\/wp-content\/uploads\/2013\/12\/20131130_bigband_deutsch-wagram_volkshaus_bernhard_phil_schneider-150x150.jpg 150w, https:\/\/www.bbdw.at\/wp-content\/uploads\/2013\/12\/20131130_bigband_deutsch-wagram_volkshaus_bernhard_phil_schneider-100x100.jpg 100w\" sizes=\"auto, (max-width: 150px) 100vw, 150px\" \/><\/a>\n\t\t\t<\/div>\n\t\t\t\t<figcaption class='wp-caption-text gallery-caption' id='gallery-1-1358'>\n\t\t\t\tBernhard Phil Schneider\n\t\t\t\t<\/figcaption><\/figure><figure class='gallery-item'>\n\t\t\t<div class='gallery-icon landscape'>\n\t\t\t\t<a href='https:\/\/www.bbdw.at\/?attachment_id=1357'><img loading=\"lazy\" decoding=\"async\" width=\"150\" height=\"150\" src=\"https:\/\/www.bbdw.at\/wp-content\/uploads\/2013\/12\/20131130_bigband_deutsch-wagram_volkshaus_siegmar_brecher-150x150.jpg\" class=\"attachment-thumbnail size-thumbnail\" alt=\"\" aria-describedby=\"gallery-1-1357\" srcset=\"https:\/\/www.bbdw.at\/wp-content\/uploads\/2013\/12\/20131130_bigband_deutsch-wagram_volkshaus_siegmar_brecher-150x150.jpg 150w, https:\/\/www.bbdw.at\/wp-content\/uploads\/2013\/12\/20131130_bigband_deutsch-wagram_volkshaus_siegmar_brecher-100x100.jpg 100w\" sizes=\"auto, (max-width: 150px) 100vw, 150px\" \/><\/a>\n\t\t\t<\/div>\n\t\t\t\t<figcaption class='wp-caption-text gallery-caption' id='gallery-1-1357'>\n\t\t\t\tSiegmar Brecher\n\t\t\t\t<\/figcaption><\/figure><figure class='gallery-item'>\n\t\t\t<div class='gallery-icon landscape'>\n\t\t\t\t<a href='https:\/\/www.bbdw.at\/?attachment_id=1350'><img loading=\"lazy\" decoding=\"async\" width=\"150\" height=\"150\" src=\"https:\/\/www.bbdw.at\/wp-content\/uploads\/2013\/12\/20131130_bigband_deutsch-wagram_volkshaus_bb_u_angela_2-150x150.jpg\" class=\"attachment-thumbnail size-thumbnail\" alt=\"\" aria-describedby=\"gallery-1-1350\" srcset=\"https:\/\/www.bbdw.at\/wp-content\/uploads\/2013\/12\/20131130_bigband_deutsch-wagram_volkshaus_bb_u_angela_2-150x150.jpg 150w, https:\/\/www.bbdw.at\/wp-content\/uploads\/2013\/12\/20131130_bigband_deutsch-wagram_volkshaus_bb_u_angela_2-100x100.jpg 100w\" sizes=\"auto, (max-width: 150px) 100vw, 150px\" \/><\/a>\n\t\t\t<\/div>\n\t\t\t\t<figcaption class='wp-caption-text gallery-caption' id='gallery-1-1350'>\n\t\t\t\tThe Big Band Deutsch-Wagram\n\t\t\t\t<\/figcaption><\/figure><figure class='gallery-item'>\n\t\t\t<div class='gallery-icon landscape'>\n\t\t\t\t<a href='https:\/\/www.bbdw.at\/?attachment_id=1351'><img loading=\"lazy\" decoding=\"async\" width=\"150\" height=\"150\" src=\"https:\/\/www.bbdw.at\/wp-content\/uploads\/2013\/12\/20131130_bigband_deutsch-wagram_volkshaus_craesh-150x150.jpg\" class=\"attachment-thumbnail size-thumbnail\" alt=\"\" aria-describedby=\"gallery-1-1351\" srcset=\"https:\/\/www.bbdw.at\/wp-content\/uploads\/2013\/12\/20131130_bigband_deutsch-wagram_volkshaus_craesh-150x150.jpg 150w, https:\/\/www.bbdw.at\/wp-content\/uploads\/2013\/12\/20131130_bigband_deutsch-wagram_volkshaus_craesh-100x100.jpg 100w\" sizes=\"auto, (max-width: 150px) 100vw, 150px\" \/><\/a>\n\t\t\t<\/div>\n\t\t\t\t<figcaption class='wp-caption-text gallery-caption' id='gallery-1-1351'>\n\t\t\t\t&#8222;Don&#8217;t you know it&#8217;s true&#8220;\n\t\t\t\t<\/figcaption><\/figure><figure class='gallery-item'>\n\t\t\t<div class='gallery-icon landscape'>\n\t\t\t\t<a href='https:\/\/www.bbdw.at\/?attachment_id=1349'><img loading=\"lazy\" decoding=\"async\" width=\"150\" height=\"150\" src=\"https:\/\/www.bbdw.at\/wp-content\/uploads\/2013\/12\/20131130_bigband_deutsch-wagram_volkshaus_bb_u_angela-150x150.jpg\" class=\"attachment-thumbnail size-thumbnail\" alt=\"\" aria-describedby=\"gallery-1-1349\" srcset=\"https:\/\/www.bbdw.at\/wp-content\/uploads\/2013\/12\/20131130_bigband_deutsch-wagram_volkshaus_bb_u_angela-150x150.jpg 150w, https:\/\/www.bbdw.at\/wp-content\/uploads\/2013\/12\/20131130_bigband_deutsch-wagram_volkshaus_bb_u_angela-100x100.jpg 100w\" sizes=\"auto, (max-width: 150px) 100vw, 150px\" \/><\/a>\n\t\t\t<\/div>\n\t\t\t\t<figcaption class='wp-caption-text gallery-caption' id='gallery-1-1349'>\n\t\t\t\t\u00c1ngela Tr\u00f6ndle\n\t\t\t\t<\/figcaption><\/figure><figure class='gallery-item'>\n\t\t\t<div class='gallery-icon portrait'>\n\t\t\t\t<a href='https:\/\/www.bbdw.at\/?attachment_id=1347'><img loading=\"lazy\" decoding=\"async\" width=\"150\" height=\"150\" src=\"https:\/\/www.bbdw.at\/wp-content\/uploads\/2013\/12\/20131130_bigband_deutsch-wagram_volkshaus_angela_tr\u00f6ndle-150x150.jpg\" class=\"attachment-thumbnail size-thumbnail\" alt=\"\" aria-describedby=\"gallery-1-1347\" srcset=\"https:\/\/www.bbdw.at\/wp-content\/uploads\/2013\/12\/20131130_bigband_deutsch-wagram_volkshaus_angela_tr\u00f6ndle-150x150.jpg 150w, https:\/\/www.bbdw.at\/wp-content\/uploads\/2013\/12\/20131130_bigband_deutsch-wagram_volkshaus_angela_tr\u00f6ndle-100x100.jpg 100w\" sizes=\"auto, (max-width: 150px) 100vw, 150px\" \/><\/a>\n\t\t\t<\/div>\n\t\t\t\t<figcaption class='wp-caption-text gallery-caption' id='gallery-1-1347'>\n\t\t\t\t\u00c1ngela Tr\u00f6ndle\n\t\t\t\t<\/figcaption><\/figure><figure class='gallery-item'>\n\t\t\t<div class='gallery-icon landscape'>\n\t\t\t\t<a href='https:\/\/www.bbdw.at\/?attachment_id=1348'><img loading=\"lazy\" decoding=\"async\" width=\"150\" height=\"150\" src=\"https:\/\/www.bbdw.at\/wp-content\/uploads\/2013\/12\/20131130_bigband_deutsch-wagram_volkshaus_bb-150x150.jpg\" class=\"attachment-thumbnail size-thumbnail\" alt=\"\" aria-describedby=\"gallery-1-1348\" srcset=\"https:\/\/www.bbdw.at\/wp-content\/uploads\/2013\/12\/20131130_bigband_deutsch-wagram_volkshaus_bb-150x150.jpg 150w, https:\/\/www.bbdw.at\/wp-content\/uploads\/2013\/12\/20131130_bigband_deutsch-wagram_volkshaus_bb-100x100.jpg 100w\" sizes=\"auto, (max-width: 150px) 100vw, 150px\" \/><\/a>\n\t\t\t<\/div>\n\t\t\t\t<figcaption class='wp-caption-text gallery-caption' id='gallery-1-1348'>\n\t\t\t\tThe Big Band Deutsch-Wagram\n\t\t\t\t<\/figcaption><\/figure><figure class='gallery-item'>\n\t\t\t<div class='gallery-icon landscape'>\n\t\t\t\t<a href='https:\/\/www.bbdw.at\/?attachment_id=1353'><img loading=\"lazy\" decoding=\"async\" width=\"150\" height=\"150\" src=\"https:\/\/www.bbdw.at\/wp-content\/uploads\/2013\/12\/20131130_bigband_deutsch-wagram_volkshaus_gruppenfoto_2-150x150.jpg\" class=\"attachment-thumbnail size-thumbnail\" alt=\"\" aria-describedby=\"gallery-1-1353\" srcset=\"https:\/\/www.bbdw.at\/wp-content\/uploads\/2013\/12\/20131130_bigband_deutsch-wagram_volkshaus_gruppenfoto_2-150x150.jpg 150w, https:\/\/www.bbdw.at\/wp-content\/uploads\/2013\/12\/20131130_bigband_deutsch-wagram_volkshaus_gruppenfoto_2-100x100.jpg 100w\" sizes=\"auto, (max-width: 150px) 100vw, 150px\" \/><\/a>\n\t\t\t<\/div>\n\t\t\t\t<figcaption class='wp-caption-text gallery-caption' id='gallery-1-1353'>\n\t\t\t\tmit den Rockmonsters \n\t\t\t\t<\/figcaption><\/figure><figure class='gallery-item'>\n\t\t\t<div class='gallery-icon landscape'>\n\t\t\t\t<a href='https:\/\/www.bbdw.at\/?attachment_id=1354'><img loading=\"lazy\" decoding=\"async\" width=\"150\" height=\"150\" src=\"https:\/\/www.bbdw.at\/wp-content\/uploads\/2013\/12\/20131130_bigband_deutsch-wagram_volkshaus_gruppenfoto_3-150x150.jpg\" class=\"attachment-thumbnail size-thumbnail\" alt=\"\" aria-describedby=\"gallery-1-1354\" srcset=\"https:\/\/www.bbdw.at\/wp-content\/uploads\/2013\/12\/20131130_bigband_deutsch-wagram_volkshaus_gruppenfoto_3-150x150.jpg 150w, https:\/\/www.bbdw.at\/wp-content\/uploads\/2013\/12\/20131130_bigband_deutsch-wagram_volkshaus_gruppenfoto_3-100x100.jpg 100w\" sizes=\"auto, (max-width: 150px) 100vw, 150px\" \/><\/a>\n\t\t\t<\/div>\n\t\t\t\t<figcaption class='wp-caption-text gallery-caption' id='gallery-1-1354'>\n\t\t\t\tmit den Rockmonsters \n\t\t\t\t<\/figcaption><\/figure><figure class='gallery-item'>\n\t\t\t<div class='gallery-icon landscape'>\n\t\t\t\t<a href='https:\/\/www.bbdw.at\/?attachment_id=1352'><img loading=\"lazy\" decoding=\"async\" width=\"150\" height=\"150\" src=\"https:\/\/www.bbdw.at\/wp-content\/uploads\/2013\/12\/20131130_bigband_deutsch-wagram_volkshaus_gruppenfoto_1-150x150.jpg\" class=\"attachment-thumbnail size-thumbnail\" alt=\"\" aria-describedby=\"gallery-1-1352\" srcset=\"https:\/\/www.bbdw.at\/wp-content\/uploads\/2013\/12\/20131130_bigband_deutsch-wagram_volkshaus_gruppenfoto_1-150x150.jpg 150w, https:\/\/www.bbdw.at\/wp-content\/uploads\/2013\/12\/20131130_bigband_deutsch-wagram_volkshaus_gruppenfoto_1-100x100.jpg 100w\" sizes=\"auto, (max-width: 150px) 100vw, 150px\" \/><\/a>\n\t\t\t<\/div>\n\t\t\t\t<figcaption class='wp-caption-text gallery-caption' id='gallery-1-1352'>\n\t\t\t\tMonika, Erich &#038; Gudrun\n\t\t\t\t<\/figcaption><\/figure><figure class='gallery-item'>\n\t\t\t<div class='gallery-icon landscape'>\n\t\t\t\t<a href='https:\/\/www.bbdw.at\/?attachment_id=1346'><img loading=\"lazy\" decoding=\"async\" width=\"150\" height=\"150\" src=\"https:\/\/www.bbdw.at\/wp-content\/uploads\/2013\/12\/20131130_bigband_deutsch-wagram_volkshaus_2-150x150.jpg\" class=\"attachment-thumbnail size-thumbnail\" alt=\"\" aria-describedby=\"gallery-1-1346\" srcset=\"https:\/\/www.bbdw.at\/wp-content\/uploads\/2013\/12\/20131130_bigband_deutsch-wagram_volkshaus_2-150x150.jpg 150w, https:\/\/www.bbdw.at\/wp-content\/uploads\/2013\/12\/20131130_bigband_deutsch-wagram_volkshaus_2-100x100.jpg 100w\" sizes=\"auto, (max-width: 150px) 100vw, 150px\" \/><\/a>\n\t\t\t<\/div>\n\t\t\t\t<figcaption class='wp-caption-text gallery-caption' id='gallery-1-1346'>\n\t\t\t\tLeo &#038; The Rockmonsters\n\t\t\t\t<\/figcaption><\/figure><figure class='gallery-item'>\n\t\t\t<div class='gallery-icon portrait'>\n\t\t\t\t<a href='https:\/\/www.bbdw.at\/?attachment_id=1433'><img loading=\"lazy\" decoding=\"async\" width=\"150\" height=\"150\" src=\"https:\/\/www.bbdw.at\/wp-content\/uploads\/2013\/12\/20131130_bezirksblatt-artikel-bbdw-150x150.jpg\" class=\"attachment-thumbnail size-thumbnail\" alt=\"\" srcset=\"https:\/\/www.bbdw.at\/wp-content\/uploads\/2013\/12\/20131130_bezirksblatt-artikel-bbdw-150x150.jpg 150w, https:\/\/www.bbdw.at\/wp-content\/uploads\/2013\/12\/20131130_bezirksblatt-artikel-bbdw-100x100.jpg 100w\" sizes=\"auto, (max-width: 150px) 100vw, 150px\" \/><\/a>\n\t\t\t<\/div><\/figure>\n\t\t<\/div>\n\n","protected":false},"excerpt":{"rendered":"<p>Der\u00a0erste Abend der Konzertreihe &#8222;Swingin&#8216; Rockin&#8216; Christmas&#8220; fand im sehr gut besuchten\u00a0Volkshaus Deutsch-Wagram statt und war ein Bombenerfolg! Unter der neuen Leitung und Moderation von\u00a0Siegmar Brecher und der \u00fcberw\u00e4ltigenden \u00c1ngela Tr\u00f6ndle am Gesang wurde im ersten Teil\u00a0ein Programm aus swingenden Weihnachtsliedern im Stil von Count Basie\u00a0gemischt mit alten Jazz-Klassikern geboten. Ganz besonders ist die Weltpremiere &hellip; <a href=\"https:\/\/www.bbdw.at\/?page_id=1366\" class=\"more-link\"><span class=\"screen-reader-text\">Swingin&#8216; Rockin&#8216; Christmas<\/span> weiterlesen <span class=\"meta-nav\">&rarr;<\/span><\/a><\/p>\n","protected":false},"author":2,"featured_media":0,"parent":975,"menu_order":5,"comment_status":"open","ping_status":"open","template":"sidebar-page.php","meta":{"footnotes":""},"class_list":["post-1366","page","type-page","status-publish","hentry"],"_links":{"self":[{"href":"https:\/\/www.bbdw.at\/index.php?rest_route=\/wp\/v2\/pages\/1366","targetHints":{"allow":["GET"]}}],"collection":[{"href":"https:\/\/www.bbdw.at\/index.php?rest_route=\/wp\/v2\/pages"}],"about":[{"href":"https:\/\/www.bbdw.at\/index.php?rest_route=\/wp\/v2\/types\/page"}],"author":[{"embeddable":true,"href":"https:\/\/www.bbdw.at\/index.php?rest_route=\/wp\/v2\/users\/2"}],"replies":[{"embeddable":true,"href":"https:\/\/www.bbdw.at\/index.php?rest_route=%2Fwp%2Fv2%2Fcomments&post=1366"}],"version-history":[{"count":0,"href":"https:\/\/www.bbdw.at\/index.php?rest_route=\/wp\/v2\/pages\/1366\/revisions"}],"up":[{"embeddable":true,"href":"https:\/\/www.bbdw.at\/index.php?rest_route=\/wp\/v2\/pages\/975"}],"wp:attachment":[{"href":"https:\/\/www.bbdw.at\/index.php?rest_route=%2Fwp%2Fv2%2Fmedia&parent=1366"}],"curies":[{"name":"wp","href":"https:\/\/api.w.org\/{rel}","templated":true}]}}