{"id":1536,"date":"2014-03-31T11:31:02","date_gmt":"2014-03-31T09:31:02","guid":{"rendered":"http:\/\/www.thebigband.at\/?page_id=1536"},"modified":"2014-03-31T11:31:02","modified_gmt":"2014-03-31T09:31:02","slug":"big-band-camp-2014","status":"publish","type":"page","link":"https:\/\/www.bbdw.at\/?page_id=1536","title":{"rendered":"Big Band Camp 2014"},"content":{"rendered":"<p><strong>Big Band Wochenende Payerbach vom 28. bis 30. M\u00e4rz 2014<\/strong><\/p>\n<p>Das diesj\u00e4hrige Probenwochenende verbrachten wir in Payerbach\u00a0im sch\u00f6nen Semmeringgebiert. Der Payerbacherhof verw\u00f6hnte uns mit seiner Infrastruktur, angefangen von schicken Zimmer,\u00a0einem ger\u00e4umigen Probesaal \u00fcber Sauna und Whirlpool bis zur sehr guten kulinarischen Versorgung. Erstmals wurde das Wochenende von unserem neuen musikalischen Leiter Siegmar Brecher gestaltet und die Schwerpunkte lagen auf einigen Count Basie Arrangements und neuen und alten\u00a0Gesangsst\u00fccken wie &#8222;But Not For Me&#8220; oder &#8222;The Lady Is A Tramp&#8220;. Besonders intensiv waren die Proben f\u00fcr Gershwin&#8217;s &#8222;Strike Up The Band&#8220; &#8211; einer Speed-Nummer, die so schnell ist, dass sich das Z\u00e4hlen bis 4 schon nicht mehr ausgeht. Aber auch Zawinuls &#8222;Merci, Merci, Merci&#8220; in der Buddy Rich Version erforderte all unsere Kr\u00e4fte.\u00a0Besonders bei diesen beiden Nummern werden weder das Publikum noch wir still sitzen k\u00f6nnen und wir freuen uns schon riesig\u00a0das neue Programm\u00a0vorstellen zu k\u00f6nnen.<\/p>\n<div id='gallery-1' class='gallery galleryid-1536 gallery-columns-3 gallery-size-thumbnail'><figure class='gallery-item'>\n\t\t\t<div class='gallery-icon landscape'>\n\t\t\t\t<a href='https:\/\/www.bbdw.at\/?attachment_id=1533'><img loading=\"lazy\" decoding=\"async\" width=\"150\" height=\"150\" src=\"https:\/\/www.bbdw.at\/wp-content\/uploads\/2014\/03\/DSC_1046-150x150.jpg\" class=\"attachment-thumbnail size-thumbnail\" alt=\"\" aria-describedby=\"gallery-1-1533\" srcset=\"https:\/\/www.bbdw.at\/wp-content\/uploads\/2014\/03\/DSC_1046-150x150.jpg 150w, https:\/\/www.bbdw.at\/wp-content\/uploads\/2014\/03\/DSC_1046-100x100.jpg 100w\" sizes=\"auto, (max-width: 150px) 100vw, 150px\" \/><\/a>\n\t\t\t<\/div>\n\t\t\t\t<figcaption class='wp-caption-text gallery-caption' id='gallery-1-1533'>\n\t\t\t\tThe Big Band Deutsch-Wagram\n\t\t\t\t<\/figcaption><\/figure><figure class='gallery-item'>\n\t\t\t<div class='gallery-icon landscape'>\n\t\t\t\t<a href='https:\/\/www.bbdw.at\/?attachment_id=1531'><img loading=\"lazy\" decoding=\"async\" width=\"150\" height=\"150\" src=\"https:\/\/www.bbdw.at\/wp-content\/uploads\/2014\/03\/BigBand2014-K-P-039-150x150.jpg\" class=\"attachment-thumbnail size-thumbnail\" alt=\"\" aria-describedby=\"gallery-1-1531\" srcset=\"https:\/\/www.bbdw.at\/wp-content\/uploads\/2014\/03\/BigBand2014-K-P-039-150x150.jpg 150w, https:\/\/www.bbdw.at\/wp-content\/uploads\/2014\/03\/BigBand2014-K-P-039-100x100.jpg 100w\" sizes=\"auto, (max-width: 150px) 100vw, 150px\" \/><\/a>\n\t\t\t<\/div>\n\t\t\t\t<figcaption class='wp-caption-text gallery-caption' id='gallery-1-1531'>\n\t\t\t\tmit Siegmar Brecher\n\t\t\t\t<\/figcaption><\/figure><figure class='gallery-item'>\n\t\t\t<div class='gallery-icon landscape'>\n\t\t\t\t<a href='https:\/\/www.bbdw.at\/?attachment_id=1557'><img loading=\"lazy\" decoding=\"async\" width=\"150\" height=\"150\" src=\"https:\/\/www.bbdw.at\/wp-content\/uploads\/2014\/04\/DSC_1020-150x150.jpg\" class=\"attachment-thumbnail size-thumbnail\" alt=\"\" aria-describedby=\"gallery-1-1557\" srcset=\"https:\/\/www.bbdw.at\/wp-content\/uploads\/2014\/04\/DSC_1020-150x150.jpg 150w, https:\/\/www.bbdw.at\/wp-content\/uploads\/2014\/04\/DSC_1020-100x100.jpg 100w\" sizes=\"auto, (max-width: 150px) 100vw, 150px\" \/><\/a>\n\t\t\t<\/div>\n\t\t\t\t<figcaption class='wp-caption-text gallery-caption' id='gallery-1-1557'>\n\t\t\t\tRaphael Schuster\n\t\t\t\t<\/figcaption><\/figure><figure class='gallery-item'>\n\t\t\t<div class='gallery-icon portrait'>\n\t\t\t\t<a href='https:\/\/www.bbdw.at\/?attachment_id=1566'><img loading=\"lazy\" decoding=\"async\" width=\"150\" height=\"150\" src=\"https:\/\/www.bbdw.at\/wp-content\/uploads\/2014\/04\/BigBand2014-K-P-244-150x150.jpg\" class=\"attachment-thumbnail size-thumbnail\" alt=\"\" aria-describedby=\"gallery-1-1566\" srcset=\"https:\/\/www.bbdw.at\/wp-content\/uploads\/2014\/04\/BigBand2014-K-P-244-150x150.jpg 150w, https:\/\/www.bbdw.at\/wp-content\/uploads\/2014\/04\/BigBand2014-K-P-244-100x100.jpg 100w\" sizes=\"auto, (max-width: 150px) 100vw, 150px\" \/><\/a>\n\t\t\t<\/div>\n\t\t\t\t<figcaption class='wp-caption-text gallery-caption' id='gallery-1-1566'>\n\t\t\t\trehearsal\n\t\t\t\t<\/figcaption><\/figure><figure class='gallery-item'>\n\t\t\t<div class='gallery-icon landscape'>\n\t\t\t\t<a href='https:\/\/www.bbdw.at\/?attachment_id=1565'><img loading=\"lazy\" decoding=\"async\" width=\"150\" height=\"150\" src=\"https:\/\/www.bbdw.at\/wp-content\/uploads\/2014\/04\/BigBand2014-K-P-225-150x150.jpg\" class=\"attachment-thumbnail size-thumbnail\" alt=\"\" aria-describedby=\"gallery-1-1565\" srcset=\"https:\/\/www.bbdw.at\/wp-content\/uploads\/2014\/04\/BigBand2014-K-P-225-150x150.jpg 150w, https:\/\/www.bbdw.at\/wp-content\/uploads\/2014\/04\/BigBand2014-K-P-225-100x100.jpg 100w\" sizes=\"auto, (max-width: 150px) 100vw, 150px\" \/><\/a>\n\t\t\t<\/div>\n\t\t\t\t<figcaption class='wp-caption-text gallery-caption' id='gallery-1-1565'>\n\t\t\t\trehearsal\n\t\t\t\t<\/figcaption><\/figure><figure class='gallery-item'>\n\t\t\t<div class='gallery-icon portrait'>\n\t\t\t\t<a href='https:\/\/www.bbdw.at\/?attachment_id=1564'><img loading=\"lazy\" decoding=\"async\" width=\"150\" height=\"150\" src=\"https:\/\/www.bbdw.at\/wp-content\/uploads\/2014\/04\/BigBand2014-K-P-171-150x150.jpg\" class=\"attachment-thumbnail size-thumbnail\" alt=\"\" aria-describedby=\"gallery-1-1564\" srcset=\"https:\/\/www.bbdw.at\/wp-content\/uploads\/2014\/04\/BigBand2014-K-P-171-150x150.jpg 150w, https:\/\/www.bbdw.at\/wp-content\/uploads\/2014\/04\/BigBand2014-K-P-171-100x100.jpg 100w\" sizes=\"auto, (max-width: 150px) 100vw, 150px\" \/><\/a>\n\t\t\t<\/div>\n\t\t\t\t<figcaption class='wp-caption-text gallery-caption' id='gallery-1-1564'>\n\t\t\t\tErwin Heumesser\n\t\t\t\t<\/figcaption><\/figure><figure class='gallery-item'>\n\t\t\t<div class='gallery-icon landscape'>\n\t\t\t\t<a href='https:\/\/www.bbdw.at\/?attachment_id=1561'><img loading=\"lazy\" decoding=\"async\" width=\"150\" height=\"150\" src=\"https:\/\/www.bbdw.at\/wp-content\/uploads\/2014\/04\/DSC_1106-150x150.jpg\" class=\"attachment-thumbnail size-thumbnail\" alt=\"\" aria-describedby=\"gallery-1-1561\" srcset=\"https:\/\/www.bbdw.at\/wp-content\/uploads\/2014\/04\/DSC_1106-150x150.jpg 150w, https:\/\/www.bbdw.at\/wp-content\/uploads\/2014\/04\/DSC_1106-100x100.jpg 100w\" sizes=\"auto, (max-width: 150px) 100vw, 150px\" \/><\/a>\n\t\t\t<\/div>\n\t\t\t\t<figcaption class='wp-caption-text gallery-caption' id='gallery-1-1561'>\n\t\t\t\tMichael Egermeier\n\t\t\t\t<\/figcaption><\/figure><figure class='gallery-item'>\n\t\t\t<div class='gallery-icon landscape'>\n\t\t\t\t<a href='https:\/\/www.bbdw.at\/?attachment_id=1560'><img loading=\"lazy\" decoding=\"async\" width=\"150\" height=\"150\" src=\"https:\/\/www.bbdw.at\/wp-content\/uploads\/2014\/04\/DSC_1095-150x150.jpg\" class=\"attachment-thumbnail size-thumbnail\" alt=\"\" aria-describedby=\"gallery-1-1560\" srcset=\"https:\/\/www.bbdw.at\/wp-content\/uploads\/2014\/04\/DSC_1095-150x150.jpg 150w, https:\/\/www.bbdw.at\/wp-content\/uploads\/2014\/04\/DSC_1095-100x100.jpg 100w\" sizes=\"auto, (max-width: 150px) 100vw, 150px\" \/><\/a>\n\t\t\t<\/div>\n\t\t\t\t<figcaption class='wp-caption-text gallery-caption' id='gallery-1-1560'>\n\t\t\t\tBrass mit Siegmar\n\t\t\t\t<\/figcaption><\/figure><figure class='gallery-item'>\n\t\t\t<div class='gallery-icon landscape'>\n\t\t\t\t<a href='https:\/\/www.bbdw.at\/?attachment_id=1559'><img loading=\"lazy\" decoding=\"async\" width=\"150\" height=\"150\" src=\"https:\/\/www.bbdw.at\/wp-content\/uploads\/2014\/04\/DSC_1087-150x150.jpg\" class=\"attachment-thumbnail size-thumbnail\" alt=\"\" aria-describedby=\"gallery-1-1559\" srcset=\"https:\/\/www.bbdw.at\/wp-content\/uploads\/2014\/04\/DSC_1087-150x150.jpg 150w, https:\/\/www.bbdw.at\/wp-content\/uploads\/2014\/04\/DSC_1087-100x100.jpg 100w\" sizes=\"auto, (max-width: 150px) 100vw, 150px\" \/><\/a>\n\t\t\t<\/div>\n\t\t\t\t<figcaption class='wp-caption-text gallery-caption' id='gallery-1-1559'>\n\t\t\t\tRythmusgruppe\n\t\t\t\t<\/figcaption><\/figure><figure class='gallery-item'>\n\t\t\t<div class='gallery-icon landscape'>\n\t\t\t\t<a href='https:\/\/www.bbdw.at\/?attachment_id=1556'><img loading=\"lazy\" decoding=\"async\" width=\"150\" height=\"150\" src=\"https:\/\/www.bbdw.at\/wp-content\/uploads\/2014\/04\/BigBand2014-K-P-308-150x150.jpg\" class=\"attachment-thumbnail size-thumbnail\" alt=\"\" aria-describedby=\"gallery-1-1556\" srcset=\"https:\/\/www.bbdw.at\/wp-content\/uploads\/2014\/04\/BigBand2014-K-P-308-150x150.jpg 150w, https:\/\/www.bbdw.at\/wp-content\/uploads\/2014\/04\/BigBand2014-K-P-308-100x100.jpg 100w\" sizes=\"auto, (max-width: 150px) 100vw, 150px\" \/><\/a>\n\t\t\t<\/div>\n\t\t\t\t<figcaption class='wp-caption-text gallery-caption' id='gallery-1-1556'>\n\t\t\t\tSaxophone\n\t\t\t\t<\/figcaption><\/figure><figure class='gallery-item'>\n\t\t\t<div class='gallery-icon landscape'>\n\t\t\t\t<a href='https:\/\/www.bbdw.at\/?attachment_id=1558'><img loading=\"lazy\" decoding=\"async\" width=\"150\" height=\"150\" src=\"https:\/\/www.bbdw.at\/wp-content\/uploads\/2014\/04\/DSC_1037-150x150.jpg\" class=\"attachment-thumbnail size-thumbnail\" alt=\"\" aria-describedby=\"gallery-1-1558\" srcset=\"https:\/\/www.bbdw.at\/wp-content\/uploads\/2014\/04\/DSC_1037-150x150.jpg 150w, https:\/\/www.bbdw.at\/wp-content\/uploads\/2014\/04\/DSC_1037-100x100.jpg 100w\" sizes=\"auto, (max-width: 150px) 100vw, 150px\" \/><\/a>\n\t\t\t<\/div>\n\t\t\t\t<figcaption class='wp-caption-text gallery-caption' id='gallery-1-1558'>\n\t\t\t\thavin fun\n\t\t\t\t<\/figcaption><\/figure><figure class='gallery-item'>\n\t\t\t<div class='gallery-icon landscape'>\n\t\t\t\t<a href='https:\/\/www.bbdw.at\/?attachment_id=1562'><img loading=\"lazy\" decoding=\"async\" width=\"150\" height=\"150\" src=\"https:\/\/www.bbdw.at\/wp-content\/uploads\/2014\/04\/DSC_1134-150x150.jpg\" class=\"attachment-thumbnail size-thumbnail\" alt=\"\" aria-describedby=\"gallery-1-1562\" srcset=\"https:\/\/www.bbdw.at\/wp-content\/uploads\/2014\/04\/DSC_1134-150x150.jpg 150w, https:\/\/www.bbdw.at\/wp-content\/uploads\/2014\/04\/DSC_1134-100x100.jpg 100w\" sizes=\"auto, (max-width: 150px) 100vw, 150px\" \/><\/a>\n\t\t\t<\/div>\n\t\t\t\t<figcaption class='wp-caption-text gallery-caption' id='gallery-1-1562'>\n\t\t\t\tVinothek\n\t\t\t\t<\/figcaption><\/figure>\n\t\t<\/div>\n\n<p>&nbsp;<\/p>\n","protected":false},"excerpt":{"rendered":"<p>Big Band Wochenende Payerbach vom 28. bis 30. M\u00e4rz 2014 Das diesj\u00e4hrige Probenwochenende verbrachten wir in Payerbach\u00a0im sch\u00f6nen Semmeringgebiert. Der Payerbacherhof verw\u00f6hnte uns mit seiner Infrastruktur, angefangen von schicken Zimmer,\u00a0einem ger\u00e4umigen Probesaal \u00fcber Sauna und Whirlpool bis zur sehr guten kulinarischen Versorgung. Erstmals wurde das Wochenende von unserem neuen musikalischen Leiter Siegmar Brecher gestaltet und &hellip; <a href=\"https:\/\/www.bbdw.at\/?page_id=1536\" class=\"more-link\"><span class=\"screen-reader-text\">Big Band Camp 2014<\/span> weiterlesen <span class=\"meta-nav\">&rarr;<\/span><\/a><\/p>\n","protected":false},"author":2,"featured_media":0,"parent":1527,"menu_order":0,"comment_status":"open","ping_status":"open","template":"showcase.php","meta":{"footnotes":""},"class_list":["post-1536","page","type-page","status-publish","hentry"],"_links":{"self":[{"href":"https:\/\/www.bbdw.at\/index.php?rest_route=\/wp\/v2\/pages\/1536","targetHints":{"allow":["GET"]}}],"collection":[{"href":"https:\/\/www.bbdw.at\/index.php?rest_route=\/wp\/v2\/pages"}],"about":[{"href":"https:\/\/www.bbdw.at\/index.php?rest_route=\/wp\/v2\/types\/page"}],"author":[{"embeddable":true,"href":"https:\/\/www.bbdw.at\/index.php?rest_route=\/wp\/v2\/users\/2"}],"replies":[{"embeddable":true,"href":"https:\/\/www.bbdw.at\/index.php?rest_route=%2Fwp%2Fv2%2Fcomments&post=1536"}],"version-history":[{"count":0,"href":"https:\/\/www.bbdw.at\/index.php?rest_route=\/wp\/v2\/pages\/1536\/revisions"}],"up":[{"embeddable":true,"href":"https:\/\/www.bbdw.at\/index.php?rest_route=\/wp\/v2\/pages\/1527"}],"wp:attachment":[{"href":"https:\/\/www.bbdw.at\/index.php?rest_route=%2Fwp%2Fv2%2Fmedia&parent=1536"}],"curies":[{"name":"wp","href":"https:\/\/api.w.org\/{rel}","templated":true}]}}