{"id":1584,"date":"2014-06-22T19:29:22","date_gmt":"2014-06-22T17:29:22","guid":{"rendered":"http:\/\/www.thebigband.at\/?page_id=1584"},"modified":"2014-06-22T19:29:22","modified_gmt":"2014-06-22T17:29:22","slug":"konzert-im-garten-der-musikschule-deutsch-wagram","status":"publish","type":"page","link":"https:\/\/www.bbdw.at\/?page_id=1584","title":{"rendered":"Konzert im Garten der Musikschule Deutsch-Wagram"},"content":{"rendered":"<p>Die Musikschule Deutsch-Wagram feiert 2014 ihr 50j\u00e4hriges Bestehen. Im Rahmen dieser Feierlichkeiten spielte die Big Band am Abend des 21. Juni im Garten der Musikschule ein Konzert. Musikschuldirektor Tscharlie Rosenmayer er\u00f6ffnete das Fest &#8222;Nacht unter Sternen&#8220;, allerdings war es der l\u00e4ngste Tag des Jahres und nur die letzten T\u00f6ne der Band verklangen im fast-dunkel.<br \/>\nDer musikalische Leiter Siegmar Brecher f\u00fchrte durch zwei aufgegende Sets, voll mit Count Basie und weiteren Schmankerln wie &#8222;Sing, Sing, Sing&#8220; von Louis Prima und &#8222;But not for me&#8220; von George Gershwin. Am Mikrofon waren \u00c1ngela Tr\u00f6ndle, Jimi Ivan und Siegmar Brecher zu h\u00f6ren. Das zahlreiche Publikum geno\u00df den Abend in vollen Z\u00fcgen und wollte selbst nach der ultimativen Abschlu\u00dfnummer &#8222;Mercy, Mercy, Mercy&#8220; in der Version von Buddy Rich noch mehr.<\/p>\n<div id='gallery-1' class='gallery galleryid-1584 gallery-columns-3 gallery-size-thumbnail'><figure class='gallery-item'>\n\t\t\t<div class='gallery-icon landscape'>\n\t\t\t\t<a href='https:\/\/www.bbdw.at\/?attachment_id=1604'><img loading=\"lazy\" decoding=\"async\" width=\"150\" height=\"150\" src=\"https:\/\/www.bbdw.at\/wp-content\/uploads\/2014\/06\/DSC_1442-150x150.jpg\" class=\"attachment-thumbnail size-thumbnail\" alt=\"\" srcset=\"https:\/\/www.bbdw.at\/wp-content\/uploads\/2014\/06\/DSC_1442-150x150.jpg 150w, https:\/\/www.bbdw.at\/wp-content\/uploads\/2014\/06\/DSC_1442-100x100.jpg 100w\" sizes=\"auto, (max-width: 150px) 100vw, 150px\" \/><\/a>\n\t\t\t<\/div><\/figure><figure class='gallery-item'>\n\t\t\t<div class='gallery-icon landscape'>\n\t\t\t\t<a href='https:\/\/www.bbdw.at\/?attachment_id=1602'><img loading=\"lazy\" decoding=\"async\" width=\"150\" height=\"150\" src=\"https:\/\/www.bbdw.at\/wp-content\/uploads\/2014\/06\/DSC_1436-150x150.jpg\" class=\"attachment-thumbnail size-thumbnail\" alt=\"\" srcset=\"https:\/\/www.bbdw.at\/wp-content\/uploads\/2014\/06\/DSC_1436-150x150.jpg 150w, https:\/\/www.bbdw.at\/wp-content\/uploads\/2014\/06\/DSC_1436-100x100.jpg 100w\" sizes=\"auto, (max-width: 150px) 100vw, 150px\" \/><\/a>\n\t\t\t<\/div><\/figure><figure class='gallery-item'>\n\t\t\t<div class='gallery-icon landscape'>\n\t\t\t\t<a href='https:\/\/www.bbdw.at\/?attachment_id=1601'><img loading=\"lazy\" decoding=\"async\" width=\"150\" height=\"150\" src=\"https:\/\/www.bbdw.at\/wp-content\/uploads\/2014\/06\/DSC_1422-150x150.jpg\" class=\"attachment-thumbnail size-thumbnail\" alt=\"\" srcset=\"https:\/\/www.bbdw.at\/wp-content\/uploads\/2014\/06\/DSC_1422-150x150.jpg 150w, https:\/\/www.bbdw.at\/wp-content\/uploads\/2014\/06\/DSC_1422-100x100.jpg 100w\" sizes=\"auto, (max-width: 150px) 100vw, 150px\" \/><\/a>\n\t\t\t<\/div><\/figure><figure class='gallery-item'>\n\t\t\t<div class='gallery-icon portrait'>\n\t\t\t\t<a href='https:\/\/www.bbdw.at\/?attachment_id=1593'><img loading=\"lazy\" decoding=\"async\" width=\"150\" height=\"150\" src=\"https:\/\/www.bbdw.at\/wp-content\/uploads\/2014\/06\/DSC_1464-150x150.jpg\" class=\"attachment-thumbnail size-thumbnail\" alt=\"\" srcset=\"https:\/\/www.bbdw.at\/wp-content\/uploads\/2014\/06\/DSC_1464-150x150.jpg 150w, https:\/\/www.bbdw.at\/wp-content\/uploads\/2014\/06\/DSC_1464-100x100.jpg 100w\" sizes=\"auto, (max-width: 150px) 100vw, 150px\" \/><\/a>\n\t\t\t<\/div><\/figure><figure class='gallery-item'>\n\t\t\t<div class='gallery-icon portrait'>\n\t\t\t\t<a href='https:\/\/www.bbdw.at\/?attachment_id=1595'><img loading=\"lazy\" decoding=\"async\" width=\"150\" height=\"150\" src=\"https:\/\/www.bbdw.at\/wp-content\/uploads\/2014\/06\/DSC_1563-150x150.jpg\" class=\"attachment-thumbnail size-thumbnail\" alt=\"\" srcset=\"https:\/\/www.bbdw.at\/wp-content\/uploads\/2014\/06\/DSC_1563-150x150.jpg 150w, https:\/\/www.bbdw.at\/wp-content\/uploads\/2014\/06\/DSC_1563-100x100.jpg 100w\" sizes=\"auto, (max-width: 150px) 100vw, 150px\" \/><\/a>\n\t\t\t<\/div><\/figure><figure class='gallery-item'>\n\t\t\t<div class='gallery-icon portrait'>\n\t\t\t\t<a href='https:\/\/www.bbdw.at\/?attachment_id=1594'><img loading=\"lazy\" decoding=\"async\" width=\"150\" height=\"150\" src=\"https:\/\/www.bbdw.at\/wp-content\/uploads\/2014\/06\/DSC_1470-150x150.jpg\" class=\"attachment-thumbnail size-thumbnail\" alt=\"\" srcset=\"https:\/\/www.bbdw.at\/wp-content\/uploads\/2014\/06\/DSC_1470-150x150.jpg 150w, https:\/\/www.bbdw.at\/wp-content\/uploads\/2014\/06\/DSC_1470-100x100.jpg 100w\" sizes=\"auto, (max-width: 150px) 100vw, 150px\" \/><\/a>\n\t\t\t<\/div><\/figure><figure class='gallery-item'>\n\t\t\t<div class='gallery-icon portrait'>\n\t\t\t\t<a href='https:\/\/www.bbdw.at\/?attachment_id=1596'><img loading=\"lazy\" decoding=\"async\" width=\"150\" height=\"150\" src=\"https:\/\/www.bbdw.at\/wp-content\/uploads\/2014\/06\/DSC_1572-150x150.jpg\" class=\"attachment-thumbnail size-thumbnail\" alt=\"\" srcset=\"https:\/\/www.bbdw.at\/wp-content\/uploads\/2014\/06\/DSC_1572-150x150.jpg 150w, https:\/\/www.bbdw.at\/wp-content\/uploads\/2014\/06\/DSC_1572-100x100.jpg 100w\" sizes=\"auto, (max-width: 150px) 100vw, 150px\" \/><\/a>\n\t\t\t<\/div><\/figure><figure class='gallery-item'>\n\t\t\t<div class='gallery-icon landscape'>\n\t\t\t\t<a href='https:\/\/www.bbdw.at\/?attachment_id=1592'><img loading=\"lazy\" decoding=\"async\" width=\"150\" height=\"150\" src=\"https:\/\/www.bbdw.at\/wp-content\/uploads\/2014\/06\/DSC_1460-150x150.jpg\" class=\"attachment-thumbnail size-thumbnail\" alt=\"\" srcset=\"https:\/\/www.bbdw.at\/wp-content\/uploads\/2014\/06\/DSC_1460-150x150.jpg 150w, https:\/\/www.bbdw.at\/wp-content\/uploads\/2014\/06\/DSC_1460-100x100.jpg 100w\" sizes=\"auto, (max-width: 150px) 100vw, 150px\" \/><\/a>\n\t\t\t<\/div><\/figure><figure class='gallery-item'>\n\t\t\t<div class='gallery-icon landscape'>\n\t\t\t\t<a href='https:\/\/www.bbdw.at\/?attachment_id=1597'><img loading=\"lazy\" decoding=\"async\" width=\"150\" height=\"150\" src=\"https:\/\/www.bbdw.at\/wp-content\/uploads\/2014\/06\/DSC_1660-150x150.jpg\" class=\"attachment-thumbnail size-thumbnail\" alt=\"\" srcset=\"https:\/\/www.bbdw.at\/wp-content\/uploads\/2014\/06\/DSC_1660-150x150.jpg 150w, https:\/\/www.bbdw.at\/wp-content\/uploads\/2014\/06\/DSC_1660-100x100.jpg 100w\" sizes=\"auto, (max-width: 150px) 100vw, 150px\" \/><\/a>\n\t\t\t<\/div><\/figure><figure class='gallery-item'>\n\t\t\t<div class='gallery-icon landscape'>\n\t\t\t\t<a href='https:\/\/www.bbdw.at\/?attachment_id=1598'><img loading=\"lazy\" decoding=\"async\" width=\"150\" height=\"150\" src=\"https:\/\/www.bbdw.at\/wp-content\/uploads\/2014\/06\/DSC_1684-150x150.jpg\" class=\"attachment-thumbnail size-thumbnail\" alt=\"\" srcset=\"https:\/\/www.bbdw.at\/wp-content\/uploads\/2014\/06\/DSC_1684-150x150.jpg 150w, https:\/\/www.bbdw.at\/wp-content\/uploads\/2014\/06\/DSC_1684-100x100.jpg 100w\" sizes=\"auto, (max-width: 150px) 100vw, 150px\" \/><\/a>\n\t\t\t<\/div><\/figure><figure class='gallery-item'>\n\t\t\t<div class='gallery-icon portrait'>\n\t\t\t\t<a href='https:\/\/www.bbdw.at\/?attachment_id=1600'><img loading=\"lazy\" decoding=\"async\" width=\"150\" height=\"150\" src=\"https:\/\/www.bbdw.at\/wp-content\/uploads\/2014\/06\/DSC_1736-150x150.jpg\" class=\"attachment-thumbnail size-thumbnail\" alt=\"\" srcset=\"https:\/\/www.bbdw.at\/wp-content\/uploads\/2014\/06\/DSC_1736-150x150.jpg 150w, https:\/\/www.bbdw.at\/wp-content\/uploads\/2014\/06\/DSC_1736-100x100.jpg 100w\" sizes=\"auto, (max-width: 150px) 100vw, 150px\" \/><\/a>\n\t\t\t<\/div><\/figure><figure class='gallery-item'>\n\t\t\t<div class='gallery-icon portrait'>\n\t\t\t\t<a href='https:\/\/www.bbdw.at\/?attachment_id=1599'><img loading=\"lazy\" decoding=\"async\" width=\"150\" height=\"150\" src=\"https:\/\/www.bbdw.at\/wp-content\/uploads\/2014\/06\/DSC_1730-150x150.jpg\" class=\"attachment-thumbnail size-thumbnail\" alt=\"\" srcset=\"https:\/\/www.bbdw.at\/wp-content\/uploads\/2014\/06\/DSC_1730-150x150.jpg 150w, https:\/\/www.bbdw.at\/wp-content\/uploads\/2014\/06\/DSC_1730-100x100.jpg 100w\" sizes=\"auto, (max-width: 150px) 100vw, 150px\" \/><\/a>\n\t\t\t<\/div><\/figure>\n\t\t<\/div>\n\n","protected":false},"excerpt":{"rendered":"<p>Die Musikschule Deutsch-Wagram feiert 2014 ihr 50j\u00e4hriges Bestehen. Im Rahmen dieser Feierlichkeiten spielte die Big Band am Abend des 21. Juni im Garten der Musikschule ein Konzert. Musikschuldirektor Tscharlie Rosenmayer er\u00f6ffnete das Fest &#8222;Nacht unter Sternen&#8220;, allerdings war es der l\u00e4ngste Tag des Jahres und nur die letzten T\u00f6ne der Band verklangen im fast-dunkel. Der &hellip; <a href=\"https:\/\/www.bbdw.at\/?page_id=1584\" class=\"more-link\"><span class=\"screen-reader-text\">Konzert im Garten der Musikschule Deutsch-Wagram<\/span> weiterlesen <span class=\"meta-nav\">&rarr;<\/span><\/a><\/p>\n","protected":false},"author":2,"featured_media":0,"parent":1527,"menu_order":0,"comment_status":"open","ping_status":"open","template":"","meta":{"footnotes":""},"class_list":["post-1584","page","type-page","status-publish","hentry"],"_links":{"self":[{"href":"https:\/\/www.bbdw.at\/index.php?rest_route=\/wp\/v2\/pages\/1584","targetHints":{"allow":["GET"]}}],"collection":[{"href":"https:\/\/www.bbdw.at\/index.php?rest_route=\/wp\/v2\/pages"}],"about":[{"href":"https:\/\/www.bbdw.at\/index.php?rest_route=\/wp\/v2\/types\/page"}],"author":[{"embeddable":true,"href":"https:\/\/www.bbdw.at\/index.php?rest_route=\/wp\/v2\/users\/2"}],"replies":[{"embeddable":true,"href":"https:\/\/www.bbdw.at\/index.php?rest_route=%2Fwp%2Fv2%2Fcomments&post=1584"}],"version-history":[{"count":0,"href":"https:\/\/www.bbdw.at\/index.php?rest_route=\/wp\/v2\/pages\/1584\/revisions"}],"up":[{"embeddable":true,"href":"https:\/\/www.bbdw.at\/index.php?rest_route=\/wp\/v2\/pages\/1527"}],"wp:attachment":[{"href":"https:\/\/www.bbdw.at\/index.php?rest_route=%2Fwp%2Fv2%2Fmedia&parent=1584"}],"curies":[{"name":"wp","href":"https:\/\/api.w.org\/{rel}","templated":true}]}}