{"id":1662,"date":"2014-10-01T18:17:26","date_gmt":"2014-10-01T16:17:26","guid":{"rendered":"http:\/\/www.thebigband.at\/?page_id=1662"},"modified":"2014-10-01T18:17:26","modified_gmt":"2014-10-01T16:17:26","slug":"hochzeit-von-elke-und-sebastian","status":"publish","type":"page","link":"https:\/\/www.bbdw.at\/?page_id=1662","title":{"rendered":"Hochzeit von Elke und Sebastian"},"content":{"rendered":"<p><strong>Konzert am Schlo\u00df Mailberg<br \/>\n<\/strong><\/p>\n<p class=\"wpview-selection-before\">Am Samstag, den 20. September hatten wir die gro\u00dfe Freude auf der Hochzeit von Elke und Sebastian am Schlo\u00df Mailberg im n\u00f6rdlichen Weinviertel aufspielen zu k\u00f6nnen. Der festlich geschm\u00fcckte Rittersaal des Schlosses war mit seiner B\u00fchne wie geschaffen f\u00fcr unseren Auftritt. Einige der Hochzeitsg\u00e4ste lie\u00dfen es sich nicht nehmen mit dem Brautpaar das Tanzbein auf dem Parkett zu schwingen. Auf <a title=\"Konzert am Schlo\u00df Mailberg\" href=\"https:\/\/www.youtube.com\/watch?v=oKhA9NwgbKk\">YouTube<\/a> gibt&#8217;s ein paar Impressionen davon, aber leider hat das Mikrofon der Kamera die Wucht der Big Band in der N\u00e4he nicht ohne \u00dcbersteuerung aufnehmen k\u00f6nnen. Wir finden jedenfalls die Big Band passt perfekt auf Hochzeiten und wir hoffen auf weitere derartige Auftr\u00e4ge und Auftritte.<br \/>\nWir w\u00fcnschen dem Brautpaar nochmals das Allerbeste f\u00fcr ihre gemeinsame Zukunft!<\/p>\n<div id='gallery-1' class='gallery galleryid-1662 gallery-columns-3 gallery-size-thumbnail'><figure class='gallery-item'>\n\t\t\t<div class='gallery-icon landscape'>\n\t\t\t\t<a href='https:\/\/www.bbdw.at\/?attachment_id=1661'><img loading=\"lazy\" decoding=\"async\" width=\"150\" height=\"150\" src=\"https:\/\/www.bbdw.at\/wp-content\/uploads\/2014\/10\/20140920_bbdw_IMG_4970-150x150.jpg\" class=\"attachment-thumbnail size-thumbnail\" alt=\"\" srcset=\"https:\/\/www.bbdw.at\/wp-content\/uploads\/2014\/10\/20140920_bbdw_IMG_4970-150x150.jpg 150w, https:\/\/www.bbdw.at\/wp-content\/uploads\/2014\/10\/20140920_bbdw_IMG_4970-100x100.jpg 100w\" sizes=\"auto, (max-width: 150px) 100vw, 150px\" \/><\/a>\n\t\t\t<\/div><\/figure><figure class='gallery-item'>\n\t\t\t<div class='gallery-icon landscape'>\n\t\t\t\t<a href='https:\/\/www.bbdw.at\/?attachment_id=1657'><img loading=\"lazy\" decoding=\"async\" width=\"150\" height=\"150\" src=\"https:\/\/www.bbdw.at\/wp-content\/uploads\/2014\/10\/20140920_bbdw_IMG_4978-150x150.jpg\" class=\"attachment-thumbnail size-thumbnail\" alt=\"\" srcset=\"https:\/\/www.bbdw.at\/wp-content\/uploads\/2014\/10\/20140920_bbdw_IMG_4978-150x150.jpg 150w, https:\/\/www.bbdw.at\/wp-content\/uploads\/2014\/10\/20140920_bbdw_IMG_4978-100x100.jpg 100w\" sizes=\"auto, (max-width: 150px) 100vw, 150px\" \/><\/a>\n\t\t\t<\/div><\/figure><figure class='gallery-item'>\n\t\t\t<div class='gallery-icon landscape'>\n\t\t\t\t<a href='https:\/\/www.bbdw.at\/?attachment_id=1656'><img loading=\"lazy\" decoding=\"async\" width=\"150\" height=\"150\" src=\"https:\/\/www.bbdw.at\/wp-content\/uploads\/2014\/10\/20140920_bbdw_IMG_4972-150x150.jpg\" class=\"attachment-thumbnail size-thumbnail\" alt=\"\" srcset=\"https:\/\/www.bbdw.at\/wp-content\/uploads\/2014\/10\/20140920_bbdw_IMG_4972-150x150.jpg 150w, https:\/\/www.bbdw.at\/wp-content\/uploads\/2014\/10\/20140920_bbdw_IMG_4972-100x100.jpg 100w\" sizes=\"auto, (max-width: 150px) 100vw, 150px\" \/><\/a>\n\t\t\t<\/div><\/figure><figure class='gallery-item'>\n\t\t\t<div class='gallery-icon landscape'>\n\t\t\t\t<a href='https:\/\/www.bbdw.at\/?attachment_id=1660'><img loading=\"lazy\" decoding=\"async\" width=\"150\" height=\"150\" src=\"https:\/\/www.bbdw.at\/wp-content\/uploads\/2014\/10\/20140920_bbdw_V7HDCMQR-150x150.jpg\" class=\"attachment-thumbnail size-thumbnail\" alt=\"\" srcset=\"https:\/\/www.bbdw.at\/wp-content\/uploads\/2014\/10\/20140920_bbdw_V7HDCMQR-150x150.jpg 150w, https:\/\/www.bbdw.at\/wp-content\/uploads\/2014\/10\/20140920_bbdw_V7HDCMQR-100x100.jpg 100w\" sizes=\"auto, (max-width: 150px) 100vw, 150px\" \/><\/a>\n\t\t\t<\/div><\/figure><figure class='gallery-item'>\n\t\t\t<div class='gallery-icon landscape'>\n\t\t\t\t<a href='https:\/\/www.bbdw.at\/?attachment_id=1658'><img loading=\"lazy\" decoding=\"async\" width=\"150\" height=\"150\" src=\"https:\/\/www.bbdw.at\/wp-content\/uploads\/2014\/10\/20140920_bbdw_UVSSDGE3-150x150.jpg\" class=\"attachment-thumbnail size-thumbnail\" alt=\"\" srcset=\"https:\/\/www.bbdw.at\/wp-content\/uploads\/2014\/10\/20140920_bbdw_UVSSDGE3-150x150.jpg 150w, https:\/\/www.bbdw.at\/wp-content\/uploads\/2014\/10\/20140920_bbdw_UVSSDGE3-100x100.jpg 100w\" sizes=\"auto, (max-width: 150px) 100vw, 150px\" \/><\/a>\n\t\t\t<\/div><\/figure><figure class='gallery-item'>\n\t\t\t<div class='gallery-icon landscape'>\n\t\t\t\t<a href='https:\/\/www.bbdw.at\/?attachment_id=1659'><img loading=\"lazy\" decoding=\"async\" width=\"150\" height=\"150\" src=\"https:\/\/www.bbdw.at\/wp-content\/uploads\/2014\/10\/20140920_bbdw_UY8WDV8A-150x150.jpg\" class=\"attachment-thumbnail size-thumbnail\" alt=\"\" srcset=\"https:\/\/www.bbdw.at\/wp-content\/uploads\/2014\/10\/20140920_bbdw_UY8WDV8A-150x150.jpg 150w, https:\/\/www.bbdw.at\/wp-content\/uploads\/2014\/10\/20140920_bbdw_UY8WDV8A-100x100.jpg 100w\" sizes=\"auto, (max-width: 150px) 100vw, 150px\" \/><\/a>\n\t\t\t<\/div><\/figure>\n\t\t<\/div>\n\n","protected":false},"excerpt":{"rendered":"<p>Konzert am Schlo\u00df Mailberg Am Samstag, den 20. September hatten wir die gro\u00dfe Freude auf der Hochzeit von Elke und Sebastian am Schlo\u00df Mailberg im n\u00f6rdlichen Weinviertel aufspielen zu k\u00f6nnen. Der festlich geschm\u00fcckte Rittersaal des Schlosses war mit seiner B\u00fchne wie geschaffen f\u00fcr unseren Auftritt. Einige der Hochzeitsg\u00e4ste lie\u00dfen es sich nicht nehmen mit dem &hellip; <a href=\"https:\/\/www.bbdw.at\/?page_id=1662\" class=\"more-link\"><span class=\"screen-reader-text\">Hochzeit von Elke und Sebastian<\/span> weiterlesen <span class=\"meta-nav\">&rarr;<\/span><\/a><\/p>\n","protected":false},"author":2,"featured_media":0,"parent":1527,"menu_order":3,"comment_status":"open","ping_status":"open","template":"showcase.php","meta":{"footnotes":""},"class_list":["post-1662","page","type-page","status-publish","hentry"],"_links":{"self":[{"href":"https:\/\/www.bbdw.at\/index.php?rest_route=\/wp\/v2\/pages\/1662","targetHints":{"allow":["GET"]}}],"collection":[{"href":"https:\/\/www.bbdw.at\/index.php?rest_route=\/wp\/v2\/pages"}],"about":[{"href":"https:\/\/www.bbdw.at\/index.php?rest_route=\/wp\/v2\/types\/page"}],"author":[{"embeddable":true,"href":"https:\/\/www.bbdw.at\/index.php?rest_route=\/wp\/v2\/users\/2"}],"replies":[{"embeddable":true,"href":"https:\/\/www.bbdw.at\/index.php?rest_route=%2Fwp%2Fv2%2Fcomments&post=1662"}],"version-history":[{"count":0,"href":"https:\/\/www.bbdw.at\/index.php?rest_route=\/wp\/v2\/pages\/1662\/revisions"}],"up":[{"embeddable":true,"href":"https:\/\/www.bbdw.at\/index.php?rest_route=\/wp\/v2\/pages\/1527"}],"wp:attachment":[{"href":"https:\/\/www.bbdw.at\/index.php?rest_route=%2Fwp%2Fv2%2Fmedia&parent=1662"}],"curies":[{"name":"wp","href":"https:\/\/api.w.org\/{rel}","templated":true}]}}