{"id":1722,"date":"2014-11-17T12:53:33","date_gmt":"2014-11-17T11:53:33","guid":{"rendered":"http:\/\/www.thebigband.at\/?page_id=1722"},"modified":"2014-11-17T12:53:33","modified_gmt":"2014-11-17T11:53:33","slug":"50-jahre-musikschule-deutsch-wagram","status":"publish","type":"page","link":"https:\/\/www.bbdw.at\/?page_id=1722","title":{"rendered":"50 Jahre Musikschule Deutsch-Wagram"},"content":{"rendered":"<p>An diesem berauschenden Konzertnachmittag am Sonntag, den 16. November 2014 pr\u00e4sentierten die Sch\u00fcler und <a href=\"http:\/\/www.msdw.at\/lehrkraefte\/\">Lehrkr\u00e4fte <\/a>rund um Musikschuldirektor <a title=\"Tscharlie Rosenmayer\" href=\"http:\/\/www.thebigband.at\/musiker\/leitung\/leitung\/\">Tscharlie Rosenmayer <\/a>ihr vielf\u00e4ltiges K\u00f6nnen und beeindruckten die Zuseher im bis auf den letzten Platz gef\u00fcllten Volkshaus. Nach dem Auftakt vom weit \u00fcber die Grenzen hinaus bekannten <a title=\"Blasorchester der Musikschule Deutsch-Wagram\" href=\"http:\/\/www.blo.at\">Blasorchester BLO<\/a>, gab es unter anderem Darbietungen der Klarinetten-, Schlagzeug-\u00a0und Gitarrenensembles und der Popband &#8222;Flames &amp; Roses&#8220; mit einem musikalischem, pers\u00f6nlichen\u00a0Dankesch\u00f6n &#8211; Applaus, Applaus &#8211;\u00a0von den Lehrkr\u00e4ften an den Direktor. Auch die Big Band der Musikschule durfte nicht fehlen und brachte das neue mitreissende Arrangement von Zoot Suit Riot &#8211; eine Nummer von Steve Perry der Cherry Poppin&#8216; Daddies &#8211;\u00a0auf die B\u00fchne. Die erste Zugabe war Zawinuls Mercy, Mercy, Mercy in der Version von Buddy Rich und gemeinsam mit fast allen Sch\u00fclern und Lehrkr\u00e4ften wurde noch eine gemeinsame Abschlu\u00dfnummer &#8222;A Song For You&#8220; gespielt. Ein w\u00fcrdiges Konzert f\u00fcr einen w\u00fcrdigen Anlass &#8211; auf die n\u00e4chsten 50 Jahre!<\/p>\n<div id='gallery-1' class='gallery galleryid-1722 gallery-columns-3 gallery-size-thumbnail'><figure class='gallery-item'>\n\t\t\t<div class='gallery-icon landscape'>\n\t\t\t\t<a href='https:\/\/www.bbdw.at\/?attachment_id=1747'><img loading=\"lazy\" decoding=\"async\" width=\"150\" height=\"150\" src=\"https:\/\/www.bbdw.at\/wp-content\/uploads\/2014\/11\/DSC_0106-150x150.jpg\" class=\"attachment-thumbnail size-thumbnail\" alt=\"\" srcset=\"https:\/\/www.bbdw.at\/wp-content\/uploads\/2014\/11\/DSC_0106-150x150.jpg 150w, https:\/\/www.bbdw.at\/wp-content\/uploads\/2014\/11\/DSC_0106-100x100.jpg 100w\" sizes=\"auto, (max-width: 150px) 100vw, 150px\" \/><\/a>\n\t\t\t<\/div><\/figure><figure class='gallery-item'>\n\t\t\t<div class='gallery-icon landscape'>\n\t\t\t\t<a href='https:\/\/www.bbdw.at\/?attachment_id=1748'><img loading=\"lazy\" decoding=\"async\" width=\"150\" height=\"150\" src=\"https:\/\/www.bbdw.at\/wp-content\/uploads\/2014\/11\/DSC_0128-150x150.jpg\" class=\"attachment-thumbnail size-thumbnail\" alt=\"\" srcset=\"https:\/\/www.bbdw.at\/wp-content\/uploads\/2014\/11\/DSC_0128-150x150.jpg 150w, https:\/\/www.bbdw.at\/wp-content\/uploads\/2014\/11\/DSC_0128-100x100.jpg 100w\" sizes=\"auto, (max-width: 150px) 100vw, 150px\" \/><\/a>\n\t\t\t<\/div><\/figure><figure class='gallery-item'>\n\t\t\t<div class='gallery-icon portrait'>\n\t\t\t\t<a href='https:\/\/www.bbdw.at\/?attachment_id=1742'><img loading=\"lazy\" decoding=\"async\" width=\"150\" height=\"150\" src=\"https:\/\/www.bbdw.at\/wp-content\/uploads\/2014\/11\/DSC_0035-150x150.jpg\" class=\"attachment-thumbnail size-thumbnail\" alt=\"\" srcset=\"https:\/\/www.bbdw.at\/wp-content\/uploads\/2014\/11\/DSC_0035-150x150.jpg 150w, https:\/\/www.bbdw.at\/wp-content\/uploads\/2014\/11\/DSC_0035-100x100.jpg 100w\" sizes=\"auto, (max-width: 150px) 100vw, 150px\" \/><\/a>\n\t\t\t<\/div><\/figure><figure class='gallery-item'>\n\t\t\t<div class='gallery-icon portrait'>\n\t\t\t\t<a href='https:\/\/www.bbdw.at\/?attachment_id=1743'><img loading=\"lazy\" decoding=\"async\" width=\"150\" height=\"150\" src=\"https:\/\/www.bbdw.at\/wp-content\/uploads\/2014\/11\/DSC_0056-150x150.jpg\" class=\"attachment-thumbnail size-thumbnail\" alt=\"\" srcset=\"https:\/\/www.bbdw.at\/wp-content\/uploads\/2014\/11\/DSC_0056-150x150.jpg 150w, https:\/\/www.bbdw.at\/wp-content\/uploads\/2014\/11\/DSC_0056-100x100.jpg 100w\" sizes=\"auto, (max-width: 150px) 100vw, 150px\" \/><\/a>\n\t\t\t<\/div><\/figure><figure class='gallery-item'>\n\t\t\t<div class='gallery-icon portrait'>\n\t\t\t\t<a href='https:\/\/www.bbdw.at\/?attachment_id=1746'><img loading=\"lazy\" decoding=\"async\" width=\"150\" height=\"150\" src=\"https:\/\/www.bbdw.at\/wp-content\/uploads\/2014\/11\/DSC_0088-150x150.jpg\" class=\"attachment-thumbnail size-thumbnail\" alt=\"\" srcset=\"https:\/\/www.bbdw.at\/wp-content\/uploads\/2014\/11\/DSC_0088-150x150.jpg 150w, https:\/\/www.bbdw.at\/wp-content\/uploads\/2014\/11\/DSC_0088-100x100.jpg 100w\" sizes=\"auto, (max-width: 150px) 100vw, 150px\" \/><\/a>\n\t\t\t<\/div><\/figure><figure class='gallery-item'>\n\t\t\t<div class='gallery-icon landscape'>\n\t\t\t\t<a href='https:\/\/www.bbdw.at\/?attachment_id=1744'><img loading=\"lazy\" decoding=\"async\" width=\"150\" height=\"150\" src=\"https:\/\/www.bbdw.at\/wp-content\/uploads\/2014\/11\/DSC_0072-150x150.jpg\" class=\"attachment-thumbnail size-thumbnail\" alt=\"\" srcset=\"https:\/\/www.bbdw.at\/wp-content\/uploads\/2014\/11\/DSC_0072-150x150.jpg 150w, https:\/\/www.bbdw.at\/wp-content\/uploads\/2014\/11\/DSC_0072-100x100.jpg 100w\" sizes=\"auto, (max-width: 150px) 100vw, 150px\" \/><\/a>\n\t\t\t<\/div><\/figure><figure class='gallery-item'>\n\t\t\t<div class='gallery-icon landscape'>\n\t\t\t\t<a href='https:\/\/www.bbdw.at\/?attachment_id=1749'><img loading=\"lazy\" decoding=\"async\" width=\"150\" height=\"150\" src=\"https:\/\/www.bbdw.at\/wp-content\/uploads\/2014\/11\/DSC_0152-150x150.jpg\" class=\"attachment-thumbnail size-thumbnail\" alt=\"\" srcset=\"https:\/\/www.bbdw.at\/wp-content\/uploads\/2014\/11\/DSC_0152-150x150.jpg 150w, https:\/\/www.bbdw.at\/wp-content\/uploads\/2014\/11\/DSC_0152-100x100.jpg 100w\" sizes=\"auto, (max-width: 150px) 100vw, 150px\" \/><\/a>\n\t\t\t<\/div><\/figure><figure class='gallery-item'>\n\t\t\t<div class='gallery-icon landscape'>\n\t\t\t\t<a href='https:\/\/www.bbdw.at\/?attachment_id=1745'><img loading=\"lazy\" decoding=\"async\" width=\"150\" height=\"150\" src=\"https:\/\/www.bbdw.at\/wp-content\/uploads\/2014\/11\/DSC_0082-150x150.jpg\" class=\"attachment-thumbnail size-thumbnail\" alt=\"\" srcset=\"https:\/\/www.bbdw.at\/wp-content\/uploads\/2014\/11\/DSC_0082-150x150.jpg 150w, https:\/\/www.bbdw.at\/wp-content\/uploads\/2014\/11\/DSC_0082-100x100.jpg 100w\" sizes=\"auto, (max-width: 150px) 100vw, 150px\" \/><\/a>\n\t\t\t<\/div><\/figure><figure class='gallery-item'>\n\t\t\t<div class='gallery-icon landscape'>\n\t\t\t\t<a href='https:\/\/www.bbdw.at\/?attachment_id=1750'><img loading=\"lazy\" decoding=\"async\" width=\"150\" height=\"150\" src=\"https:\/\/www.bbdw.at\/wp-content\/uploads\/2014\/11\/DSC_0163-150x150.jpg\" class=\"attachment-thumbnail size-thumbnail\" alt=\"\" srcset=\"https:\/\/www.bbdw.at\/wp-content\/uploads\/2014\/11\/DSC_0163-150x150.jpg 150w, https:\/\/www.bbdw.at\/wp-content\/uploads\/2014\/11\/DSC_0163-100x100.jpg 100w\" sizes=\"auto, (max-width: 150px) 100vw, 150px\" \/><\/a>\n\t\t\t<\/div><\/figure>\n\t\t<\/div>\n\n","protected":false},"excerpt":{"rendered":"<p>An diesem berauschenden Konzertnachmittag am Sonntag, den 16. November 2014 pr\u00e4sentierten die Sch\u00fcler und Lehrkr\u00e4fte rund um Musikschuldirektor Tscharlie Rosenmayer ihr vielf\u00e4ltiges K\u00f6nnen und beeindruckten die Zuseher im bis auf den letzten Platz gef\u00fcllten Volkshaus. Nach dem Auftakt vom weit \u00fcber die Grenzen hinaus bekannten Blasorchester BLO, gab es unter anderem Darbietungen der Klarinetten-, Schlagzeug-\u00a0und &hellip; <a href=\"https:\/\/www.bbdw.at\/?page_id=1722\" class=\"more-link\"><span class=\"screen-reader-text\">50 Jahre Musikschule Deutsch-Wagram<\/span> weiterlesen <span class=\"meta-nav\">&rarr;<\/span><\/a><\/p>\n","protected":false},"author":2,"featured_media":0,"parent":1527,"menu_order":4,"comment_status":"open","ping_status":"open","template":"","meta":{"footnotes":""},"class_list":["post-1722","page","type-page","status-publish","hentry"],"_links":{"self":[{"href":"https:\/\/www.bbdw.at\/index.php?rest_route=\/wp\/v2\/pages\/1722","targetHints":{"allow":["GET"]}}],"collection":[{"href":"https:\/\/www.bbdw.at\/index.php?rest_route=\/wp\/v2\/pages"}],"about":[{"href":"https:\/\/www.bbdw.at\/index.php?rest_route=\/wp\/v2\/types\/page"}],"author":[{"embeddable":true,"href":"https:\/\/www.bbdw.at\/index.php?rest_route=\/wp\/v2\/users\/2"}],"replies":[{"embeddable":true,"href":"https:\/\/www.bbdw.at\/index.php?rest_route=%2Fwp%2Fv2%2Fcomments&post=1722"}],"version-history":[{"count":0,"href":"https:\/\/www.bbdw.at\/index.php?rest_route=\/wp\/v2\/pages\/1722\/revisions"}],"up":[{"embeddable":true,"href":"https:\/\/www.bbdw.at\/index.php?rest_route=\/wp\/v2\/pages\/1527"}],"wp:attachment":[{"href":"https:\/\/www.bbdw.at\/index.php?rest_route=%2Fwp%2Fv2%2Fmedia&parent=1722"}],"curies":[{"name":"wp","href":"https:\/\/api.w.org\/{rel}","templated":true}]}}