{"id":1904,"date":"2015-05-31T21:11:33","date_gmt":"2015-05-31T19:11:33","guid":{"rendered":"http:\/\/www.thebigband.at\/?page_id=1904"},"modified":"2015-05-31T21:11:33","modified_gmt":"2015-05-31T19:11:33","slug":"big-band-camp-payerbach-2015","status":"publish","type":"page","link":"https:\/\/www.bbdw.at\/?page_id=1904","title":{"rendered":"Big Band Camp Payerbach 2015"},"content":{"rendered":"<p><span class=\"fbPhotoCaptionText\">Zum allerbesten Zeitpunkt &#8211; eine Woche vor unserem gro\u00dfen Konzert am 6. Juni im Garten der <a href=\"https:\/\/www.facebook.com\/pages\/Musikschule-Deutsch-Wagram\/148351140101\" data-hovercard=\"\/ajax\/hovercard\/page.php?id=148351140101&amp;extragetparams=%7B%22directed_target_id%22%3A0%7D\" data-gt=\"{&quot;entity_id&quot;:&quot;148351140101&quot;,&quot;entity_path&quot;:&quot;WebFbxPhotoSetController&quot;}\">Musikschule Deutsch-Wagram<\/a> &#8211; zogen wir uns ein Wochenende zur\u00fcck nach Payerbach, um ausgiebig zu Proben. Das Ergebnis kann sich h\u00f6ren und sehen lassen und wir freuen uns schon riesig Euch mit feinstem BigBand-Swing &amp; Jazz verw\u00f6hnen zu d\u00fcrfen!<\/span><\/p>\n<div id='gallery-1' class='gallery galleryid-1904 gallery-columns-3 gallery-size-thumbnail'><figure class='gallery-item'>\n\t\t\t<div class='gallery-icon landscape'>\n\t\t\t\t<a href='https:\/\/www.bbdw.at\/?attachment_id=1911'><img loading=\"lazy\" decoding=\"async\" width=\"150\" height=\"150\" src=\"https:\/\/www.bbdw.at\/wp-content\/uploads\/2015\/05\/DSC_1324-150x150.jpg\" class=\"attachment-thumbnail size-thumbnail\" alt=\"\" srcset=\"https:\/\/www.bbdw.at\/wp-content\/uploads\/2015\/05\/DSC_1324-150x150.jpg 150w, https:\/\/www.bbdw.at\/wp-content\/uploads\/2015\/05\/DSC_1324-100x100.jpg 100w\" sizes=\"auto, (max-width: 150px) 100vw, 150px\" \/><\/a>\n\t\t\t<\/div><\/figure><figure class='gallery-item'>\n\t\t\t<div class='gallery-icon landscape'>\n\t\t\t\t<a href='https:\/\/www.bbdw.at\/?attachment_id=1913'><img loading=\"lazy\" decoding=\"async\" width=\"150\" height=\"150\" src=\"https:\/\/www.bbdw.at\/wp-content\/uploads\/2015\/05\/DSC_1357-150x150.jpg\" class=\"attachment-thumbnail size-thumbnail\" alt=\"\" srcset=\"https:\/\/www.bbdw.at\/wp-content\/uploads\/2015\/05\/DSC_1357-150x150.jpg 150w, https:\/\/www.bbdw.at\/wp-content\/uploads\/2015\/05\/DSC_1357-100x100.jpg 100w\" sizes=\"auto, (max-width: 150px) 100vw, 150px\" \/><\/a>\n\t\t\t<\/div><\/figure><figure class='gallery-item'>\n\t\t\t<div class='gallery-icon landscape'>\n\t\t\t\t<a href='https:\/\/www.bbdw.at\/?attachment_id=1919'><img loading=\"lazy\" decoding=\"async\" width=\"150\" height=\"150\" src=\"https:\/\/www.bbdw.at\/wp-content\/uploads\/2015\/05\/DSC_1460-150x150.jpg\" class=\"attachment-thumbnail size-thumbnail\" alt=\"\" srcset=\"https:\/\/www.bbdw.at\/wp-content\/uploads\/2015\/05\/DSC_1460-150x150.jpg 150w, https:\/\/www.bbdw.at\/wp-content\/uploads\/2015\/05\/DSC_1460-100x100.jpg 100w\" sizes=\"auto, (max-width: 150px) 100vw, 150px\" \/><\/a>\n\t\t\t<\/div><\/figure><figure class='gallery-item'>\n\t\t\t<div class='gallery-icon portrait'>\n\t\t\t\t<a href='https:\/\/www.bbdw.at\/?attachment_id=1918'><img loading=\"lazy\" decoding=\"async\" width=\"150\" height=\"150\" src=\"https:\/\/www.bbdw.at\/wp-content\/uploads\/2015\/05\/DSC_1455-150x150.jpg\" class=\"attachment-thumbnail size-thumbnail\" alt=\"\" srcset=\"https:\/\/www.bbdw.at\/wp-content\/uploads\/2015\/05\/DSC_1455-150x150.jpg 150w, https:\/\/www.bbdw.at\/wp-content\/uploads\/2015\/05\/DSC_1455-100x100.jpg 100w\" sizes=\"auto, (max-width: 150px) 100vw, 150px\" \/><\/a>\n\t\t\t<\/div><\/figure><figure class='gallery-item'>\n\t\t\t<div class='gallery-icon portrait'>\n\t\t\t\t<a href='https:\/\/www.bbdw.at\/?attachment_id=1917'><img loading=\"lazy\" decoding=\"async\" width=\"150\" height=\"150\" src=\"https:\/\/www.bbdw.at\/wp-content\/uploads\/2015\/05\/DSC_1409-150x150.jpg\" class=\"attachment-thumbnail size-thumbnail\" alt=\"\" srcset=\"https:\/\/www.bbdw.at\/wp-content\/uploads\/2015\/05\/DSC_1409-150x150.jpg 150w, https:\/\/www.bbdw.at\/wp-content\/uploads\/2015\/05\/DSC_1409-100x100.jpg 100w\" sizes=\"auto, (max-width: 150px) 100vw, 150px\" \/><\/a>\n\t\t\t<\/div><\/figure><figure class='gallery-item'>\n\t\t\t<div class='gallery-icon portrait'>\n\t\t\t\t<a href='https:\/\/www.bbdw.at\/?attachment_id=1916'><img loading=\"lazy\" decoding=\"async\" width=\"150\" height=\"150\" src=\"https:\/\/www.bbdw.at\/wp-content\/uploads\/2015\/05\/DSC_1393-150x150.jpg\" class=\"attachment-thumbnail size-thumbnail\" alt=\"\" srcset=\"https:\/\/www.bbdw.at\/wp-content\/uploads\/2015\/05\/DSC_1393-150x150.jpg 150w, https:\/\/www.bbdw.at\/wp-content\/uploads\/2015\/05\/DSC_1393-100x100.jpg 100w\" sizes=\"auto, (max-width: 150px) 100vw, 150px\" \/><\/a>\n\t\t\t<\/div><\/figure><figure class='gallery-item'>\n\t\t\t<div class='gallery-icon portrait'>\n\t\t\t\t<a href='https:\/\/www.bbdw.at\/?attachment_id=1915'><img loading=\"lazy\" decoding=\"async\" width=\"150\" height=\"150\" src=\"https:\/\/www.bbdw.at\/wp-content\/uploads\/2015\/05\/DSC_1388-150x150.jpg\" class=\"attachment-thumbnail size-thumbnail\" alt=\"\" srcset=\"https:\/\/www.bbdw.at\/wp-content\/uploads\/2015\/05\/DSC_1388-150x150.jpg 150w, https:\/\/www.bbdw.at\/wp-content\/uploads\/2015\/05\/DSC_1388-100x100.jpg 100w\" sizes=\"auto, (max-width: 150px) 100vw, 150px\" \/><\/a>\n\t\t\t<\/div><\/figure><figure class='gallery-item'>\n\t\t\t<div class='gallery-icon portrait'>\n\t\t\t\t<a href='https:\/\/www.bbdw.at\/?attachment_id=1914'><img loading=\"lazy\" decoding=\"async\" width=\"150\" height=\"150\" src=\"https:\/\/www.bbdw.at\/wp-content\/uploads\/2015\/05\/DSC_1377-150x150.jpg\" class=\"attachment-thumbnail size-thumbnail\" alt=\"\" srcset=\"https:\/\/www.bbdw.at\/wp-content\/uploads\/2015\/05\/DSC_1377-150x150.jpg 150w, https:\/\/www.bbdw.at\/wp-content\/uploads\/2015\/05\/DSC_1377-100x100.jpg 100w\" sizes=\"auto, (max-width: 150px) 100vw, 150px\" \/><\/a>\n\t\t\t<\/div><\/figure><figure class='gallery-item'>\n\t\t\t<div class='gallery-icon landscape'>\n\t\t\t\t<a href='https:\/\/www.bbdw.at\/?attachment_id=1912'><img loading=\"lazy\" decoding=\"async\" width=\"150\" height=\"150\" src=\"https:\/\/www.bbdw.at\/wp-content\/uploads\/2015\/05\/DSC_1325-150x150.jpg\" class=\"attachment-thumbnail size-thumbnail\" alt=\"\" srcset=\"https:\/\/www.bbdw.at\/wp-content\/uploads\/2015\/05\/DSC_1325-150x150.jpg 150w, https:\/\/www.bbdw.at\/wp-content\/uploads\/2015\/05\/DSC_1325-100x100.jpg 100w\" sizes=\"auto, (max-width: 150px) 100vw, 150px\" \/><\/a>\n\t\t\t<\/div><\/figure>\n\t\t<\/div>\n\n","protected":false},"excerpt":{"rendered":"<p>Zum allerbesten Zeitpunkt &#8211; eine Woche vor unserem gro\u00dfen Konzert am 6. Juni im Garten der Musikschule Deutsch-Wagram &#8211; zogen wir uns ein Wochenende zur\u00fcck nach Payerbach, um ausgiebig zu Proben. Das Ergebnis kann sich h\u00f6ren und sehen lassen und wir freuen uns schon riesig Euch mit feinstem BigBand-Swing &amp; Jazz verw\u00f6hnen zu d\u00fcrfen!<\/p>\n","protected":false},"author":2,"featured_media":0,"parent":1901,"menu_order":1,"comment_status":"open","ping_status":"open","template":"","meta":{"footnotes":""},"class_list":["post-1904","page","type-page","status-publish","hentry"],"_links":{"self":[{"href":"https:\/\/www.bbdw.at\/index.php?rest_route=\/wp\/v2\/pages\/1904","targetHints":{"allow":["GET"]}}],"collection":[{"href":"https:\/\/www.bbdw.at\/index.php?rest_route=\/wp\/v2\/pages"}],"about":[{"href":"https:\/\/www.bbdw.at\/index.php?rest_route=\/wp\/v2\/types\/page"}],"author":[{"embeddable":true,"href":"https:\/\/www.bbdw.at\/index.php?rest_route=\/wp\/v2\/users\/2"}],"replies":[{"embeddable":true,"href":"https:\/\/www.bbdw.at\/index.php?rest_route=%2Fwp%2Fv2%2Fcomments&post=1904"}],"version-history":[{"count":0,"href":"https:\/\/www.bbdw.at\/index.php?rest_route=\/wp\/v2\/pages\/1904\/revisions"}],"up":[{"embeddable":true,"href":"https:\/\/www.bbdw.at\/index.php?rest_route=\/wp\/v2\/pages\/1901"}],"wp:attachment":[{"href":"https:\/\/www.bbdw.at\/index.php?rest_route=%2Fwp%2Fv2%2Fmedia&parent=1904"}],"curies":[{"name":"wp","href":"https:\/\/api.w.org\/{rel}","templated":true}]}}