{"id":194,"date":"2012-12-17T12:17:09","date_gmt":"2012-12-17T11:17:09","guid":{"rendered":"http:\/\/thebigband.pflaeging.net\/?page_id=194"},"modified":"2012-12-17T12:17:09","modified_gmt":"2012-12-17T11:17:09","slug":"konzert-in-langenzersdorf","status":"publish","type":"page","link":"https:\/\/www.bbdw.at\/?page_id=194","title":{"rendered":"Konzert in Langenzersdorf"},"content":{"rendered":"<h1 class=\"mceTemp\">Konzert in Langenzersdorf mit der LE Big Band am 6. Mai 2012<\/h1>\n<p>An dem Abend teilten wir die B\u00fchne mit der LE Big Band im\u00a0gro\u00dfen Veranstaltungssaal mit toller Akkustik\u00a0in Langenzersdorf. Beide Big Bands zeigten sich von der besten Seite und das Publikum als auch die Musiker konnten den abwechslungsreichen Abend genie\u00dfen.<br \/>\n\u00a0<div id='gallery-1' class='gallery galleryid-194 gallery-columns-4 gallery-size-thumbnail'><figure class='gallery-item'>\n\t\t\t<div class='gallery-icon landscape'>\n\t\t\t\t<a href='https:\/\/www.bbdw.at\/?attachment_id=218'><img loading=\"lazy\" decoding=\"async\" width=\"150\" height=\"150\" src=\"https:\/\/www.bbdw.at\/wp-content\/uploads\/2012\/12\/DSC_1177__Bildgr\u00f6\u00dfe-\u00e4ndern-150x150.jpg\" class=\"attachment-thumbnail size-thumbnail\" alt=\"Konzert in Langenzersdorf\" aria-describedby=\"gallery-1-218\" srcset=\"https:\/\/www.bbdw.at\/wp-content\/uploads\/2012\/12\/DSC_1177__Bildgr\u00f6\u00dfe-\u00e4ndern-150x150.jpg 150w, https:\/\/www.bbdw.at\/wp-content\/uploads\/2012\/12\/DSC_1177__Bildgr\u00f6\u00dfe-\u00e4ndern-100x100.jpg 100w\" sizes=\"auto, (max-width: 150px) 100vw, 150px\" \/><\/a>\n\t\t\t<\/div>\n\t\t\t\t<figcaption class='wp-caption-text gallery-caption' id='gallery-1-218'>\n\t\t\t\tVorstellung\n\t\t\t\t<\/figcaption><\/figure><figure class='gallery-item'>\n\t\t\t<div class='gallery-icon landscape'>\n\t\t\t\t<a href='https:\/\/www.bbdw.at\/?attachment_id=219'><img loading=\"lazy\" decoding=\"async\" width=\"150\" height=\"150\" src=\"https:\/\/www.bbdw.at\/wp-content\/uploads\/2012\/12\/DSC_1180__Bildgr\u00f6\u00dfe-\u00e4ndern-150x150.jpg\" class=\"attachment-thumbnail size-thumbnail\" alt=\"Konzert in Langenzersdorf\" aria-describedby=\"gallery-1-219\" srcset=\"https:\/\/www.bbdw.at\/wp-content\/uploads\/2012\/12\/DSC_1180__Bildgr\u00f6\u00dfe-\u00e4ndern-150x150.jpg 150w, https:\/\/www.bbdw.at\/wp-content\/uploads\/2012\/12\/DSC_1180__Bildgr\u00f6\u00dfe-\u00e4ndern-100x100.jpg 100w\" sizes=\"auto, (max-width: 150px) 100vw, 150px\" \/><\/a>\n\t\t\t<\/div>\n\t\t\t\t<figcaption class='wp-caption-text gallery-caption' id='gallery-1-219'>\n\t\t\t\tBig Band Deutsch Wagram\n\t\t\t\t<\/figcaption><\/figure><figure class='gallery-item'>\n\t\t\t<div class='gallery-icon portrait'>\n\t\t\t\t<a href='https:\/\/www.bbdw.at\/?attachment_id=220'><img loading=\"lazy\" decoding=\"async\" width=\"150\" height=\"150\" src=\"https:\/\/www.bbdw.at\/wp-content\/uploads\/2012\/12\/DSC_1184__Bildgr\u00f6\u00dfe-\u00e4ndern-150x150.jpg\" class=\"attachment-thumbnail size-thumbnail\" alt=\"Konzert in Langenzersdorf\" aria-describedby=\"gallery-1-220\" srcset=\"https:\/\/www.bbdw.at\/wp-content\/uploads\/2012\/12\/DSC_1184__Bildgr\u00f6\u00dfe-\u00e4ndern-150x150.jpg 150w, https:\/\/www.bbdw.at\/wp-content\/uploads\/2012\/12\/DSC_1184__Bildgr\u00f6\u00dfe-\u00e4ndern-100x100.jpg 100w\" sizes=\"auto, (max-width: 150px) 100vw, 150px\" \/><\/a>\n\t\t\t<\/div>\n\t\t\t\t<figcaption class='wp-caption-text gallery-caption' id='gallery-1-220'>\n\t\t\t\tDJ am Mikro\n\t\t\t\t<\/figcaption><\/figure><figure class='gallery-item'>\n\t\t\t<div class='gallery-icon landscape'>\n\t\t\t\t<a href='https:\/\/www.bbdw.at\/?attachment_id=221'><img loading=\"lazy\" decoding=\"async\" width=\"150\" height=\"150\" src=\"https:\/\/www.bbdw.at\/wp-content\/uploads\/2012\/12\/DSC_1193_Bildgr\u00f6\u00dfe-\u00e4ndern-150x150.jpg\" class=\"attachment-thumbnail size-thumbnail\" alt=\"Konzert in Langenzersdorf\" aria-describedby=\"gallery-1-221\" srcset=\"https:\/\/www.bbdw.at\/wp-content\/uploads\/2012\/12\/DSC_1193_Bildgr\u00f6\u00dfe-\u00e4ndern-150x150.jpg 150w, https:\/\/www.bbdw.at\/wp-content\/uploads\/2012\/12\/DSC_1193_Bildgr\u00f6\u00dfe-\u00e4ndern-100x100.jpg 100w\" sizes=\"auto, (max-width: 150px) 100vw, 150px\" \/><\/a>\n\t\t\t<\/div>\n\t\t\t\t<figcaption class='wp-caption-text gallery-caption' id='gallery-1-221'>\n\t\t\t\tThe Big Band Deutsch Wagram\n\t\t\t\t<\/figcaption><\/figure><figure class='gallery-item'>\n\t\t\t<div class='gallery-icon portrait'>\n\t\t\t\t<a href='https:\/\/www.bbdw.at\/?attachment_id=244'><img loading=\"lazy\" decoding=\"async\" width=\"150\" height=\"150\" src=\"https:\/\/www.bbdw.at\/wp-content\/uploads\/2012\/12\/DSC_1178__Bildgr\u00f6\u00dfe-\u00e4ndern-150x150.jpg\" class=\"attachment-thumbnail size-thumbnail\" alt=\"Sandro beim Dirigieren\" aria-describedby=\"gallery-1-244\" srcset=\"https:\/\/www.bbdw.at\/wp-content\/uploads\/2012\/12\/DSC_1178__Bildgr\u00f6\u00dfe-\u00e4ndern-150x150.jpg 150w, https:\/\/www.bbdw.at\/wp-content\/uploads\/2012\/12\/DSC_1178__Bildgr\u00f6\u00dfe-\u00e4ndern-100x100.jpg 100w\" sizes=\"auto, (max-width: 150px) 100vw, 150px\" \/><\/a>\n\t\t\t<\/div>\n\t\t\t\t<figcaption class='wp-caption-text gallery-caption' id='gallery-1-244'>\n\t\t\t\tSandro beim Dirigieren\n\t\t\t\t<\/figcaption><\/figure><figure class='gallery-item'>\n\t\t\t<div class='gallery-icon portrait'>\n\t\t\t\t<a href='https:\/\/www.bbdw.at\/?attachment_id=222'><img loading=\"lazy\" decoding=\"async\" width=\"150\" height=\"150\" src=\"https:\/\/www.bbdw.at\/wp-content\/uploads\/2012\/12\/DSC_1195_Bildgr\u00f6\u00dfe-\u00e4ndern-150x150.jpg\" class=\"attachment-thumbnail size-thumbnail\" alt=\"Konzert in Langenzersdorf\" srcset=\"https:\/\/www.bbdw.at\/wp-content\/uploads\/2012\/12\/DSC_1195_Bildgr\u00f6\u00dfe-\u00e4ndern-150x150.jpg 150w, https:\/\/www.bbdw.at\/wp-content\/uploads\/2012\/12\/DSC_1195_Bildgr\u00f6\u00dfe-\u00e4ndern-100x100.jpg 100w\" sizes=\"auto, (max-width: 150px) 100vw, 150px\" \/><\/a>\n\t\t\t<\/div><\/figure><figure class='gallery-item'>\n\t\t\t<div class='gallery-icon portrait'>\n\t\t\t\t<a href='https:\/\/www.bbdw.at\/?attachment_id=223'><img loading=\"lazy\" decoding=\"async\" width=\"150\" height=\"150\" src=\"https:\/\/www.bbdw.at\/wp-content\/uploads\/2012\/12\/DSC_1200_Bildgr\u00f6\u00dfe-\u00e4ndern-150x150.jpg\" class=\"attachment-thumbnail size-thumbnail\" alt=\"Konzert in Langenzersdorf\" aria-describedby=\"gallery-1-223\" srcset=\"https:\/\/www.bbdw.at\/wp-content\/uploads\/2012\/12\/DSC_1200_Bildgr\u00f6\u00dfe-\u00e4ndern-150x150.jpg 150w, https:\/\/www.bbdw.at\/wp-content\/uploads\/2012\/12\/DSC_1200_Bildgr\u00f6\u00dfe-\u00e4ndern-100x100.jpg 100w\" sizes=\"auto, (max-width: 150px) 100vw, 150px\" \/><\/a>\n\t\t\t<\/div>\n\t\t\t\t<figcaption class='wp-caption-text gallery-caption' id='gallery-1-223'>\n\t\t\t\tSandro&#8217;s Solo\n\t\t\t\t<\/figcaption><\/figure><figure class='gallery-item'>\n\t\t\t<div class='gallery-icon landscape'>\n\t\t\t\t<a href='https:\/\/www.bbdw.at\/?attachment_id=224'><img loading=\"lazy\" decoding=\"async\" width=\"150\" height=\"150\" src=\"https:\/\/www.bbdw.at\/wp-content\/uploads\/2012\/12\/DSC_1231_Bildgr\u00f6\u00dfe-\u00e4ndern-150x150.jpg\" class=\"attachment-thumbnail size-thumbnail\" alt=\"Konzert in Langenzersdorf\" aria-describedby=\"gallery-1-224\" srcset=\"https:\/\/www.bbdw.at\/wp-content\/uploads\/2012\/12\/DSC_1231_Bildgr\u00f6\u00dfe-\u00e4ndern-150x150.jpg 150w, https:\/\/www.bbdw.at\/wp-content\/uploads\/2012\/12\/DSC_1231_Bildgr\u00f6\u00dfe-\u00e4ndern-100x100.jpg 100w\" sizes=\"auto, (max-width: 150px) 100vw, 150px\" \/><\/a>\n\t\t\t<\/div>\n\t\t\t\t<figcaption class='wp-caption-text gallery-caption' id='gallery-1-224'>\n\t\t\t\tzwei Big Bands auf der B\u00fchne\n\t\t\t\t<\/figcaption><\/figure><figure class='gallery-item'>\n\t\t\t<div class='gallery-icon portrait'>\n\t\t\t\t<a href='https:\/\/www.bbdw.at\/?attachment_id=225'><img loading=\"lazy\" decoding=\"async\" width=\"150\" height=\"150\" src=\"https:\/\/www.bbdw.at\/wp-content\/uploads\/2012\/12\/DSC_1239_Bildgr\u00f6\u00dfe-\u00e4ndern-150x150.jpg\" class=\"attachment-thumbnail size-thumbnail\" alt=\"Konzert in Langenzersdorf\" aria-describedby=\"gallery-1-225\" srcset=\"https:\/\/www.bbdw.at\/wp-content\/uploads\/2012\/12\/DSC_1239_Bildgr\u00f6\u00dfe-\u00e4ndern-150x150.jpg 150w, https:\/\/www.bbdw.at\/wp-content\/uploads\/2012\/12\/DSC_1239_Bildgr\u00f6\u00dfe-\u00e4ndern-100x100.jpg 100w\" sizes=\"auto, (max-width: 150px) 100vw, 150px\" \/><\/a>\n\t\t\t<\/div>\n\t\t\t\t<figcaption class='wp-caption-text gallery-caption' id='gallery-1-225'>\n\t\t\t\tBell und Jimi\n\t\t\t\t<\/figcaption><\/figure><figure class='gallery-item'>\n\t\t\t<div class='gallery-icon landscape'>\n\t\t\t\t<a href='https:\/\/www.bbdw.at\/?attachment_id=226'><img loading=\"lazy\" decoding=\"async\" width=\"150\" height=\"150\" src=\"https:\/\/www.bbdw.at\/wp-content\/uploads\/2012\/12\/P5063616-150x150.jpg\" class=\"attachment-thumbnail size-thumbnail\" alt=\"Konzert in Langenzersdorf\" aria-describedby=\"gallery-1-226\" srcset=\"https:\/\/www.bbdw.at\/wp-content\/uploads\/2012\/12\/P5063616-150x150.jpg 150w, https:\/\/www.bbdw.at\/wp-content\/uploads\/2012\/12\/P5063616-100x100.jpg 100w\" sizes=\"auto, (max-width: 150px) 100vw, 150px\" \/><\/a>\n\t\t\t<\/div>\n\t\t\t\t<figcaption class='wp-caption-text gallery-caption' id='gallery-1-226'>\n\t\t\t\tDJ, Tscharlie und Sandro\n\t\t\t\t<\/figcaption><\/figure><figure class='gallery-item'>\n\t\t\t<div class='gallery-icon portrait'>\n\t\t\t\t<a href='https:\/\/www.bbdw.at\/?attachment_id=227'><img loading=\"lazy\" decoding=\"async\" width=\"150\" height=\"150\" src=\"https:\/\/www.bbdw.at\/wp-content\/uploads\/2012\/12\/P5063629-150x150.jpg\" class=\"attachment-thumbnail size-thumbnail\" alt=\"Langenzersdorf\" aria-describedby=\"gallery-1-227\" srcset=\"https:\/\/www.bbdw.at\/wp-content\/uploads\/2012\/12\/P5063629-150x150.jpg 150w, https:\/\/www.bbdw.at\/wp-content\/uploads\/2012\/12\/P5063629-100x100.jpg 100w\" sizes=\"auto, (max-width: 150px) 100vw, 150px\" \/><\/a>\n\t\t\t<\/div>\n\t\t\t\t<figcaption class='wp-caption-text gallery-caption' id='gallery-1-227'>\n\t\t\t\tMichael, DJ und Bell\n\t\t\t\t<\/figcaption><\/figure><figure class='gallery-item'>\n\t\t\t<div class='gallery-icon landscape'>\n\t\t\t\t<a href='https:\/\/www.bbdw.at\/?attachment_id=243'><img loading=\"lazy\" decoding=\"async\" width=\"150\" height=\"150\" src=\"https:\/\/www.bbdw.at\/wp-content\/uploads\/2012\/12\/DSC_1160_Bildgr\u00f6\u00dfe-\u00e4ndern-150x150.jpg\" class=\"attachment-thumbnail size-thumbnail\" alt=\"\" aria-describedby=\"gallery-1-243\" srcset=\"https:\/\/www.bbdw.at\/wp-content\/uploads\/2012\/12\/DSC_1160_Bildgr\u00f6\u00dfe-\u00e4ndern-150x150.jpg 150w, https:\/\/www.bbdw.at\/wp-content\/uploads\/2012\/12\/DSC_1160_Bildgr\u00f6\u00dfe-\u00e4ndern-100x100.jpg 100w\" sizes=\"auto, (max-width: 150px) 100vw, 150px\" \/><\/a>\n\t\t\t<\/div>\n\t\t\t\t<figcaption class='wp-caption-text gallery-caption' id='gallery-1-243'>\n\t\t\t\tauch beim Tanzen sehr begabt \ud83d\ude42\n\t\t\t\t<\/figcaption><\/figure>\n\t\t<\/div>\n<\/p>\n<p style=\"text-align: center;\">Ausschnitte vom Konzert in Langenzersdorf<br \/>\n<iframe loading=\"lazy\" src=\"http:\/\/www.youtube.com\/embed\/ec0C2WBNZTk\" height=\"315\" width=\"560\" allowfullscreen=\"\" frameborder=\"0\"><\/iframe><\/p>\n<p style=\"text-align: center;\">\u00a0<\/p>\n","protected":false},"excerpt":{"rendered":"<p>Konzert in Langenzersdorf mit der LE Big Band am 6. Mai 2012 An dem Abend teilten wir die B\u00fchne mit der LE Big Band im\u00a0gro\u00dfen Veranstaltungssaal mit toller Akkustik\u00a0in Langenzersdorf. Beide Big Bands zeigten sich von der besten Seite und das Publikum als auch die Musiker konnten den abwechslungsreichen Abend genie\u00dfen. \u00a0 Ausschnitte vom Konzert &hellip; <a href=\"https:\/\/www.bbdw.at\/?page_id=194\" class=\"more-link\"><span class=\"screen-reader-text\">Konzert in Langenzersdorf<\/span> weiterlesen <span class=\"meta-nav\">&rarr;<\/span><\/a><\/p>\n","protected":false},"author":2,"featured_media":0,"parent":199,"menu_order":2,"comment_status":"open","ping_status":"open","template":"showcase.php","meta":{"footnotes":""},"class_list":["post-194","page","type-page","status-publish","hentry"],"_links":{"self":[{"href":"https:\/\/www.bbdw.at\/index.php?rest_route=\/wp\/v2\/pages\/194","targetHints":{"allow":["GET"]}}],"collection":[{"href":"https:\/\/www.bbdw.at\/index.php?rest_route=\/wp\/v2\/pages"}],"about":[{"href":"https:\/\/www.bbdw.at\/index.php?rest_route=\/wp\/v2\/types\/page"}],"author":[{"embeddable":true,"href":"https:\/\/www.bbdw.at\/index.php?rest_route=\/wp\/v2\/users\/2"}],"replies":[{"embeddable":true,"href":"https:\/\/www.bbdw.at\/index.php?rest_route=%2Fwp%2Fv2%2Fcomments&post=194"}],"version-history":[{"count":0,"href":"https:\/\/www.bbdw.at\/index.php?rest_route=\/wp\/v2\/pages\/194\/revisions"}],"up":[{"embeddable":true,"href":"https:\/\/www.bbdw.at\/index.php?rest_route=\/wp\/v2\/pages\/199"}],"wp:attachment":[{"href":"https:\/\/www.bbdw.at\/index.php?rest_route=%2Fwp%2Fv2%2Fmedia&parent=194"}],"curies":[{"name":"wp","href":"https:\/\/api.w.org\/{rel}","templated":true}]}}