{"id":1945,"date":"2015-06-07T11:39:39","date_gmt":"2015-06-07T09:39:39","guid":{"rendered":"http:\/\/www.thebigband.at\/?page_id=1945"},"modified":"2015-06-07T11:39:39","modified_gmt":"2015-06-07T09:39:39","slug":"musik-unter-sternen","status":"publish","type":"page","link":"https:\/\/www.bbdw.at\/?page_id=1945","title":{"rendered":"Musik unter Sternen"},"content":{"rendered":"<p>Am 6. Juni fand im Garten der Musikschule Deutsch-Wagram das gro\u00dfe Big Band Konzert statt. Es war eine wunderbare Sommernacht und trotz gleichzeitig stattfindendem Champions Leage Finale besuchten uns mehr als 300 Personen, um unseren Kl\u00e4ngen zu lauschen.<br \/>\nDie Band pr\u00e4sentierte tolle Arrangements ausgew\u00e4hler Klassiker von Count Basie &amp; Bill Holman \u00fcber <a href=\"https:\/\/youtu.be\/GMdT9woWukc\" target=\"_blank\">Sonny Rollins <\/a>&amp; <a href=\"https:\/\/youtu.be\/QnZd81jTvDU\" target=\"_blank\">Dizzie Gillespie <\/a>zu <a href=\"https:\/\/youtu.be\/lTSqfwzIqZk\" target=\"_blank\">Neal Hefty <\/a>&amp; Nestico und zur\u00fcck \u00fcber <a href=\"https:\/\/youtu.be\/AMcnXhUkSaM\" target=\"_blank\">Irving Berlin <\/a>und den <a href=\"https:\/\/youtu.be\/GKfkHs9awEQ\" target=\"_blank\">Cherry Poppin\u2019 Daddies<\/a>.\u00a0Bruno Gro\u00df und Mitglieder des Blasorchesters versorgten G\u00e4ste sowie Musiker Bestens mit Getr\u00e4nken und Gegrilltem. An dieser Stelle herzlichen Dank an alle Mitwirkenden!<\/p>\n<p><span style=\"text-decoration: underline;\"><a href=\"http:\/\/www.thebigband.at\/videos\/musik-unter-sternen-2015\/\">Hier<\/a><\/span> gibt es einige Videos <a href=\"http:\/\/www.thebigband.at\/videos\/musik-unter-sternen-2015\/\">von dem unvergesslichem Abend.<\/a><\/p>\n<div id='gallery-1' class='gallery galleryid-1945 gallery-columns-3 gallery-size-thumbnail'><figure class='gallery-item'>\n\t\t\t<div class='gallery-icon landscape'>\n\t\t\t\t<a href='https:\/\/www.bbdw.at\/?attachment_id=1944'><img loading=\"lazy\" decoding=\"async\" width=\"150\" height=\"150\" src=\"https:\/\/www.bbdw.at\/wp-content\/uploads\/2015\/06\/DSC_1565-150x150.jpg\" class=\"attachment-thumbnail size-thumbnail\" alt=\"\" srcset=\"https:\/\/www.bbdw.at\/wp-content\/uploads\/2015\/06\/DSC_1565-150x150.jpg 150w, https:\/\/www.bbdw.at\/wp-content\/uploads\/2015\/06\/DSC_1565-100x100.jpg 100w\" sizes=\"auto, (max-width: 150px) 100vw, 150px\" \/><\/a>\n\t\t\t<\/div><\/figure><figure class='gallery-item'>\n\t\t\t<div class='gallery-icon portrait'>\n\t\t\t\t<a href='https:\/\/www.bbdw.at\/?attachment_id=1943'><img loading=\"lazy\" decoding=\"async\" width=\"150\" height=\"150\" src=\"https:\/\/www.bbdw.at\/wp-content\/uploads\/2015\/06\/DSC_1561-150x150.jpg\" class=\"attachment-thumbnail size-thumbnail\" alt=\"\" srcset=\"https:\/\/www.bbdw.at\/wp-content\/uploads\/2015\/06\/DSC_1561-150x150.jpg 150w, https:\/\/www.bbdw.at\/wp-content\/uploads\/2015\/06\/DSC_1561-100x100.jpg 100w\" sizes=\"auto, (max-width: 150px) 100vw, 150px\" \/><\/a>\n\t\t\t<\/div><\/figure><figure class='gallery-item'>\n\t\t\t<div class='gallery-icon portrait'>\n\t\t\t\t<a href='https:\/\/www.bbdw.at\/?attachment_id=1942'><img loading=\"lazy\" decoding=\"async\" width=\"150\" height=\"150\" src=\"https:\/\/www.bbdw.at\/wp-content\/uploads\/2015\/06\/DSC_1546-150x150.jpg\" class=\"attachment-thumbnail size-thumbnail\" alt=\"\" srcset=\"https:\/\/www.bbdw.at\/wp-content\/uploads\/2015\/06\/DSC_1546-150x150.jpg 150w, https:\/\/www.bbdw.at\/wp-content\/uploads\/2015\/06\/DSC_1546-100x100.jpg 100w\" sizes=\"auto, (max-width: 150px) 100vw, 150px\" \/><\/a>\n\t\t\t<\/div><\/figure><figure class='gallery-item'>\n\t\t\t<div class='gallery-icon portrait'>\n\t\t\t\t<a href='https:\/\/www.bbdw.at\/?attachment_id=1941'><img loading=\"lazy\" decoding=\"async\" width=\"150\" height=\"150\" src=\"https:\/\/www.bbdw.at\/wp-content\/uploads\/2015\/06\/DSC_1544-150x150.jpg\" class=\"attachment-thumbnail size-thumbnail\" alt=\"\" srcset=\"https:\/\/www.bbdw.at\/wp-content\/uploads\/2015\/06\/DSC_1544-150x150.jpg 150w, https:\/\/www.bbdw.at\/wp-content\/uploads\/2015\/06\/DSC_1544-100x100.jpg 100w\" sizes=\"auto, (max-width: 150px) 100vw, 150px\" \/><\/a>\n\t\t\t<\/div><\/figure><figure class='gallery-item'>\n\t\t\t<div class='gallery-icon portrait'>\n\t\t\t\t<a href='https:\/\/www.bbdw.at\/?attachment_id=1940'><img loading=\"lazy\" decoding=\"async\" width=\"150\" height=\"150\" src=\"https:\/\/www.bbdw.at\/wp-content\/uploads\/2015\/06\/DSC_1531-150x150.jpg\" class=\"attachment-thumbnail size-thumbnail\" alt=\"\" srcset=\"https:\/\/www.bbdw.at\/wp-content\/uploads\/2015\/06\/DSC_1531-150x150.jpg 150w, https:\/\/www.bbdw.at\/wp-content\/uploads\/2015\/06\/DSC_1531-100x100.jpg 100w\" sizes=\"auto, (max-width: 150px) 100vw, 150px\" \/><\/a>\n\t\t\t<\/div><\/figure><figure class='gallery-item'>\n\t\t\t<div class='gallery-icon portrait'>\n\t\t\t\t<a href='https:\/\/www.bbdw.at\/?attachment_id=1939'><img loading=\"lazy\" decoding=\"async\" width=\"150\" height=\"150\" src=\"https:\/\/www.bbdw.at\/wp-content\/uploads\/2015\/06\/DSC_1506-150x150.jpg\" class=\"attachment-thumbnail size-thumbnail\" alt=\"\" srcset=\"https:\/\/www.bbdw.at\/wp-content\/uploads\/2015\/06\/DSC_1506-150x150.jpg 150w, https:\/\/www.bbdw.at\/wp-content\/uploads\/2015\/06\/DSC_1506-100x100.jpg 100w\" sizes=\"auto, (max-width: 150px) 100vw, 150px\" \/><\/a>\n\t\t\t<\/div><\/figure><figure class='gallery-item'>\n\t\t\t<div class='gallery-icon portrait'>\n\t\t\t\t<a href='https:\/\/www.bbdw.at\/?attachment_id=1938'><img loading=\"lazy\" decoding=\"async\" width=\"150\" height=\"150\" src=\"https:\/\/www.bbdw.at\/wp-content\/uploads\/2015\/06\/DSC_1505-150x150.jpg\" class=\"attachment-thumbnail size-thumbnail\" alt=\"\" srcset=\"https:\/\/www.bbdw.at\/wp-content\/uploads\/2015\/06\/DSC_1505-150x150.jpg 150w, https:\/\/www.bbdw.at\/wp-content\/uploads\/2015\/06\/DSC_1505-100x100.jpg 100w\" sizes=\"auto, (max-width: 150px) 100vw, 150px\" \/><\/a>\n\t\t\t<\/div><\/figure><figure class='gallery-item'>\n\t\t\t<div class='gallery-icon portrait'>\n\t\t\t\t<a href='https:\/\/www.bbdw.at\/?attachment_id=1937'><img loading=\"lazy\" decoding=\"async\" width=\"150\" height=\"150\" src=\"https:\/\/www.bbdw.at\/wp-content\/uploads\/2015\/06\/DSC_1502-150x150.jpg\" class=\"attachment-thumbnail size-thumbnail\" alt=\"\" srcset=\"https:\/\/www.bbdw.at\/wp-content\/uploads\/2015\/06\/DSC_1502-150x150.jpg 150w, https:\/\/www.bbdw.at\/wp-content\/uploads\/2015\/06\/DSC_1502-100x100.jpg 100w\" sizes=\"auto, (max-width: 150px) 100vw, 150px\" \/><\/a>\n\t\t\t<\/div><\/figure><figure class='gallery-item'>\n\t\t\t<div class='gallery-icon landscape'>\n\t\t\t\t<a href='https:\/\/www.bbdw.at\/?attachment_id=1936'><img loading=\"lazy\" decoding=\"async\" width=\"150\" height=\"150\" src=\"https:\/\/www.bbdw.at\/wp-content\/uploads\/2015\/06\/DSC_1490-150x150.jpg\" class=\"attachment-thumbnail size-thumbnail\" alt=\"\" srcset=\"https:\/\/www.bbdw.at\/wp-content\/uploads\/2015\/06\/DSC_1490-150x150.jpg 150w, https:\/\/www.bbdw.at\/wp-content\/uploads\/2015\/06\/DSC_1490-100x100.jpg 100w\" sizes=\"auto, (max-width: 150px) 100vw, 150px\" \/><\/a>\n\t\t\t<\/div><\/figure><figure class='gallery-item'>\n\t\t\t<div class='gallery-icon landscape'>\n\t\t\t\t<a href='https:\/\/www.bbdw.at\/?attachment_id=1935'><img loading=\"lazy\" decoding=\"async\" width=\"150\" height=\"150\" src=\"https:\/\/www.bbdw.at\/wp-content\/uploads\/2015\/06\/DSC_1483-150x150.jpg\" class=\"attachment-thumbnail size-thumbnail\" alt=\"\" srcset=\"https:\/\/www.bbdw.at\/wp-content\/uploads\/2015\/06\/DSC_1483-150x150.jpg 150w, https:\/\/www.bbdw.at\/wp-content\/uploads\/2015\/06\/DSC_1483-100x100.jpg 100w\" sizes=\"auto, (max-width: 150px) 100vw, 150px\" \/><\/a>\n\t\t\t<\/div><\/figure><figure class='gallery-item'>\n\t\t\t<div class='gallery-icon portrait'>\n\t\t\t\t<a href='https:\/\/www.bbdw.at\/?attachment_id=1934'><img loading=\"lazy\" decoding=\"async\" width=\"150\" height=\"150\" src=\"https:\/\/www.bbdw.at\/wp-content\/uploads\/2015\/06\/DSC_1473-150x150.jpg\" class=\"attachment-thumbnail size-thumbnail\" alt=\"\" srcset=\"https:\/\/www.bbdw.at\/wp-content\/uploads\/2015\/06\/DSC_1473-150x150.jpg 150w, https:\/\/www.bbdw.at\/wp-content\/uploads\/2015\/06\/DSC_1473-100x100.jpg 100w\" sizes=\"auto, (max-width: 150px) 100vw, 150px\" \/><\/a>\n\t\t\t<\/div><\/figure><figure class='gallery-item'>\n\t\t\t<div class='gallery-icon landscape'>\n\t\t\t\t<a href='https:\/\/www.bbdw.at\/?attachment_id=1933'><img loading=\"lazy\" decoding=\"async\" width=\"150\" height=\"150\" src=\"https:\/\/www.bbdw.at\/wp-content\/uploads\/2015\/06\/DSC_1598-150x150.jpg\" class=\"attachment-thumbnail size-thumbnail\" alt=\"\" srcset=\"https:\/\/www.bbdw.at\/wp-content\/uploads\/2015\/06\/DSC_1598-150x150.jpg 150w, https:\/\/www.bbdw.at\/wp-content\/uploads\/2015\/06\/DSC_1598-100x100.jpg 100w\" sizes=\"auto, (max-width: 150px) 100vw, 150px\" \/><\/a>\n\t\t\t<\/div><\/figure><figure class='gallery-item'>\n\t\t\t<div class='gallery-icon landscape'>\n\t\t\t\t<a href='https:\/\/www.bbdw.at\/?attachment_id=1932'><img loading=\"lazy\" decoding=\"async\" width=\"150\" height=\"150\" src=\"https:\/\/www.bbdw.at\/wp-content\/uploads\/2015\/06\/DSC_1581-150x150.jpg\" class=\"attachment-thumbnail size-thumbnail\" alt=\"\" srcset=\"https:\/\/www.bbdw.at\/wp-content\/uploads\/2015\/06\/DSC_1581-150x150.jpg 150w, https:\/\/www.bbdw.at\/wp-content\/uploads\/2015\/06\/DSC_1581-100x100.jpg 100w\" sizes=\"auto, (max-width: 150px) 100vw, 150px\" \/><\/a>\n\t\t\t<\/div><\/figure><figure class='gallery-item'>\n\t\t\t<div class='gallery-icon landscape'>\n\t\t\t\t<a href='https:\/\/www.bbdw.at\/?attachment_id=1931'><img loading=\"lazy\" decoding=\"async\" width=\"150\" height=\"150\" src=\"https:\/\/www.bbdw.at\/wp-content\/uploads\/2015\/06\/DSC_1569-150x150.jpg\" class=\"attachment-thumbnail size-thumbnail\" alt=\"\" srcset=\"https:\/\/www.bbdw.at\/wp-content\/uploads\/2015\/06\/DSC_1569-150x150.jpg 150w, https:\/\/www.bbdw.at\/wp-content\/uploads\/2015\/06\/DSC_1569-100x100.jpg 100w\" sizes=\"auto, (max-width: 150px) 100vw, 150px\" \/><\/a>\n\t\t\t<\/div><\/figure><figure class='gallery-item'>\n\t\t\t<div class='gallery-icon portrait'>\n\t\t\t\t<a href='https:\/\/www.bbdw.at\/?attachment_id=1949'><img loading=\"lazy\" decoding=\"async\" width=\"150\" height=\"150\" src=\"https:\/\/www.bbdw.at\/wp-content\/uploads\/2015\/06\/DSC_1555-150x150.jpg\" class=\"attachment-thumbnail size-thumbnail\" alt=\"\" srcset=\"https:\/\/www.bbdw.at\/wp-content\/uploads\/2015\/06\/DSC_1555-150x150.jpg 150w, https:\/\/www.bbdw.at\/wp-content\/uploads\/2015\/06\/DSC_1555-100x100.jpg 100w\" sizes=\"auto, (max-width: 150px) 100vw, 150px\" \/><\/a>\n\t\t\t<\/div><\/figure>\n\t\t<\/div>\n\n","protected":false},"excerpt":{"rendered":"<p>Am 6. Juni fand im Garten der Musikschule Deutsch-Wagram das gro\u00dfe Big Band Konzert statt. Es war eine wunderbare Sommernacht und trotz gleichzeitig stattfindendem Champions Leage Finale besuchten uns mehr als 300 Personen, um unseren Kl\u00e4ngen zu lauschen. Die Band pr\u00e4sentierte tolle Arrangements ausgew\u00e4hler Klassiker von Count Basie &amp; Bill Holman \u00fcber Sonny Rollins &amp; &hellip; <a href=\"https:\/\/www.bbdw.at\/?page_id=1945\" class=\"more-link\"><span class=\"screen-reader-text\">Musik unter Sternen<\/span> weiterlesen <span class=\"meta-nav\">&rarr;<\/span><\/a><\/p>\n","protected":false},"author":2,"featured_media":0,"parent":1901,"menu_order":3,"comment_status":"open","ping_status":"open","template":"","meta":{"footnotes":""},"class_list":["post-1945","page","type-page","status-publish","hentry"],"_links":{"self":[{"href":"https:\/\/www.bbdw.at\/index.php?rest_route=\/wp\/v2\/pages\/1945","targetHints":{"allow":["GET"]}}],"collection":[{"href":"https:\/\/www.bbdw.at\/index.php?rest_route=\/wp\/v2\/pages"}],"about":[{"href":"https:\/\/www.bbdw.at\/index.php?rest_route=\/wp\/v2\/types\/page"}],"author":[{"embeddable":true,"href":"https:\/\/www.bbdw.at\/index.php?rest_route=\/wp\/v2\/users\/2"}],"replies":[{"embeddable":true,"href":"https:\/\/www.bbdw.at\/index.php?rest_route=%2Fwp%2Fv2%2Fcomments&post=1945"}],"version-history":[{"count":0,"href":"https:\/\/www.bbdw.at\/index.php?rest_route=\/wp\/v2\/pages\/1945\/revisions"}],"up":[{"embeddable":true,"href":"https:\/\/www.bbdw.at\/index.php?rest_route=\/wp\/v2\/pages\/1901"}],"wp:attachment":[{"href":"https:\/\/www.bbdw.at\/index.php?rest_route=%2Fwp%2Fv2%2Fmedia&parent=1945"}],"curies":[{"name":"wp","href":"https:\/\/api.w.org\/{rel}","templated":true}]}}