{"id":1956,"date":"2015-06-08T16:28:02","date_gmt":"2015-06-08T14:28:02","guid":{"rendered":"http:\/\/www.thebigband.at\/?page_id=1956"},"modified":"2015-06-08T16:28:02","modified_gmt":"2015-06-08T14:28:02","slug":"musik-unter-sternen-2015","status":"publish","type":"page","link":"https:\/\/www.bbdw.at\/?page_id=1956","title":{"rendered":"Musik unter Sternen 2015"},"content":{"rendered":"<p style=\"text-align: left;\">Am 6. Juni 2015\u00a0fand im Garten der Musikschule Deutsch-Wagram das gro\u00dfe Big Band Konzert statt. Es war eine wunderbare Sommernacht und trotz gleichzeitig stattfindendem Champions Leage Finale besuchten uns mehr als 300 G\u00e4ste, um unseren swingenden Kl\u00e4ngen zu lauschen.<br \/>\nDie Band pr\u00e4sentierte tolle Arrangements ausgew\u00e4hlter Klassiker von Count Basie &amp; <a href=\"https:\/\/youtu.be\/AMcnXhUkSaM\" target=\"_blank\">Irving Berlin <\/a>\u00fcber <a href=\"https:\/\/youtu.be\/GMdT9woWukc\" target=\"_blank\">Sonny Rollins <\/a>&amp; <a href=\"https:\/\/youtu.be\/QnZd81jTvDU\" target=\"_blank\">Dizzie Gillespie <\/a>zu <a href=\"https:\/\/youtu.be\/lTSqfwzIqZk\" target=\"_blank\">Neal Hefty <\/a>&amp; <a href=\"https:\/\/youtu.be\/iiTFSgnTv-o\" target=\"_blank\">Sammy Nestico <\/a>und zur\u00fcck \u00fcber\u00a0<a href=\"https:\/\/youtu.be\/OFP35GSpyZc\" target=\"_blank\">The Drifters <\/a>und den <a href=\"https:\/\/youtu.be\/GKfkHs9awEQ\" target=\"_blank\">Cherry Poppin\u2019 Daddies<\/a>.<br \/>\nBruno Gro\u00df und Mitglieder des Blasorchesters versorgten G\u00e4ste sowie Musiker Bestens mit Getr\u00e4nken und Gegrilltem. An dieser Stelle herzlichen Dank an alle Mitwirkenden!<\/p>\n<p style=\"text-align: left;\">Hier\u00a0einige <a href=\"https:\/\/www.youtube.com\/watch?v=iiTFSgnTv-o&amp;list=PLfuKvwNQkuo5UMnX1NQzQRXjnJlAOW3Ws\" target=\"_blank\">YouTube-Videos <\/a>dieses unvergesslichen Abends:<\/p>\n<p style=\"text-align: center;\"><strong>Shiny Stockings by Frank Foster\/Count Basie<\/strong><br \/>\n<em><iframe loading=\"lazy\" src=\"http:\/\/www.youtube.com\/embed\/iiTFSgnTv-o\" width=\"560\" height=\"315\" frameborder=\"0\" allowfullscreen=\"allowfullscreen\"><\/iframe><\/em><\/p>\n<p style=\"text-align: center;\"><strong>St. Thomas by Sonny Rollins<\/strong><br \/>\n<em><iframe loading=\"lazy\" src=\"http:\/\/www.youtube.com\/embed\/GMdT9woWukc\" width=\"560\" height=\"315\" frameborder=\"0\" allowfullscreen=\"allowfullscreen\"><\/iframe><\/em><\/p>\n<p style=\"text-align: center;\"><strong>Stormy Weather by Harold Arlen &amp; Ted Koehler<\/strong><br \/>\n<em><iframe loading=\"lazy\" src=\"http:\/\/www.youtube.com\/embed\/BD-hdK1qsSc\" width=\"560\" height=\"315\" frameborder=\"0\" allowfullscreen=\"allowfullscreen\"><\/iframe><\/em><\/p>\n<p style=\"text-align: center;\"><strong>Blue Skies by Irving Berlin<\/strong><br \/>\n<em><iframe loading=\"lazy\" src=\"http:\/\/www.youtube.com\/embed\/AMcnXhUkSaM\" width=\"560\" height=\"315\" frameborder=\"0\" allowfullscreen=\"allowfullscreen\"><\/iframe><\/em><\/p>\n<p style=\"text-align: center;\"><strong>On Broadway by The Drifters<\/strong><br \/>\n<em><iframe loading=\"lazy\" src=\"http:\/\/www.youtube.com\/embed\/OFP35GSpyZc\" width=\"560\" height=\"315\" frameborder=\"0\" allowfullscreen=\"allowfullscreen\"><\/iframe><\/em><\/p>\n<p style=\"text-align: center;\"><strong>Zoot Suit Riot by Cherry Poppin&#8216; Daddies<\/strong><br \/>\n<em><iframe loading=\"lazy\" src=\"http:\/\/www.youtube.com\/embed\/GKfkHs9awEQ\" width=\"560\" height=\"315\" frameborder=\"0\" allowfullscreen=\"allowfullscreen\"><\/iframe><\/em><\/p>\n<p style=\"text-align: center;\"><strong>Cute by Neal Hefty<\/strong><br \/>\n<em><iframe loading=\"lazy\" src=\"http:\/\/www.youtube.com\/embed\/lTSqfwzIqZk\" width=\"560\" height=\"315\" frameborder=\"0\" allowfullscreen=\"allowfullscreen\"><\/iframe><\/em><\/p>\n<p style=\"text-align: center;\"><strong>A Night in Tunisia by Dizzy Gillespie<\/strong><br \/>\n<em><iframe loading=\"lazy\" src=\"http:\/\/www.youtube.com\/embed\/QnZd81jTvDU\" width=\"560\" height=\"315\" frameborder=\"0\" allowfullscreen=\"allowfullscreen\"><\/iframe><\/em><\/p>\n<p style=\"text-align: center;\"><strong>K &#8211; Basie Straight Ahead<\/strong><br \/>\n<em><iframe loading=\"lazy\" src=\"http:\/\/www.youtube.com\/embed\/0jZI6iyaEAE\" width=\"560\" height=\"315\" frameborder=\"0\" allowfullscreen=\"allowfullscreen\"><\/iframe><\/em><\/p>\n","protected":false},"excerpt":{"rendered":"<p>Am 6. Juni 2015\u00a0fand im Garten der Musikschule Deutsch-Wagram das gro\u00dfe Big Band Konzert statt. Es war eine wunderbare Sommernacht und trotz gleichzeitig stattfindendem Champions Leage Finale besuchten uns mehr als 300 G\u00e4ste, um unseren swingenden Kl\u00e4ngen zu lauschen. Die Band pr\u00e4sentierte tolle Arrangements ausgew\u00e4hlter Klassiker von Count Basie &amp; Irving Berlin \u00fcber Sonny Rollins &hellip; <a href=\"https:\/\/www.bbdw.at\/?page_id=1956\" class=\"more-link\"><span class=\"screen-reader-text\">Musik unter Sternen 2015<\/span> weiterlesen <span class=\"meta-nav\">&rarr;<\/span><\/a><\/p>\n","protected":false},"author":2,"featured_media":0,"parent":141,"menu_order":0,"comment_status":"open","ping_status":"open","template":"","meta":{"footnotes":""},"class_list":["post-1956","page","type-page","status-publish","hentry"],"_links":{"self":[{"href":"https:\/\/www.bbdw.at\/index.php?rest_route=\/wp\/v2\/pages\/1956","targetHints":{"allow":["GET"]}}],"collection":[{"href":"https:\/\/www.bbdw.at\/index.php?rest_route=\/wp\/v2\/pages"}],"about":[{"href":"https:\/\/www.bbdw.at\/index.php?rest_route=\/wp\/v2\/types\/page"}],"author":[{"embeddable":true,"href":"https:\/\/www.bbdw.at\/index.php?rest_route=\/wp\/v2\/users\/2"}],"replies":[{"embeddable":true,"href":"https:\/\/www.bbdw.at\/index.php?rest_route=%2Fwp%2Fv2%2Fcomments&post=1956"}],"version-history":[{"count":0,"href":"https:\/\/www.bbdw.at\/index.php?rest_route=\/wp\/v2\/pages\/1956\/revisions"}],"up":[{"embeddable":true,"href":"https:\/\/www.bbdw.at\/index.php?rest_route=\/wp\/v2\/pages\/141"}],"wp:attachment":[{"href":"https:\/\/www.bbdw.at\/index.php?rest_route=%2Fwp%2Fv2%2Fmedia&parent=1956"}],"curies":[{"name":"wp","href":"https:\/\/api.w.org\/{rel}","templated":true}]}}