{"id":2058,"date":"2015-12-16T17:07:27","date_gmt":"2015-12-16T16:07:27","guid":{"rendered":"http:\/\/www.thebigband.at\/?page_id=2058"},"modified":"2015-12-16T17:07:27","modified_gmt":"2015-12-16T16:07:27","slug":"x-mas-2015","status":"publish","type":"page","link":"https:\/\/www.bbdw.at\/?page_id=2058","title":{"rendered":"X-Mas 2015"},"content":{"rendered":"<p>Am Sonntag, den 6. Dezember wurden swingende Weihnachtsarrangements &#8211; mit ausgew\u00e4hlten Gustost\u00fccken abgerundet &#8211; von der Big Band dargeboten. Im voll gef\u00fcllten Konzertsaal der Musikschule Deutsch-Wagram wurde auch auf der B\u00fchne jeder Platz genutzt. Mit unseren neuen Mitmusikern waren wir mit unserem musikalischen Leiter Siegmar Brecher eine Macht von\u00a023! Die F\u00fclle und der Sound waren dementsprechend umwerfend. Wir w\u00fcnschen allen Fans frohe Weihnachten und freuen uns auf ein Wiedersehen im fetzigen 2016!<\/p>\n<div id='gallery-1' class='gallery galleryid-2058 gallery-columns-3 gallery-size-thumbnail'><figure class='gallery-item'>\n\t\t\t<div class='gallery-icon landscape'>\n\t\t\t\t<a href='https:\/\/www.bbdw.at\/?attachment_id=2054'><img loading=\"lazy\" decoding=\"async\" width=\"150\" height=\"150\" src=\"https:\/\/www.bbdw.at\/wp-content\/uploads\/2015\/12\/20151206_bigband_deutsch-wagram_x-mas_04-150x150.jpg\" class=\"attachment-thumbnail size-thumbnail\" alt=\"\" srcset=\"https:\/\/www.bbdw.at\/wp-content\/uploads\/2015\/12\/20151206_bigband_deutsch-wagram_x-mas_04-150x150.jpg 150w, https:\/\/www.bbdw.at\/wp-content\/uploads\/2015\/12\/20151206_bigband_deutsch-wagram_x-mas_04-100x100.jpg 100w\" sizes=\"auto, (max-width: 150px) 100vw, 150px\" \/><\/a>\n\t\t\t<\/div><\/figure><figure class='gallery-item'>\n\t\t\t<div class='gallery-icon landscape'>\n\t\t\t\t<a href='https:\/\/www.bbdw.at\/?attachment_id=2051'><img loading=\"lazy\" decoding=\"async\" width=\"150\" height=\"150\" src=\"https:\/\/www.bbdw.at\/wp-content\/uploads\/2015\/12\/20151206_bigband_deutsch-wagram_x-mas_01-150x150.jpg\" class=\"attachment-thumbnail size-thumbnail\" alt=\"\" srcset=\"https:\/\/www.bbdw.at\/wp-content\/uploads\/2015\/12\/20151206_bigband_deutsch-wagram_x-mas_01-150x150.jpg 150w, https:\/\/www.bbdw.at\/wp-content\/uploads\/2015\/12\/20151206_bigband_deutsch-wagram_x-mas_01-100x100.jpg 100w\" sizes=\"auto, (max-width: 150px) 100vw, 150px\" \/><\/a>\n\t\t\t<\/div><\/figure><figure class='gallery-item'>\n\t\t\t<div class='gallery-icon landscape'>\n\t\t\t\t<a href='https:\/\/www.bbdw.at\/?attachment_id=2053'><img loading=\"lazy\" decoding=\"async\" width=\"150\" height=\"150\" src=\"https:\/\/www.bbdw.at\/wp-content\/uploads\/2015\/12\/20151206_bigband_deutsch-wagram_x-mas_03-150x150.jpg\" class=\"attachment-thumbnail size-thumbnail\" alt=\"\" srcset=\"https:\/\/www.bbdw.at\/wp-content\/uploads\/2015\/12\/20151206_bigband_deutsch-wagram_x-mas_03-150x150.jpg 150w, https:\/\/www.bbdw.at\/wp-content\/uploads\/2015\/12\/20151206_bigband_deutsch-wagram_x-mas_03-100x100.jpg 100w\" sizes=\"auto, (max-width: 150px) 100vw, 150px\" \/><\/a>\n\t\t\t<\/div><\/figure><figure class='gallery-item'>\n\t\t\t<div class='gallery-icon landscape'>\n\t\t\t\t<a href='https:\/\/www.bbdw.at\/?attachment_id=2052'><img loading=\"lazy\" decoding=\"async\" width=\"150\" height=\"150\" src=\"https:\/\/www.bbdw.at\/wp-content\/uploads\/2015\/12\/20151206_bigband_deutsch-wagram_x-mas_02-150x150.jpg\" class=\"attachment-thumbnail size-thumbnail\" alt=\"\" srcset=\"https:\/\/www.bbdw.at\/wp-content\/uploads\/2015\/12\/20151206_bigband_deutsch-wagram_x-mas_02-150x150.jpg 150w, https:\/\/www.bbdw.at\/wp-content\/uploads\/2015\/12\/20151206_bigband_deutsch-wagram_x-mas_02-100x100.jpg 100w\" sizes=\"auto, (max-width: 150px) 100vw, 150px\" \/><\/a>\n\t\t\t<\/div><\/figure><figure class='gallery-item'>\n\t\t\t<div class='gallery-icon landscape'>\n\t\t\t\t<a href='https:\/\/www.bbdw.at\/?attachment_id=2056'><img loading=\"lazy\" decoding=\"async\" width=\"150\" height=\"150\" src=\"https:\/\/www.bbdw.at\/wp-content\/uploads\/2015\/12\/20151206_bigband_deutsch-wagram_x-mas_06-150x150.jpg\" class=\"attachment-thumbnail size-thumbnail\" alt=\"\" srcset=\"https:\/\/www.bbdw.at\/wp-content\/uploads\/2015\/12\/20151206_bigband_deutsch-wagram_x-mas_06-150x150.jpg 150w, https:\/\/www.bbdw.at\/wp-content\/uploads\/2015\/12\/20151206_bigband_deutsch-wagram_x-mas_06-100x100.jpg 100w\" sizes=\"auto, (max-width: 150px) 100vw, 150px\" \/><\/a>\n\t\t\t<\/div><\/figure><figure class='gallery-item'>\n\t\t\t<div class='gallery-icon landscape'>\n\t\t\t\t<a href='https:\/\/www.bbdw.at\/?attachment_id=2055'><img loading=\"lazy\" decoding=\"async\" width=\"150\" height=\"150\" src=\"https:\/\/www.bbdw.at\/wp-content\/uploads\/2015\/12\/20151206_bigband_deutsch-wagram_x-mas_05-150x150.jpg\" class=\"attachment-thumbnail size-thumbnail\" alt=\"\" srcset=\"https:\/\/www.bbdw.at\/wp-content\/uploads\/2015\/12\/20151206_bigband_deutsch-wagram_x-mas_05-150x150.jpg 150w, https:\/\/www.bbdw.at\/wp-content\/uploads\/2015\/12\/20151206_bigband_deutsch-wagram_x-mas_05-100x100.jpg 100w\" sizes=\"auto, (max-width: 150px) 100vw, 150px\" \/><\/a>\n\t\t\t<\/div><\/figure>\n\t\t<\/div>\n\n","protected":false},"excerpt":{"rendered":"<p>Am Sonntag, den 6. Dezember wurden swingende Weihnachtsarrangements &#8211; mit ausgew\u00e4hlten Gustost\u00fccken abgerundet &#8211; von der Big Band dargeboten. Im voll gef\u00fcllten Konzertsaal der Musikschule Deutsch-Wagram wurde auch auf der B\u00fchne jeder Platz genutzt. Mit unseren neuen Mitmusikern waren wir mit unserem musikalischen Leiter Siegmar Brecher eine Macht von\u00a023! Die F\u00fclle und der Sound waren &hellip; <a href=\"https:\/\/www.bbdw.at\/?page_id=2058\" class=\"more-link\"><span class=\"screen-reader-text\">X-Mas 2015<\/span> weiterlesen <span class=\"meta-nav\">&rarr;<\/span><\/a><\/p>\n","protected":false},"author":2,"featured_media":0,"parent":1901,"menu_order":6,"comment_status":"closed","ping_status":"closed","template":"","meta":{"footnotes":""},"class_list":["post-2058","page","type-page","status-publish","hentry"],"_links":{"self":[{"href":"https:\/\/www.bbdw.at\/index.php?rest_route=\/wp\/v2\/pages\/2058","targetHints":{"allow":["GET"]}}],"collection":[{"href":"https:\/\/www.bbdw.at\/index.php?rest_route=\/wp\/v2\/pages"}],"about":[{"href":"https:\/\/www.bbdw.at\/index.php?rest_route=\/wp\/v2\/types\/page"}],"author":[{"embeddable":true,"href":"https:\/\/www.bbdw.at\/index.php?rest_route=\/wp\/v2\/users\/2"}],"replies":[{"embeddable":true,"href":"https:\/\/www.bbdw.at\/index.php?rest_route=%2Fwp%2Fv2%2Fcomments&post=2058"}],"version-history":[{"count":0,"href":"https:\/\/www.bbdw.at\/index.php?rest_route=\/wp\/v2\/pages\/2058\/revisions"}],"up":[{"embeddable":true,"href":"https:\/\/www.bbdw.at\/index.php?rest_route=\/wp\/v2\/pages\/1901"}],"wp:attachment":[{"href":"https:\/\/www.bbdw.at\/index.php?rest_route=%2Fwp%2Fv2%2Fmedia&parent=2058"}],"curies":[{"name":"wp","href":"https:\/\/api.w.org\/{rel}","templated":true}]}}