{"id":2152,"date":"2016-06-07T15:37:59","date_gmt":"2016-06-07T13:37:59","guid":{"rendered":"http:\/\/www.thebigband.at\/?page_id=2152"},"modified":"2016-06-07T15:37:59","modified_gmt":"2016-06-07T13:37:59","slug":"musik-unter-sternen-2016","status":"publish","type":"page","link":"https:\/\/www.bbdw.at\/?page_id=2152","title":{"rendered":"Musik unter Sternen 2016"},"content":{"rendered":"<p style=\"text-align: left;\">Am 3. Juni 2016 fand im Garten der Musikschule Deutsch-Wagram wie in den beiden Vorjahren das gro\u00dfe Big Band Konzert statt. Die Band pr\u00e4sentierte tolle Arrangements ausgew\u00e4hlter Klassiker von <a href=\"https:\/\/youtu.be\/BsWhcRPpgzE\">Sammy Nestico <\/a>oder <a href=\"https:\/\/youtu.be\/GhvXEik5gt4\">Bill Holman, <\/a>sowie zeitgen\u00f6ssische Kompositionen vom Deutsch-Wagramer Klavier-Lehrer <a href=\"https:\/\/youtu.be\/W_mrqGcb2oE\">Michael Kahr<\/a> und unserer S\u00e4ngerin <a href=\"https:\/\/youtu.be\/QU74fefozEU\">\u00c1ngela Tr\u00f6ndle<\/a>.<br \/>\nBruno Gro\u00df und Mitglieder des Blasorchesters versorgten G\u00e4ste sowie Musiker Bestens mit Getr\u00e4nken und Gegrilltem. An dieser Stelle wie jedes Jahr herzlichen Dank an alle Mitwirkenden!<\/p>\n<p style=\"text-align: left;\">Hier einige <a href=\"https:\/\/www.youtube.com\/watch?v=FLJQVT1XSEA&amp;list=PLfuKvwNQkuo7xMWMbRZNonGb79YI7AbY2\">YouTube-Videos <\/a>dieses unvergesslichen Abends:<\/p>\n<p style=\"text-align: center;\"><strong>Moten Swing by Buster &amp; Benny Moten<\/strong><br \/>\n<em><iframe loading=\"lazy\" src=\"http:\/\/www.youtube.com\/embed\/FLJQVT1XSEA\" width=\"560\" height=\"315\" frameborder=\"0\" allowfullscreen=\"allowfullscreen\"><\/iframe><\/em><\/p>\n<p style=\"text-align: center;\"><strong>Hay Burner by Sammy Nestico<\/strong><br \/>\n<em><iframe loading=\"lazy\" src=\"http:\/\/www.youtube.com\/embed\/BsWhcRPpgzE\" width=\"560\" height=\"315\" frameborder=\"0\" allowfullscreen=\"allowfullscreen\"><\/iframe><\/em><\/p>\n<p style=\"text-align: center;\"><strong>Told You So by Bill Holman<\/strong><br \/>\n<em><iframe loading=\"lazy\" src=\"http:\/\/www.youtube.com\/embed\/GhvXEik5gt4\" width=\"560\" height=\"315\" frameborder=\"0\" allowfullscreen=\"allowfullscreen\"><\/iframe><\/em><\/p>\n<p style=\"text-align: center;\"><strong>Woody &#8218;N&#8216; Me by Alan Broadbent<\/strong><br \/>\n<em><iframe loading=\"lazy\" src=\"http:\/\/www.youtube.com\/embed\/T33Ame4mbQE\" width=\"560\" height=\"315\" frameborder=\"0\" allowfullscreen=\"allowfullscreen\"><\/iframe><\/em><\/p>\n<p style=\"text-align: center;\"><strong>Soul Bossa Nova by Quincy Jones<\/strong><br \/>\n<em><iframe loading=\"lazy\" src=\"http:\/\/www.youtube.com\/embed\/iolGhbLF4vY\" width=\"560\" height=\"315\" frameborder=\"0\" allowfullscreen=\"allowfullscreen\"><\/iframe><\/em><\/p>\n<p style=\"text-align: center;\"><strong>Rinnegger by Michael Kahr<\/strong><br \/>\n<em><iframe loading=\"lazy\" src=\"http:\/\/www.youtube.com\/embed\/W_mrqGcb2oE\" width=\"560\" height=\"315\" frameborder=\"0\" allowfullscreen=\"allowfullscreen\"><\/iframe><\/em><\/p>\n<p style=\"text-align: center;\"><strong>Conclusion in a flat by \u00c1ngela Tr\u00f6ndle<\/strong><br \/>\n<em><iframe loading=\"lazy\" src=\"http:\/\/www.youtube.com\/embed\/QU74fefozEU\" width=\"560\" height=\"315\" frameborder=\"0\" allowfullscreen=\"allowfullscreen\"><\/iframe><\/em><\/p>\n<p style=\"text-align: center;\"><strong>Boogie Down by Al Jarreau &amp; Michael Omartian<\/strong><br \/>\n<em><iframe loading=\"lazy\" src=\"http:\/\/www.youtube.com\/embed\/As3Q8Q3-CCE\" width=\"560\" height=\"315\" frameborder=\"0\" allowfullscreen=\"allowfullscreen\"><\/iframe><\/em><\/p>\n","protected":false},"excerpt":{"rendered":"<p>Am 3. Juni 2016 fand im Garten der Musikschule Deutsch-Wagram wie in den beiden Vorjahren das gro\u00dfe Big Band Konzert statt. Die Band pr\u00e4sentierte tolle Arrangements ausgew\u00e4hlter Klassiker von Sammy Nestico oder Bill Holman, sowie zeitgen\u00f6ssische Kompositionen vom Deutsch-Wagramer Klavier-Lehrer Michael Kahr und unserer S\u00e4ngerin \u00c1ngela Tr\u00f6ndle. Bruno Gro\u00df und Mitglieder des Blasorchesters versorgten G\u00e4ste &hellip; <a href=\"https:\/\/www.bbdw.at\/?page_id=2152\" class=\"more-link\"><span class=\"screen-reader-text\">Musik unter Sternen 2016<\/span> weiterlesen <span class=\"meta-nav\">&rarr;<\/span><\/a><\/p>\n","protected":false},"author":2,"featured_media":0,"parent":141,"menu_order":1,"comment_status":"closed","ping_status":"closed","template":"","meta":{"footnotes":""},"class_list":["post-2152","page","type-page","status-publish","hentry"],"_links":{"self":[{"href":"https:\/\/www.bbdw.at\/index.php?rest_route=\/wp\/v2\/pages\/2152","targetHints":{"allow":["GET"]}}],"collection":[{"href":"https:\/\/www.bbdw.at\/index.php?rest_route=\/wp\/v2\/pages"}],"about":[{"href":"https:\/\/www.bbdw.at\/index.php?rest_route=\/wp\/v2\/types\/page"}],"author":[{"embeddable":true,"href":"https:\/\/www.bbdw.at\/index.php?rest_route=\/wp\/v2\/users\/2"}],"replies":[{"embeddable":true,"href":"https:\/\/www.bbdw.at\/index.php?rest_route=%2Fwp%2Fv2%2Fcomments&post=2152"}],"version-history":[{"count":0,"href":"https:\/\/www.bbdw.at\/index.php?rest_route=\/wp\/v2\/pages\/2152\/revisions"}],"up":[{"embeddable":true,"href":"https:\/\/www.bbdw.at\/index.php?rest_route=\/wp\/v2\/pages\/141"}],"wp:attachment":[{"href":"https:\/\/www.bbdw.at\/index.php?rest_route=%2Fwp%2Fv2%2Fmedia&parent=2152"}],"curies":[{"name":"wp","href":"https:\/\/api.w.org\/{rel}","templated":true}]}}