{"id":264,"date":"2012-12-17T15:06:42","date_gmt":"2012-12-17T14:06:42","guid":{"rendered":"http:\/\/thebigband.pflaeging.net\/?page_id=264"},"modified":"2012-12-17T15:06:42","modified_gmt":"2012-12-17T14:06:42","slug":"ehrenringverleihung-jurgen-melzer","status":"publish","type":"page","link":"https:\/\/www.bbdw.at\/?page_id=264","title":{"rendered":"Ehrenringverleihung J\u00fcrgen Melzer"},"content":{"rendered":"<h1>Ehrenringverleihung J\u00fcrgen Melzer<\/h1>\n<p>Die Big Band umrahmte die Festsitzung zur Verleihung des Ehrenringes der Stadtgemeinde Deutsch-Wagram\u00a0f\u00fcr J\u00fcrgen Melzer. Das besondere Ereignis fand in der Tennishalle &#8211; k\u00fcnftig &#8222;J\u00fcrgen Melzer Halle&#8220; &#8211; am 15. September 2011 statt.<\/p>\n<figure id=\"attachment_310\" aria-describedby=\"caption-attachment-310\" style=\"width: 512px\" class=\"wp-caption aligncenter\"><img loading=\"lazy\" decoding=\"async\" class=\"wp-image-310 \" title=\"Ehrenringverleihung J\u00fcrgen Melzer\" alt=\"\" src=\"http:\/\/neu.bbdw.at\/wp-content\/uploads\/2012\/12\/ehrenringverleihung-j\u00fcrgen-melzer.jpg\" width=\"512\" height=\"282\" srcset=\"https:\/\/www.bbdw.at\/wp-content\/uploads\/2012\/12\/ehrenringverleihung-j\u00fcrgen-melzer.jpg 512w, https:\/\/www.bbdw.at\/wp-content\/uploads\/2012\/12\/ehrenringverleihung-j\u00fcrgen-melzer-300x165.jpg 300w\" sizes=\"auto, (max-width: 512px) 100vw, 512px\" \/><figcaption id=\"caption-attachment-310\" class=\"wp-caption-text\">J\u00fcrgen Melzer und die Big Band Deutsch Wagram<\/figcaption><\/figure>\n<p>&nbsp;<\/p>\n<p>&nbsp;<\/p>\n<p>&nbsp;<\/p>\n","protected":false},"excerpt":{"rendered":"<p>Ehrenringverleihung J\u00fcrgen Melzer Die Big Band umrahmte die Festsitzung zur Verleihung des Ehrenringes der Stadtgemeinde Deutsch-Wagram\u00a0f\u00fcr J\u00fcrgen Melzer. Das besondere Ereignis fand in der Tennishalle &#8211; k\u00fcnftig &#8222;J\u00fcrgen Melzer Halle&#8220; &#8211; am 15. September 2011 statt. &nbsp; &nbsp; &nbsp;<\/p>\n","protected":false},"author":2,"featured_media":0,"parent":199,"menu_order":10,"comment_status":"open","ping_status":"open","template":"showcase.php","meta":{"footnotes":""},"class_list":["post-264","page","type-page","status-publish","hentry"],"_links":{"self":[{"href":"https:\/\/www.bbdw.at\/index.php?rest_route=\/wp\/v2\/pages\/264","targetHints":{"allow":["GET"]}}],"collection":[{"href":"https:\/\/www.bbdw.at\/index.php?rest_route=\/wp\/v2\/pages"}],"about":[{"href":"https:\/\/www.bbdw.at\/index.php?rest_route=\/wp\/v2\/types\/page"}],"author":[{"embeddable":true,"href":"https:\/\/www.bbdw.at\/index.php?rest_route=\/wp\/v2\/users\/2"}],"replies":[{"embeddable":true,"href":"https:\/\/www.bbdw.at\/index.php?rest_route=%2Fwp%2Fv2%2Fcomments&post=264"}],"version-history":[{"count":0,"href":"https:\/\/www.bbdw.at\/index.php?rest_route=\/wp\/v2\/pages\/264\/revisions"}],"up":[{"embeddable":true,"href":"https:\/\/www.bbdw.at\/index.php?rest_route=\/wp\/v2\/pages\/199"}],"wp:attachment":[{"href":"https:\/\/www.bbdw.at\/index.php?rest_route=%2Fwp%2Fv2%2Fmedia&parent=264"}],"curies":[{"name":"wp","href":"https:\/\/api.w.org\/{rel}","templated":true}]}}