{"id":680,"date":"2012-12-18T14:49:46","date_gmt":"2012-12-18T13:49:46","guid":{"rendered":"http:\/\/thebigband.pflaeging.net\/?page_id=680"},"modified":"2012-12-18T14:49:46","modified_gmt":"2012-12-18T13:49:46","slug":"impressum","status":"publish","type":"page","link":"https:\/\/www.bbdw.at\/?page_id=680","title":{"rendered":"Impressum"},"content":{"rendered":"<div>\n<h1>disclaimer<\/h1>\n<\/div>\n<div>\n<p><em><strong>verantwortung und kontakt<br \/>\n<\/strong><\/em>f\u00fcr den inhalt von <a href=\"https:\/\/www.bbdw.at\/\">www.bbdw.at<\/a> verantwortlich:<br \/>\n<a title=\"Kontakt\" href=\"http:\/\/thebigband.pflaeging.net\/kontakt\/\">musikschule deutsch-wagram<\/a>,<br \/>\n<a href=\"mailto:office@craesh.at\">webmaster<\/a>: markus\u00a0jimi ivan &#8211; jimi@craesh.at<\/p>\n<p><strong><em>markennamen und eingetragene warenzeichen<br \/>\n<\/em><\/strong>sofern auf den seiten der domain <a href=\"https:\/\/www.bbdw.at\/\">https:\/\/www.bbdw.at\/<\/a> markennamen oder eingetragene warenzeichen genannt sind, so geschieht dies ausdr\u00fccklich nur zur verdeutlichung von sachverhalten. s\u00e4mtliche markennamen und\/oder eingetragene warenzeichen sind eigentum der jeweiligen marken- oder warenzeicheninhaber.\u00a0<\/p>\n<p><em><strong>hyperlinks<br \/>\n<\/strong><\/em>mit einem urteil vom 12. mai 1998 hat das landgericht hamburg entschieden, dass man durch die ausbringung eines links die inhalte der gelinkten seite ggf. mit zu verantworten hat. dies kann, so das gericht, nur dadurch verhindert werden, dass man sich ausdr\u00fccklich von diesen inhalten distanziert. wir haben auf unseren seiten links zu anderen seiten im internet. f\u00fcr alle diese links gilt: wir erkl\u00e4ren hiermit ausdr\u00fccklich, dass wir keinerlei einfluss auf die gestaltung und die inhalte der gelinkten seiten haben. deshalb distanzieren wir uns hiermit ausdr\u00fccklich von allen inhalten aller gelinkten seiten auf unserer homepage und machen uns diese inhalte nicht zu eigen. diese erkl\u00e4rung gilt f\u00fcr alle auf unserer homepage angezeigten links und f\u00fcr alle inhalte der seiten, zu denen die von uns angemeldeten banner und links f\u00fchren.<\/p>\n<p>bei den meisten verwendeten links zu externen homepages\/domains bleiben top- und foot-frame weiterhin im browser erhalten.<\/p>\n<p>der disclaimer bezieht sich selbstverst\u00e4ndlich nur auf inhalte von <a href=\"https:\/\/www.bbdw.at\/\">www.bbdw.at<\/a>.<\/p>\n<p><em><strong>facebook und co<br \/>\n<\/strong><\/em>auch wir weisen explizit darauf hin, dass bei bet\u00e4tigung von facebook &#8222;Gef\u00e4llt mir&#8220; benutzerdaten von facebook gesammelt und an dritte weitergegeben werden!<\/p>\n<\/div>\n","protected":false},"excerpt":{"rendered":"<p>disclaimer verantwortung und kontakt f\u00fcr den inhalt von www.bbdw.at verantwortlich: musikschule deutsch-wagram, webmaster: markus\u00a0jimi ivan &#8211; jimi@craesh.at markennamen und eingetragene warenzeichen sofern auf den seiten der domain https:\/\/www.bbdw.at\/ markennamen oder eingetragene warenzeichen genannt sind, so geschieht dies ausdr\u00fccklich nur zur verdeutlichung von sachverhalten. s\u00e4mtliche markennamen und\/oder eingetragene warenzeichen sind eigentum der jeweiligen marken- oder warenzeicheninhaber.\u00a0 &hellip; <a href=\"https:\/\/www.bbdw.at\/?page_id=680\" class=\"more-link\"><span class=\"screen-reader-text\">Impressum<\/span> weiterlesen <span class=\"meta-nav\">&rarr;<\/span><\/a><\/p>\n","protected":false},"author":2,"featured_media":0,"parent":117,"menu_order":99,"comment_status":"open","ping_status":"open","template":"showcase.php","meta":{"footnotes":""},"class_list":["post-680","page","type-page","status-publish","hentry"],"_links":{"self":[{"href":"https:\/\/www.bbdw.at\/index.php?rest_route=\/wp\/v2\/pages\/680","targetHints":{"allow":["GET"]}}],"collection":[{"href":"https:\/\/www.bbdw.at\/index.php?rest_route=\/wp\/v2\/pages"}],"about":[{"href":"https:\/\/www.bbdw.at\/index.php?rest_route=\/wp\/v2\/types\/page"}],"author":[{"embeddable":true,"href":"https:\/\/www.bbdw.at\/index.php?rest_route=\/wp\/v2\/users\/2"}],"replies":[{"embeddable":true,"href":"https:\/\/www.bbdw.at\/index.php?rest_route=%2Fwp%2Fv2%2Fcomments&post=680"}],"version-history":[{"count":0,"href":"https:\/\/www.bbdw.at\/index.php?rest_route=\/wp\/v2\/pages\/680\/revisions"}],"up":[{"embeddable":true,"href":"https:\/\/www.bbdw.at\/index.php?rest_route=\/wp\/v2\/pages\/117"}],"wp:attachment":[{"href":"https:\/\/www.bbdw.at\/index.php?rest_route=%2Fwp%2Fv2%2Fmedia&parent=680"}],"curies":[{"name":"wp","href":"https:\/\/api.w.org\/{rel}","templated":true}]}}