{"id":827,"date":"2012-12-19T14:33:07","date_gmt":"2012-12-19T13:33:07","guid":{"rendered":"http:\/\/thebigband.pflaeging.net\/?page_id=827"},"modified":"2012-12-19T14:33:07","modified_gmt":"2012-12-19T13:33:07","slug":"weihnachtskonzert-selitsch","status":"publish","type":"page","link":"https:\/\/www.bbdw.at\/?page_id=827","title":{"rendered":"Weihnachtskonzert Selitsch"},"content":{"rendered":"<p><strong>Weihnachtskonzert Selitsch in Wien 22 am 18. Dezember 2012<\/strong><\/p>\n<p>Unser letztes Konzert 2012 spielten wir bei einer privaten Weihnachtsfeier im Vorstadtbeisl Selitsch im 22.\u00a0Bezirk. In feierlicher, vorweihnachtlicher Stimmung, wurden neben der beliebtesten Big Band Nummern auch einige Weihnachts-Arrangements zum Besten gegeben. Das Publikum war begeistert und mochte uns gleich f\u00fcr eine Tournee im \u00f6stlichen Marchfeld f\u00fcr n\u00e4chstes Jahr verpflichten.<\/p>\n<div id='gallery-1' class='gallery galleryid-827 gallery-columns-5 gallery-size-thumbnail'><figure class='gallery-item'>\n\t\t\t<div class='gallery-icon landscape'>\n\t\t\t\t<a href='https:\/\/www.bbdw.at\/?attachment_id=892'><img loading=\"lazy\" decoding=\"async\" width=\"150\" height=\"150\" src=\"https:\/\/www.bbdw.at\/wp-content\/uploads\/2012\/12\/20121218_bb-selitsch_01-150x150.jpg\" class=\"attachment-thumbnail size-thumbnail\" alt=\"\" srcset=\"https:\/\/www.bbdw.at\/wp-content\/uploads\/2012\/12\/20121218_bb-selitsch_01-150x150.jpg 150w, https:\/\/www.bbdw.at\/wp-content\/uploads\/2012\/12\/20121218_bb-selitsch_01-100x100.jpg 100w\" sizes=\"auto, (max-width: 150px) 100vw, 150px\" \/><\/a>\n\t\t\t<\/div><\/figure><figure class='gallery-item'>\n\t\t\t<div class='gallery-icon landscape'>\n\t\t\t\t<a href='https:\/\/www.bbdw.at\/?attachment_id=895'><img loading=\"lazy\" decoding=\"async\" width=\"150\" height=\"150\" src=\"https:\/\/www.bbdw.at\/wp-content\/uploads\/2012\/12\/20121218_bb-selitsch_04-150x150.jpg\" class=\"attachment-thumbnail size-thumbnail\" alt=\"\" srcset=\"https:\/\/www.bbdw.at\/wp-content\/uploads\/2012\/12\/20121218_bb-selitsch_04-150x150.jpg 150w, https:\/\/www.bbdw.at\/wp-content\/uploads\/2012\/12\/20121218_bb-selitsch_04-100x100.jpg 100w\" sizes=\"auto, (max-width: 150px) 100vw, 150px\" \/><\/a>\n\t\t\t<\/div><\/figure><figure class='gallery-item'>\n\t\t\t<div class='gallery-icon landscape'>\n\t\t\t\t<a href='https:\/\/www.bbdw.at\/?attachment_id=893'><img loading=\"lazy\" decoding=\"async\" width=\"150\" height=\"150\" src=\"https:\/\/www.bbdw.at\/wp-content\/uploads\/2012\/12\/20121218_bb-selitsch_02-150x150.jpg\" class=\"attachment-thumbnail size-thumbnail\" alt=\"\" srcset=\"https:\/\/www.bbdw.at\/wp-content\/uploads\/2012\/12\/20121218_bb-selitsch_02-150x150.jpg 150w, https:\/\/www.bbdw.at\/wp-content\/uploads\/2012\/12\/20121218_bb-selitsch_02-100x100.jpg 100w\" sizes=\"auto, (max-width: 150px) 100vw, 150px\" \/><\/a>\n\t\t\t<\/div><\/figure><figure class='gallery-item'>\n\t\t\t<div class='gallery-icon portrait'>\n\t\t\t\t<a href='https:\/\/www.bbdw.at\/?attachment_id=894'><img loading=\"lazy\" decoding=\"async\" width=\"150\" height=\"150\" src=\"https:\/\/www.bbdw.at\/wp-content\/uploads\/2012\/12\/20121218_bb-selitsch_03-150x150.jpg\" class=\"attachment-thumbnail size-thumbnail\" alt=\"\" srcset=\"https:\/\/www.bbdw.at\/wp-content\/uploads\/2012\/12\/20121218_bb-selitsch_03-150x150.jpg 150w, https:\/\/www.bbdw.at\/wp-content\/uploads\/2012\/12\/20121218_bb-selitsch_03-100x100.jpg 100w\" sizes=\"auto, (max-width: 150px) 100vw, 150px\" \/><\/a>\n\t\t\t<\/div><\/figure><figure class='gallery-item'>\n\t\t\t<div class='gallery-icon portrait'>\n\t\t\t\t<a href='https:\/\/www.bbdw.at\/?attachment_id=896'><img loading=\"lazy\" decoding=\"async\" width=\"150\" height=\"150\" src=\"https:\/\/www.bbdw.at\/wp-content\/uploads\/2012\/12\/20121218_bb-selitsch_05-150x150.jpg\" class=\"attachment-thumbnail size-thumbnail\" alt=\"\" srcset=\"https:\/\/www.bbdw.at\/wp-content\/uploads\/2012\/12\/20121218_bb-selitsch_05-150x150.jpg 150w, https:\/\/www.bbdw.at\/wp-content\/uploads\/2012\/12\/20121218_bb-selitsch_05-100x100.jpg 100w\" sizes=\"auto, (max-width: 150px) 100vw, 150px\" \/><\/a>\n\t\t\t<\/div><\/figure>\n\t\t<\/div>\n\n","protected":false},"excerpt":{"rendered":"<p>Weihnachtskonzert Selitsch in Wien 22 am 18. Dezember 2012 Unser letztes Konzert 2012 spielten wir bei einer privaten Weihnachtsfeier im Vorstadtbeisl Selitsch im 22.\u00a0Bezirk. In feierlicher, vorweihnachtlicher Stimmung, wurden neben der beliebtesten Big Band Nummern auch einige Weihnachts-Arrangements zum Besten gegeben. Das Publikum war begeistert und mochte uns gleich f\u00fcr eine Tournee im \u00f6stlichen Marchfeld &hellip; <a href=\"https:\/\/www.bbdw.at\/?page_id=827\" class=\"more-link\"><span class=\"screen-reader-text\">Weihnachtskonzert Selitsch<\/span> weiterlesen <span class=\"meta-nav\">&rarr;<\/span><\/a><\/p>\n","protected":false},"author":2,"featured_media":0,"parent":207,"menu_order":6,"comment_status":"open","ping_status":"open","template":"showcase.php","meta":{"footnotes":""},"class_list":["post-827","page","type-page","status-publish","hentry"],"_links":{"self":[{"href":"https:\/\/www.bbdw.at\/index.php?rest_route=\/wp\/v2\/pages\/827","targetHints":{"allow":["GET"]}}],"collection":[{"href":"https:\/\/www.bbdw.at\/index.php?rest_route=\/wp\/v2\/pages"}],"about":[{"href":"https:\/\/www.bbdw.at\/index.php?rest_route=\/wp\/v2\/types\/page"}],"author":[{"embeddable":true,"href":"https:\/\/www.bbdw.at\/index.php?rest_route=\/wp\/v2\/users\/2"}],"replies":[{"embeddable":true,"href":"https:\/\/www.bbdw.at\/index.php?rest_route=%2Fwp%2Fv2%2Fcomments&post=827"}],"version-history":[{"count":0,"href":"https:\/\/www.bbdw.at\/index.php?rest_route=\/wp\/v2\/pages\/827\/revisions"}],"up":[{"embeddable":true,"href":"https:\/\/www.bbdw.at\/index.php?rest_route=\/wp\/v2\/pages\/207"}],"wp:attachment":[{"href":"https:\/\/www.bbdw.at\/index.php?rest_route=%2Fwp%2Fv2%2Fmedia&parent=827"}],"curies":[{"name":"wp","href":"https:\/\/api.w.org\/{rel}","templated":true}]}}