{"id":839,"date":"2012-12-19T14:59:49","date_gmt":"2012-12-19T13:59:49","guid":{"rendered":"http:\/\/thebigband.pflaeging.net\/?page_id=839"},"modified":"2012-12-19T14:59:49","modified_gmt":"2012-12-19T13:59:49","slug":"weihnachtskonzert-seinerzeit","status":"publish","type":"page","link":"https:\/\/www.bbdw.at\/?page_id=839","title":{"rendered":"Weihnachtskonzert BLO"},"content":{"rendered":"<h1>Weihnachtskonzert f\u00fcr das Blasorchester im Seinerzeit, Deutsch-Wagram<\/h1>\n<p>Am Samstag, den 15. Dezember spielte die Big Band ein Weihnachtskonzert f\u00fcr das <a title=\"Blasorchester der Musikschule Deutsch-Wagram\" href=\"http:\/\/www.blo.at\" target=\"_blank\">Blasorchester der Musikschule Deutsch-Wagram<\/a> beim \u00f6rtlichen Gasthaus &#8222;Seinerzeit&#8220;. Bei fast ausschlie\u00dflich weihnachtlichen Arrangements durften wir auch die Musikschullehrerin Krisztina Dobo beim Gesang begleiten, welche unter anderem\u00a0mit der\u00a0Nummer &#8222;All I want for Christmas is my two front teeth&#8220; f\u00fcr eine sehr gute Stimmung sorgen konnte.<\/p>\n<div id='gallery-1' class='gallery galleryid-839 gallery-columns-5 gallery-size-thumbnail'><figure class='gallery-item'>\n\t\t\t<div class='gallery-icon landscape'>\n\t\t\t\t<a href='https:\/\/www.bbdw.at\/?attachment_id=848'><img loading=\"lazy\" decoding=\"async\" width=\"150\" height=\"150\" src=\"https:\/\/www.bbdw.at\/wp-content\/uploads\/2012\/12\/20121215_bbdw_seinerzeit_01-150x150.jpg\" class=\"attachment-thumbnail size-thumbnail\" alt=\"\" srcset=\"https:\/\/www.bbdw.at\/wp-content\/uploads\/2012\/12\/20121215_bbdw_seinerzeit_01-150x150.jpg 150w, https:\/\/www.bbdw.at\/wp-content\/uploads\/2012\/12\/20121215_bbdw_seinerzeit_01-100x100.jpg 100w\" sizes=\"auto, (max-width: 150px) 100vw, 150px\" \/><\/a>\n\t\t\t<\/div><\/figure><figure class='gallery-item'>\n\t\t\t<div class='gallery-icon landscape'>\n\t\t\t\t<a href='https:\/\/www.bbdw.at\/?attachment_id=849'><img loading=\"lazy\" decoding=\"async\" width=\"150\" height=\"150\" src=\"https:\/\/www.bbdw.at\/wp-content\/uploads\/2012\/12\/20121215_bbdw_seinerzeit_02-150x150.jpg\" class=\"attachment-thumbnail size-thumbnail\" alt=\"\" srcset=\"https:\/\/www.bbdw.at\/wp-content\/uploads\/2012\/12\/20121215_bbdw_seinerzeit_02-150x150.jpg 150w, https:\/\/www.bbdw.at\/wp-content\/uploads\/2012\/12\/20121215_bbdw_seinerzeit_02-100x100.jpg 100w\" sizes=\"auto, (max-width: 150px) 100vw, 150px\" \/><\/a>\n\t\t\t<\/div><\/figure><figure class='gallery-item'>\n\t\t\t<div class='gallery-icon landscape'>\n\t\t\t\t<a href='https:\/\/www.bbdw.at\/?attachment_id=852'><img loading=\"lazy\" decoding=\"async\" width=\"150\" height=\"150\" src=\"https:\/\/www.bbdw.at\/wp-content\/uploads\/2012\/12\/20121215_bbdw_seinerzeit_05-150x150.jpg\" class=\"attachment-thumbnail size-thumbnail\" alt=\"\" srcset=\"https:\/\/www.bbdw.at\/wp-content\/uploads\/2012\/12\/20121215_bbdw_seinerzeit_05-150x150.jpg 150w, https:\/\/www.bbdw.at\/wp-content\/uploads\/2012\/12\/20121215_bbdw_seinerzeit_05-100x100.jpg 100w\" sizes=\"auto, (max-width: 150px) 100vw, 150px\" \/><\/a>\n\t\t\t<\/div><\/figure><figure class='gallery-item'>\n\t\t\t<div class='gallery-icon portrait'>\n\t\t\t\t<a href='https:\/\/www.bbdw.at\/?attachment_id=851'><img loading=\"lazy\" decoding=\"async\" width=\"150\" height=\"150\" src=\"https:\/\/www.bbdw.at\/wp-content\/uploads\/2012\/12\/20121215_bbdw_seinerzeit_04-150x150.jpg\" class=\"attachment-thumbnail size-thumbnail\" alt=\"\" srcset=\"https:\/\/www.bbdw.at\/wp-content\/uploads\/2012\/12\/20121215_bbdw_seinerzeit_04-150x150.jpg 150w, https:\/\/www.bbdw.at\/wp-content\/uploads\/2012\/12\/20121215_bbdw_seinerzeit_04-100x100.jpg 100w\" sizes=\"auto, (max-width: 150px) 100vw, 150px\" \/><\/a>\n\t\t\t<\/div><\/figure>\n\t\t<\/div>\n\n<p><a title=\"Weihnachtskonzert Selitsch\" href=\"http:\/\/www.thebigband.at\/galerie\/2012-2\/weihnachtskonzert-selitsch\/\">\u2192 n\u00e4chstes Konzert &#8211; Selitsch Wien<\/a><\/p>\n<p>&nbsp;<\/p>\n","protected":false},"excerpt":{"rendered":"<p>Weihnachtskonzert f\u00fcr das Blasorchester im Seinerzeit, Deutsch-Wagram Am Samstag, den 15. Dezember spielte die Big Band ein Weihnachtskonzert f\u00fcr das Blasorchester der Musikschule Deutsch-Wagram beim \u00f6rtlichen Gasthaus &#8222;Seinerzeit&#8220;. Bei fast ausschlie\u00dflich weihnachtlichen Arrangements durften wir auch die Musikschullehrerin Krisztina Dobo beim Gesang begleiten, welche unter anderem\u00a0mit der\u00a0Nummer &#8222;All I want for Christmas is my two &hellip; <a href=\"https:\/\/www.bbdw.at\/?page_id=839\" class=\"more-link\"><span class=\"screen-reader-text\">Weihnachtskonzert BLO<\/span> weiterlesen <span class=\"meta-nav\">&rarr;<\/span><\/a><\/p>\n","protected":false},"author":2,"featured_media":0,"parent":207,"menu_order":5,"comment_status":"open","ping_status":"open","template":"showcase.php","meta":{"footnotes":""},"class_list":["post-839","page","type-page","status-publish","hentry"],"_links":{"self":[{"href":"https:\/\/www.bbdw.at\/index.php?rest_route=\/wp\/v2\/pages\/839","targetHints":{"allow":["GET"]}}],"collection":[{"href":"https:\/\/www.bbdw.at\/index.php?rest_route=\/wp\/v2\/pages"}],"about":[{"href":"https:\/\/www.bbdw.at\/index.php?rest_route=\/wp\/v2\/types\/page"}],"author":[{"embeddable":true,"href":"https:\/\/www.bbdw.at\/index.php?rest_route=\/wp\/v2\/users\/2"}],"replies":[{"embeddable":true,"href":"https:\/\/www.bbdw.at\/index.php?rest_route=%2Fwp%2Fv2%2Fcomments&post=839"}],"version-history":[{"count":0,"href":"https:\/\/www.bbdw.at\/index.php?rest_route=\/wp\/v2\/pages\/839\/revisions"}],"up":[{"embeddable":true,"href":"https:\/\/www.bbdw.at\/index.php?rest_route=\/wp\/v2\/pages\/207"}],"wp:attachment":[{"href":"https:\/\/www.bbdw.at\/index.php?rest_route=%2Fwp%2Fv2%2Fmedia&parent=839"}],"curies":[{"name":"wp","href":"https:\/\/api.w.org\/{rel}","templated":true}]}}