{"id":979,"date":"2013-03-11T10:22:16","date_gmt":"2013-03-11T09:22:16","guid":{"rendered":"http:\/\/www.thebigband.at\/?page_id=979"},"modified":"2013-03-11T10:22:16","modified_gmt":"2013-03-11T09:22:16","slug":"big-band-camp-2013-modra","status":"publish","type":"page","link":"https:\/\/www.bbdw.at\/?page_id=979","title":{"rendered":"Big Band Camp 2013"},"content":{"rendered":"<p><strong>Big Band Camp Modra, Slowakei vom 08. bis 10. M\u00e4rz 2013<br \/>\n<\/strong><\/p>\n<p>Auch 2013 zog sich die Big Band unter der Leitung unseres\u00a0\u00fcberaus gesch\u00e4tzten &#8222;Kapit\u00e4ns&#8220; Tscharlie Rosenmayer\u00a0ein Wochenende lang zur\u00fcck, um intensiv zu proben und eine nette gemeinsame Zeit zu verbringen. Diesmal ging es nach Modra in die Slowakei, ca. 30 km nord\u00f6stlich von Bratislava.\u00a0 Es war insgesamt wieder ein sehr produktives, harmonisches und lustiges Wochenende &#8211; trotz einiger kleinerer Sprachbarrieren mit den Hotelmitarbeitern auch perfekt organisert. Besonderer Dank geht hierbei an Monika, Gudrun und Michael f\u00fcr Ihren gro\u00dfen Einsatz.<br \/>\nDer musikalische Schwerpunkt lag diesmal &#8211; zum besonderen Genuss aller &#8211; auf einigen neuen Gesangsst\u00fccken f\u00fcr unsere S\u00e4ngerin Belinda. Auch die Einf\u00fchrung einer Registerprobe, getrennt in Bl\u00e4ser- und Rhythmusgruppe, hat sich sehr bew\u00e4hrt. Neben &#8222;klassischen&#8220; Big Band Nummern wurden auch moderne, schwungvolle Arrangements\u00a0\u00edn unser Repertoire aufgenommen.<\/p>\n<div id='gallery-1' class='gallery galleryid-979 gallery-columns-3 gallery-size-thumbnail'><figure class='gallery-item'>\n\t\t\t<div class='gallery-icon landscape'>\n\t\t\t\t<a href='https:\/\/www.bbdw.at\/?attachment_id=967'><img loading=\"lazy\" decoding=\"async\" width=\"150\" height=\"150\" src=\"https:\/\/www.bbdw.at\/wp-content\/uploads\/2013\/03\/BBDW-2013-03-Seminar-164-150x150.jpg\" class=\"attachment-thumbnail size-thumbnail\" alt=\"\" srcset=\"https:\/\/www.bbdw.at\/wp-content\/uploads\/2013\/03\/BBDW-2013-03-Seminar-164-150x150.jpg 150w, https:\/\/www.bbdw.at\/wp-content\/uploads\/2013\/03\/BBDW-2013-03-Seminar-164-100x100.jpg 100w\" sizes=\"auto, (max-width: 150px) 100vw, 150px\" \/><\/a>\n\t\t\t<\/div><\/figure><figure class='gallery-item'>\n\t\t\t<div class='gallery-icon landscape'>\n\t\t\t\t<a href='https:\/\/www.bbdw.at\/?attachment_id=1012'><img loading=\"lazy\" decoding=\"async\" width=\"150\" height=\"150\" src=\"https:\/\/www.bbdw.at\/wp-content\/uploads\/2013\/03\/BBDW-2013-03-Seminar-117-150x150.jpg\" class=\"attachment-thumbnail size-thumbnail\" alt=\"\" srcset=\"https:\/\/www.bbdw.at\/wp-content\/uploads\/2013\/03\/BBDW-2013-03-Seminar-117-150x150.jpg 150w, https:\/\/www.bbdw.at\/wp-content\/uploads\/2013\/03\/BBDW-2013-03-Seminar-117-100x100.jpg 100w\" sizes=\"auto, (max-width: 150px) 100vw, 150px\" \/><\/a>\n\t\t\t<\/div><\/figure><figure class='gallery-item'>\n\t\t\t<div class='gallery-icon landscape'>\n\t\t\t\t<a href='https:\/\/www.bbdw.at\/?attachment_id=1013'><img loading=\"lazy\" decoding=\"async\" width=\"150\" height=\"150\" src=\"https:\/\/www.bbdw.at\/wp-content\/uploads\/2013\/03\/BBDW-2013-03-Seminar-167-150x150.jpg\" class=\"attachment-thumbnail size-thumbnail\" alt=\"\" srcset=\"https:\/\/www.bbdw.at\/wp-content\/uploads\/2013\/03\/BBDW-2013-03-Seminar-167-150x150.jpg 150w, https:\/\/www.bbdw.at\/wp-content\/uploads\/2013\/03\/BBDW-2013-03-Seminar-167-100x100.jpg 100w\" sizes=\"auto, (max-width: 150px) 100vw, 150px\" \/><\/a>\n\t\t\t<\/div><\/figure><figure class='gallery-item'>\n\t\t\t<div class='gallery-icon portrait'>\n\t\t\t\t<a href='https:\/\/www.bbdw.at\/?attachment_id=1014'><img loading=\"lazy\" decoding=\"async\" width=\"150\" height=\"150\" src=\"https:\/\/www.bbdw.at\/wp-content\/uploads\/2013\/03\/BBDW-2013-03-Seminar-170-150x150.jpg\" class=\"attachment-thumbnail size-thumbnail\" alt=\"\" srcset=\"https:\/\/www.bbdw.at\/wp-content\/uploads\/2013\/03\/BBDW-2013-03-Seminar-170-150x150.jpg 150w, https:\/\/www.bbdw.at\/wp-content\/uploads\/2013\/03\/BBDW-2013-03-Seminar-170-100x100.jpg 100w\" sizes=\"auto, (max-width: 150px) 100vw, 150px\" \/><\/a>\n\t\t\t<\/div><\/figure><figure class='gallery-item'>\n\t\t\t<div class='gallery-icon portrait'>\n\t\t\t\t<a href='https:\/\/www.bbdw.at\/?attachment_id=1015'><img loading=\"lazy\" decoding=\"async\" width=\"150\" height=\"150\" src=\"https:\/\/www.bbdw.at\/wp-content\/uploads\/2013\/03\/BBDW-2013-03-Seminar-183-150x150.jpg\" class=\"attachment-thumbnail size-thumbnail\" alt=\"\" srcset=\"https:\/\/www.bbdw.at\/wp-content\/uploads\/2013\/03\/BBDW-2013-03-Seminar-183-150x150.jpg 150w, https:\/\/www.bbdw.at\/wp-content\/uploads\/2013\/03\/BBDW-2013-03-Seminar-183-100x100.jpg 100w\" sizes=\"auto, (max-width: 150px) 100vw, 150px\" \/><\/a>\n\t\t\t<\/div><\/figure><figure class='gallery-item'>\n\t\t\t<div class='gallery-icon landscape'>\n\t\t\t\t<a href='https:\/\/www.bbdw.at\/?attachment_id=1008'><img loading=\"lazy\" decoding=\"async\" width=\"150\" height=\"150\" src=\"https:\/\/www.bbdw.at\/wp-content\/uploads\/2013\/03\/BBDW-2013-03-Seminar-12-150x150.jpg\" class=\"attachment-thumbnail size-thumbnail\" alt=\"\" srcset=\"https:\/\/www.bbdw.at\/wp-content\/uploads\/2013\/03\/BBDW-2013-03-Seminar-12-150x150.jpg 150w, https:\/\/www.bbdw.at\/wp-content\/uploads\/2013\/03\/BBDW-2013-03-Seminar-12-100x100.jpg 100w\" sizes=\"auto, (max-width: 150px) 100vw, 150px\" \/><\/a>\n\t\t\t<\/div><\/figure><figure class='gallery-item'>\n\t\t\t<div class='gallery-icon landscape'>\n\t\t\t\t<a href='https:\/\/www.bbdw.at\/?attachment_id=1006'><img loading=\"lazy\" decoding=\"async\" width=\"150\" height=\"150\" src=\"https:\/\/www.bbdw.at\/wp-content\/uploads\/2013\/03\/BBDW-2013-03-Seminar-2-150x150.jpg\" class=\"attachment-thumbnail size-thumbnail\" alt=\"\" srcset=\"https:\/\/www.bbdw.at\/wp-content\/uploads\/2013\/03\/BBDW-2013-03-Seminar-2-150x150.jpg 150w, https:\/\/www.bbdw.at\/wp-content\/uploads\/2013\/03\/BBDW-2013-03-Seminar-2-100x100.jpg 100w\" sizes=\"auto, (max-width: 150px) 100vw, 150px\" \/><\/a>\n\t\t\t<\/div><\/figure><figure class='gallery-item'>\n\t\t\t<div class='gallery-icon landscape'>\n\t\t\t\t<a href='https:\/\/www.bbdw.at\/?attachment_id=1007'><img loading=\"lazy\" decoding=\"async\" width=\"150\" height=\"150\" src=\"https:\/\/www.bbdw.at\/wp-content\/uploads\/2013\/03\/BBDW-2013-03-Seminar-4-150x150.jpg\" class=\"attachment-thumbnail size-thumbnail\" alt=\"\" srcset=\"https:\/\/www.bbdw.at\/wp-content\/uploads\/2013\/03\/BBDW-2013-03-Seminar-4-150x150.jpg 150w, https:\/\/www.bbdw.at\/wp-content\/uploads\/2013\/03\/BBDW-2013-03-Seminar-4-100x100.jpg 100w\" sizes=\"auto, (max-width: 150px) 100vw, 150px\" \/><\/a>\n\t\t\t<\/div><\/figure><figure class='gallery-item'>\n\t\t\t<div class='gallery-icon landscape'>\n\t\t\t\t<a href='https:\/\/www.bbdw.at\/?attachment_id=1011'><img loading=\"lazy\" decoding=\"async\" width=\"150\" height=\"150\" src=\"https:\/\/www.bbdw.at\/wp-content\/uploads\/2013\/03\/BBDW-2013-03-Seminar-86-150x150.jpg\" class=\"attachment-thumbnail size-thumbnail\" alt=\"\" srcset=\"https:\/\/www.bbdw.at\/wp-content\/uploads\/2013\/03\/BBDW-2013-03-Seminar-86-150x150.jpg 150w, https:\/\/www.bbdw.at\/wp-content\/uploads\/2013\/03\/BBDW-2013-03-Seminar-86-100x100.jpg 100w\" sizes=\"auto, (max-width: 150px) 100vw, 150px\" \/><\/a>\n\t\t\t<\/div><\/figure><figure class='gallery-item'>\n\t\t\t<div class='gallery-icon landscape'>\n\t\t\t\t<a href='https:\/\/www.bbdw.at\/?attachment_id=1010'><img loading=\"lazy\" decoding=\"async\" width=\"150\" height=\"150\" src=\"https:\/\/www.bbdw.at\/wp-content\/uploads\/2013\/03\/BBDW-2013-03-Seminar-73-150x150.jpg\" class=\"attachment-thumbnail size-thumbnail\" alt=\"\" srcset=\"https:\/\/www.bbdw.at\/wp-content\/uploads\/2013\/03\/BBDW-2013-03-Seminar-73-150x150.jpg 150w, https:\/\/www.bbdw.at\/wp-content\/uploads\/2013\/03\/BBDW-2013-03-Seminar-73-100x100.jpg 100w\" sizes=\"auto, (max-width: 150px) 100vw, 150px\" \/><\/a>\n\t\t\t<\/div><\/figure><figure class='gallery-item'>\n\t\t\t<div class='gallery-icon landscape'>\n\t\t\t\t<a href='https:\/\/www.bbdw.at\/?attachment_id=1009'><img loading=\"lazy\" decoding=\"async\" width=\"150\" height=\"150\" src=\"https:\/\/www.bbdw.at\/wp-content\/uploads\/2013\/03\/BBDW-2013-03-Seminar-30-150x150.jpg\" class=\"attachment-thumbnail size-thumbnail\" alt=\"\" srcset=\"https:\/\/www.bbdw.at\/wp-content\/uploads\/2013\/03\/BBDW-2013-03-Seminar-30-150x150.jpg 150w, https:\/\/www.bbdw.at\/wp-content\/uploads\/2013\/03\/BBDW-2013-03-Seminar-30-100x100.jpg 100w\" sizes=\"auto, (max-width: 150px) 100vw, 150px\" \/><\/a>\n\t\t\t<\/div><\/figure><figure class='gallery-item'>\n\t\t\t<div class='gallery-icon landscape'>\n\t\t\t\t<a href='https:\/\/www.bbdw.at\/?attachment_id=973'><img loading=\"lazy\" decoding=\"async\" width=\"150\" height=\"150\" src=\"https:\/\/www.bbdw.at\/wp-content\/uploads\/2013\/03\/BBDW-2013-03-Seminar-91-150x150.jpg\" class=\"attachment-thumbnail size-thumbnail\" alt=\"\" srcset=\"https:\/\/www.bbdw.at\/wp-content\/uploads\/2013\/03\/BBDW-2013-03-Seminar-91-150x150.jpg 150w, https:\/\/www.bbdw.at\/wp-content\/uploads\/2013\/03\/BBDW-2013-03-Seminar-91-100x100.jpg 100w\" sizes=\"auto, (max-width: 150px) 100vw, 150px\" \/><\/a>\n\t\t\t<\/div><\/figure>\n\t\t<\/div>\n\n<p>Fotos von Peter Pfl\u00e4ging, Cornelia Friedl &amp; Markus Jimi Ivan<\/p>\n","protected":false},"excerpt":{"rendered":"<p>Big Band Camp Modra, Slowakei vom 08. bis 10. M\u00e4rz 2013 Auch 2013 zog sich die Big Band unter der Leitung unseres\u00a0\u00fcberaus gesch\u00e4tzten &#8222;Kapit\u00e4ns&#8220; Tscharlie Rosenmayer\u00a0ein Wochenende lang zur\u00fcck, um intensiv zu proben und eine nette gemeinsame Zeit zu verbringen. Diesmal ging es nach Modra in die Slowakei, ca. 30 km nord\u00f6stlich von Bratislava.\u00a0 Es &hellip; <a href=\"https:\/\/www.bbdw.at\/?page_id=979\" class=\"more-link\"><span class=\"screen-reader-text\">Big Band Camp 2013<\/span> weiterlesen <span class=\"meta-nav\">&rarr;<\/span><\/a><\/p>\n","protected":false},"author":2,"featured_media":0,"parent":975,"menu_order":0,"comment_status":"open","ping_status":"open","template":"showcase.php","meta":{"footnotes":""},"class_list":["post-979","page","type-page","status-publish","hentry"],"_links":{"self":[{"href":"https:\/\/www.bbdw.at\/index.php?rest_route=\/wp\/v2\/pages\/979","targetHints":{"allow":["GET"]}}],"collection":[{"href":"https:\/\/www.bbdw.at\/index.php?rest_route=\/wp\/v2\/pages"}],"about":[{"href":"https:\/\/www.bbdw.at\/index.php?rest_route=\/wp\/v2\/types\/page"}],"author":[{"embeddable":true,"href":"https:\/\/www.bbdw.at\/index.php?rest_route=\/wp\/v2\/users\/2"}],"replies":[{"embeddable":true,"href":"https:\/\/www.bbdw.at\/index.php?rest_route=%2Fwp%2Fv2%2Fcomments&post=979"}],"version-history":[{"count":0,"href":"https:\/\/www.bbdw.at\/index.php?rest_route=\/wp\/v2\/pages\/979\/revisions"}],"up":[{"embeddable":true,"href":"https:\/\/www.bbdw.at\/index.php?rest_route=\/wp\/v2\/pages\/975"}],"wp:attachment":[{"href":"https:\/\/www.bbdw.at\/index.php?rest_route=%2Fwp%2Fv2%2Fmedia&parent=979"}],"curies":[{"name":"wp","href":"https:\/\/api.w.org\/{rel}","templated":true}]}}